{"id":40867,"date":"2022-03-30T16:19:02","date_gmt":"2022-03-30T14:19:02","guid":{"rendered":"https:\/\/stage.nordtec.se\/produkt\/uncategorized\/testo-510-pocket-sized-differential-pressure-meter\/"},"modified":"2025-05-06T14:31:36","modified_gmt":"2025-05-06T12:31:36","slug":"testo-510-pocket-sized-differential-pressure-meter","status":"publish","type":"product","link":"https:\/\/stage.nordtec.se\/en\/product\/measuring-instruments\/pressure-gauges\/differential-pressure-gauges\/testo-510-pocket-sized-differential-pressure-meter\/","title":{"rendered":"testo 510 &#8211; pocket-sized differential pressure meter"},"content":{"rendered":"<h2>Differential pressure meter testo 510<\/h2>\n<p>With the testo 510 differential pressure measuring instrument, technicians in various industries are well equipped to carry out their work: the instrument measures differential pressures from 0 to 100 hPa and can help you, for example, to determine the pressure of the air. check filters on ventilation systems or measure static gas and gas flow pressure on heating systems, for example.<\/p>\n<p>The following units can be selected on the testo 510 differential pressure measuring instrument:<\/p>\n<ul>\n<li>Pa<\/li>\n<li>hPa<\/li>\n<li>mbar<\/li>\n<li>mmH2O<\/li>\n<li>mmHg<\/li>\n<li>inH2O<\/li>\n<li>inHg<\/li>\n<li>psi<\/li>\n<li>m\/s<\/li>\n<li>fpm<\/li>\n<\/ul>\n<p>In addition, you can measure the flow in ventilation ducts with an optional Pitot tube &#8211; from 10 to 100 m\/s.<\/p>\n<h2>Advantages of the testo 510 differential pressure measuring instrument<\/h2>\n<ul>\n<li><strong>Accurate:<\/strong> differential pressure measurement has compensation for temperature and air density for accurate readings.<\/li>\n<li><strong>Uncomplicated:<\/strong> small, practical and easy to use with just three buttons.<\/li>\n<li><strong>Smart:<\/strong> you can work hands-free thanks to magnets on the back of the instrument. When visibility is poor, such as in dark environments, the illuminated display makes it easier for you to work.<\/li>\n<li><strong>Reliable:<\/strong> a belt holster and a plug-on protective cover allow the differential pressure gauge to be safely stored and it is also secured during measurement thanks to a wrist strap.<\/li>\n<li><strong>Ready to use:<\/strong> silicone hose included in the testo 510 kit. So you can start your measurements right away.<\/li>\n<\/ul>\n<h2>Included in delivery<\/h2>\n<p>The testo 510 differential pressure meter, including silicone hose, protective cover, factory protocol, belt holster and batteries.<\/p>\n<p><span class=\"ui-provider ed ayd aye ayf ayg ayh ayi ayj ayk ayl aym ayn ayo ayp ayq ayr ays ayt ayu ayv ayw ayx ayy ayz aza azb azc azd aze azf azg azh azi azj azk\" dir=\"ltr\"><strong>Fabriksprotokoll:<\/strong>\u00a0utf\u00e4rdas p\u00e5 fabriken efter en kontroll av att produkten fungerar och uppfyller angiven m\u00e4tnoggrannhet. L\u00e4s om <a href=\"https:\/\/stage.nordtec.se\/kalibrering\/iso-9001-kraver-kalibrerad-matutrustning\/\"><u>skillnaden mellan fabriksprotokoll och ackrediterad kalibrering<\/u><\/a>.<\/span><\/p>\n<p>&nbsp;<\/p>\n","protected":false},"excerpt":{"rendered":"<p style=\"text-align: left;\">Compact differential pressure gauge 100 hPa with air speed calculation<\/p>\n<ul>\n<li style=\"text-align: left;\">Possibility to display values in Pascal over the whole measurement range<\/li>\n<li style=\"text-align: left;\">Compensation for air density and temperature<\/li>\n<li style=\"text-align: left;\">Air speed measurement with prandtl tubes<\/li>\n<\/ul>\n","protected":false},"featured_media":38597,"template":"","meta":{"_kad_blocks_custom_css":"","_kad_blocks_head_custom_js":"","_kad_blocks_body_custom_js":"","_kad_blocks_footer_custom_js":"","footnotes":""},"product_brand":[1435],"product_cat":[787,847,782,781,768,797],"product_tag":[],"class_list":{"0":"post-40867","1":"product","2":"type-product","3":"status-publish","4":"has-post-thumbnail","6":"product_brand-testo","7":"product_cat-building-technology","8":"product_cat-differential-pressure-gauges","9":"product_cat-hvac-property","10":"product_cat-industry","11":"product_cat-measuring-instruments","12":"product_cat-pressure-gauges","14":"first","15":"instock","16":"taxable","17":"shipping-taxable","18":"purchasable","19":"product-type-simple"},"yoast_head":"<!-- This site is optimized with the Yoast SEO Premium plugin v27.3 (Yoast SEO v27.5) - https:\/\/yoast.com\/product\/yoast-seo-premium-wordpress\/ -->\n<title>testo 510 - pocket-sized differential pressure meter | Nordtec<\/title>\n<meta name=\"description\" content=\"testo 510 \u1405 Compact differential pressure meter 100 hPa with air velocity calculation \u2713 Values in Pascal throughout the measurement range \u2713 Compensation for air density\/temperature\" \/>\n<meta name=\"robots\" content=\"noindex, follow, max-snippet:-1, max-image-preview:large, max-video-preview:-1\" \/>\n<meta property=\"og:locale\" content=\"en_US\" \/>\n<meta property=\"og:type\" content=\"article\" \/>\n<meta property=\"og:title\" content=\"testo 510 - pocket-sized differential pressure meter\" \/>\n<meta property=\"og:description\" content=\"testo 510 \u1405 Compact differential pressure meter 100 hPa with air velocity calculation \u2713 Values in Pascal throughout the measurement range \u2713 Compensation for air density\/temperature\" \/>\n<meta property=\"og:url\" content=\"https:\/\/stage.nordtec.se\/en\/product\/measuring-instruments\/pressure-gauges\/differential-pressure-gauges\/testo-510-pocket-sized-differential-pressure-meter\/\" \/>\n<meta property=\"og:site_name\" content=\"Nordtec\" \/>\n<meta property=\"article:publisher\" content=\"https:\/\/www.facebook.com\/nordtecinstrument\" \/>\n<meta property=\"article:modified_time\" content=\"2025-05-06T12:31:36+00:00\" \/>\n<meta property=\"og:image\" content=\"https:\/\/stage.nordtec.se\/wp-content\/uploads\/2022\/03\/510_PL_FS_F_d_01_800px.png\" \/>\n\t<meta property=\"og:image:width\" content=\"800\" \/>\n\t<meta property=\"og:image:height\" content=\"800\" \/>\n\t<meta property=\"og:image:type\" content=\"image\/png\" \/>\n<meta name=\"twitter:card\" content=\"summary_large_image\" \/>\n<meta name=\"twitter:label1\" content=\"Est. reading time\" \/>\n\t<meta name=\"twitter:data1\" content=\"2 minutes\" \/>\n<script type=\"application\/ld+json\" class=\"yoast-schema-graph\">{\"@context\":\"https:\\\/\\\/schema.org\",\"@graph\":[{\"@type\":[\"WebPage\",\"ItemPage\"],\"@id\":\"https:\\\/\\\/stage.nordtec.se\\\/en\\\/product\\\/measuring-instruments\\\/pressure-gauges\\\/differential-pressure-gauges\\\/testo-510-pocket-sized-differential-pressure-meter\\\/\",\"url\":\"https:\\\/\\\/stage.nordtec.se\\\/en\\\/product\\\/measuring-instruments\\\/pressure-gauges\\\/differential-pressure-gauges\\\/testo-510-pocket-sized-differential-pressure-meter\\\/\",\"name\":\"testo 510 - pocket-sized differential pressure meter | Nordtec\",\"isPartOf\":{\"@id\":\"https:\\\/\\\/stage.nordtec.se\\\/en\\\/#website\"},\"primaryImageOfPage\":{\"@id\":\"https:\\\/\\\/stage.nordtec.se\\\/en\\\/product\\\/measuring-instruments\\\/pressure-gauges\\\/differential-pressure-gauges\\\/testo-510-pocket-sized-differential-pressure-meter\\\/#primaryimage\"},\"image\":{\"@id\":\"https:\\\/\\\/stage.nordtec.se\\\/en\\\/product\\\/measuring-instruments\\\/pressure-gauges\\\/differential-pressure-gauges\\\/testo-510-pocket-sized-differential-pressure-meter\\\/#primaryimage\"},\"thumbnailUrl\":\"https:\\\/\\\/stage.nordtec.se\\\/wp-content\\\/uploads\\\/2022\\\/03\\\/510_PL_FS_F_d_01_800px.png\",\"datePublished\":\"2022-03-30T14:19:02+00:00\",\"dateModified\":\"2025-05-06T12:31:36+00:00\",\"description\":\"testo 510 \u1405 Compact differential pressure meter 100 hPa with air velocity calculation \u2713 Values in Pascal throughout the measurement range \u2713 Compensation for air density\\\/temperature\",\"breadcrumb\":{\"@id\":\"https:\\\/\\\/stage.nordtec.se\\\/en\\\/product\\\/measuring-instruments\\\/pressure-gauges\\\/differential-pressure-gauges\\\/testo-510-pocket-sized-differential-pressure-meter\\\/#breadcrumb\"},\"inLanguage\":\"en-US\",\"potentialAction\":[{\"@type\":\"ReadAction\",\"target\":[\"https:\\\/\\\/stage.nordtec.se\\\/en\\\/product\\\/measuring-instruments\\\/pressure-gauges\\\/differential-pressure-gauges\\\/testo-510-pocket-sized-differential-pressure-meter\\\/\"]}]},{\"@type\":\"ImageObject\",\"inLanguage\":\"en-US\",\"@id\":\"https:\\\/\\\/stage.nordtec.se\\\/en\\\/product\\\/measuring-instruments\\\/pressure-gauges\\\/differential-pressure-gauges\\\/testo-510-pocket-sized-differential-pressure-meter\\\/#primaryimage\",\"url\":\"https:\\\/\\\/stage.nordtec.se\\\/wp-content\\\/uploads\\\/2022\\\/03\\\/510_PL_FS_F_d_01_800px.png\",\"contentUrl\":\"https:\\\/\\\/stage.nordtec.se\\\/wp-content\\\/uploads\\\/2022\\\/03\\\/510_PL_FS_F_d_01_800px.png\",\"width\":800,\"height\":800,\"caption\":\"Differential pressure gauge testo 510 front\"},{\"@type\":\"BreadcrumbList\",\"@id\":\"https:\\\/\\\/stage.nordtec.se\\\/en\\\/product\\\/measuring-instruments\\\/pressure-gauges\\\/differential-pressure-gauges\\\/testo-510-pocket-sized-differential-pressure-meter\\\/#breadcrumb\",\"itemListElement\":[{\"@type\":\"ListItem\",\"position\":1,\"name\":\"Hem\",\"item\":\"https:\\\/\\\/stage.nordtec.se\\\/en\\\/\"},{\"@type\":\"ListItem\",\"position\":2,\"name\":\"Shop\",\"item\":\"https:\\\/\\\/stage.nordtec.se\\\/shop\\\/?lang=en\"},{\"@type\":\"ListItem\",\"position\":3,\"name\":\"testo 510 &#8211; pocket-sized differential pressure meter\"}]},{\"@type\":\"WebSite\",\"@id\":\"https:\\\/\\\/stage.nordtec.se\\\/en\\\/#website\",\"url\":\"https:\\\/\\\/stage.nordtec.se\\\/en\\\/\",\"name\":\"Nordtec\",\"description\":\"Din partner inom m\u00e4tteknik\",\"publisher\":{\"@id\":\"https:\\\/\\\/stage.nordtec.se\\\/en\\\/#organization\"},\"potentialAction\":[{\"@type\":\"SearchAction\",\"target\":{\"@type\":\"EntryPoint\",\"urlTemplate\":\"https:\\\/\\\/stage.nordtec.se\\\/en\\\/?s={search_term_string}\"},\"query-input\":{\"@type\":\"PropertyValueSpecification\",\"valueRequired\":true,\"valueName\":\"search_term_string\"}}],\"inLanguage\":\"en-US\"},{\"@type\":\"Organization\",\"@id\":\"https:\\\/\\\/stage.nordtec.se\\\/en\\\/#organization\",\"name\":\"Nordtec Instrument AB\",\"url\":\"https:\\\/\\\/stage.nordtec.se\\\/en\\\/\",\"logo\":{\"@type\":\"ImageObject\",\"inLanguage\":\"en-US\",\"@id\":\"https:\\\/\\\/stage.nordtec.se\\\/en\\\/#\\\/schema\\\/logo\\\/image\\\/\",\"url\":\"https:\\\/\\\/stage.nordtec.se\\\/wp-content\\\/uploads\\\/2021\\\/08\\\/nordtec_logo_rgb-340px.png\",\"contentUrl\":\"https:\\\/\\\/stage.nordtec.se\\\/wp-content\\\/uploads\\\/2021\\\/08\\\/nordtec_logo_rgb-340px.png\",\"width\":340,\"height\":75,\"caption\":\"Nordtec Instrument AB\"},\"image\":{\"@id\":\"https:\\\/\\\/stage.nordtec.se\\\/en\\\/#\\\/schema\\\/logo\\\/image\\\/\"},\"sameAs\":[\"https:\\\/\\\/www.facebook.com\\\/nordtecinstrument\",\"https:\\\/\\\/www.instagram.com\\\/nordtec_instrument\\\/\",\"https:\\\/\\\/www.linkedin.com\\\/company\\\/nordtec-instrument-ab\\\/\",\"https:\\\/\\\/www.youtube.com\\\/channel\\\/UCbmAq3ZmfBKOGg7_igFURng\"]}]}<\/script>\n<!-- \/ Yoast SEO Premium plugin. -->","yoast_head_json":{"title":"testo 510 - pocket-sized differential pressure meter | Nordtec","description":"testo 510 \u1405 Compact differential pressure meter 100 hPa with air velocity calculation \u2713 Values in Pascal throughout the measurement range \u2713 Compensation for air density\/temperature","robots":{"index":"noindex","follow":"follow","max-snippet":"max-snippet:-1","max-image-preview":"max-image-preview:large","max-video-preview":"max-video-preview:-1"},"og_locale":"en_US","og_type":"article","og_title":"testo 510 - pocket-sized differential pressure meter","og_description":"testo 510 \u1405 Compact differential pressure meter 100 hPa with air velocity calculation \u2713 Values in Pascal throughout the measurement range \u2713 Compensation for air density\/temperature","og_url":"https:\/\/stage.nordtec.se\/en\/product\/measuring-instruments\/pressure-gauges\/differential-pressure-gauges\/testo-510-pocket-sized-differential-pressure-meter\/","og_site_name":"Nordtec","article_publisher":"https:\/\/www.facebook.com\/nordtecinstrument","article_modified_time":"2025-05-06T12:31:36+00:00","og_image":[{"width":800,"height":800,"url":"https:\/\/stage.nordtec.se\/wp-content\/uploads\/2022\/03\/510_PL_FS_F_d_01_800px.png","type":"image\/png"}],"twitter_card":"summary_large_image","twitter_misc":{"Est. reading time":"2 minutes"},"schema":{"@context":"https:\/\/schema.org","@graph":[{"@type":["WebPage","ItemPage"],"@id":"https:\/\/stage.nordtec.se\/en\/product\/measuring-instruments\/pressure-gauges\/differential-pressure-gauges\/testo-510-pocket-sized-differential-pressure-meter\/","url":"https:\/\/stage.nordtec.se\/en\/product\/measuring-instruments\/pressure-gauges\/differential-pressure-gauges\/testo-510-pocket-sized-differential-pressure-meter\/","name":"testo 510 - pocket-sized differential pressure meter | Nordtec","isPartOf":{"@id":"https:\/\/stage.nordtec.se\/en\/#website"},"primaryImageOfPage":{"@id":"https:\/\/stage.nordtec.se\/en\/product\/measuring-instruments\/pressure-gauges\/differential-pressure-gauges\/testo-510-pocket-sized-differential-pressure-meter\/#primaryimage"},"image":{"@id":"https:\/\/stage.nordtec.se\/en\/product\/measuring-instruments\/pressure-gauges\/differential-pressure-gauges\/testo-510-pocket-sized-differential-pressure-meter\/#primaryimage"},"thumbnailUrl":"https:\/\/stage.nordtec.se\/wp-content\/uploads\/2022\/03\/510_PL_FS_F_d_01_800px.png","datePublished":"2022-03-30T14:19:02+00:00","dateModified":"2025-05-06T12:31:36+00:00","description":"testo 510 \u1405 Compact differential pressure meter 100 hPa with air velocity calculation \u2713 Values in Pascal throughout the measurement range \u2713 Compensation for air density\/temperature","breadcrumb":{"@id":"https:\/\/stage.nordtec.se\/en\/product\/measuring-instruments\/pressure-gauges\/differential-pressure-gauges\/testo-510-pocket-sized-differential-pressure-meter\/#breadcrumb"},"inLanguage":"en-US","potentialAction":[{"@type":"ReadAction","target":["https:\/\/stage.nordtec.se\/en\/product\/measuring-instruments\/pressure-gauges\/differential-pressure-gauges\/testo-510-pocket-sized-differential-pressure-meter\/"]}]},{"@type":"ImageObject","inLanguage":"en-US","@id":"https:\/\/stage.nordtec.se\/en\/product\/measuring-instruments\/pressure-gauges\/differential-pressure-gauges\/testo-510-pocket-sized-differential-pressure-meter\/#primaryimage","url":"https:\/\/stage.nordtec.se\/wp-content\/uploads\/2022\/03\/510_PL_FS_F_d_01_800px.png","contentUrl":"https:\/\/stage.nordtec.se\/wp-content\/uploads\/2022\/03\/510_PL_FS_F_d_01_800px.png","width":800,"height":800,"caption":"Differential pressure gauge testo 510 front"},{"@type":"BreadcrumbList","@id":"https:\/\/stage.nordtec.se\/en\/product\/measuring-instruments\/pressure-gauges\/differential-pressure-gauges\/testo-510-pocket-sized-differential-pressure-meter\/#breadcrumb","itemListElement":[{"@type":"ListItem","position":1,"name":"Hem","item":"https:\/\/stage.nordtec.se\/en\/"},{"@type":"ListItem","position":2,"name":"Shop","item":"https:\/\/stage.nordtec.se\/shop\/?lang=en"},{"@type":"ListItem","position":3,"name":"testo 510 &#8211; pocket-sized differential pressure meter"}]},{"@type":"WebSite","@id":"https:\/\/stage.nordtec.se\/en\/#website","url":"https:\/\/stage.nordtec.se\/en\/","name":"Nordtec","description":"Din partner inom m\u00e4tteknik","publisher":{"@id":"https:\/\/stage.nordtec.se\/en\/#organization"},"potentialAction":[{"@type":"SearchAction","target":{"@type":"EntryPoint","urlTemplate":"https:\/\/stage.nordtec.se\/en\/?s={search_term_string}"},"query-input":{"@type":"PropertyValueSpecification","valueRequired":true,"valueName":"search_term_string"}}],"inLanguage":"en-US"},{"@type":"Organization","@id":"https:\/\/stage.nordtec.se\/en\/#organization","name":"Nordtec Instrument AB","url":"https:\/\/stage.nordtec.se\/en\/","logo":{"@type":"ImageObject","inLanguage":"en-US","@id":"https:\/\/stage.nordtec.se\/en\/#\/schema\/logo\/image\/","url":"https:\/\/stage.nordtec.se\/wp-content\/uploads\/2021\/08\/nordtec_logo_rgb-340px.png","contentUrl":"https:\/\/stage.nordtec.se\/wp-content\/uploads\/2021\/08\/nordtec_logo_rgb-340px.png","width":340,"height":75,"caption":"Nordtec Instrument AB"},"image":{"@id":"https:\/\/stage.nordtec.se\/en\/#\/schema\/logo\/image\/"},"sameAs":["https:\/\/www.facebook.com\/nordtecinstrument","https:\/\/www.instagram.com\/nordtec_instrument\/","https:\/\/www.linkedin.com\/company\/nordtec-instrument-ab\/","https:\/\/www.youtube.com\/channel\/UCbmAq3ZmfBKOGg7_igFURng"]}]}},"taxonomy_info":{"product_brand":[{"value":1435,"label":"Testo"}],"product_cat":[{"value":787,"label":"Building technology"},{"value":847,"label":"Differential pressure gauges"},{"value":782,"label":"HVAC &amp; Property"},{"value":781,"label":"Industry"},{"value":768,"label":"Measuring instruments"},{"value":797,"label":"Pressure gauges"}]},"featured_image_src_large":["https:\/\/stage.nordtec.se\/wp-content\/uploads\/2022\/03\/510_PL_FS_F_d_01_800px.png",800,800,false],"author_info":[],"comment_info":"","_links":{"self":[{"href":"https:\/\/stage.nordtec.se\/en\/wp-json\/wp\/v2\/product\/40867","targetHints":{"allow":["GET"]}}],"collection":[{"href":"https:\/\/stage.nordtec.se\/en\/wp-json\/wp\/v2\/product"}],"about":[{"href":"https:\/\/stage.nordtec.se\/en\/wp-json\/wp\/v2\/types\/product"}],"version-history":[{"count":1,"href":"https:\/\/stage.nordtec.se\/en\/wp-json\/wp\/v2\/product\/40867\/revisions"}],"predecessor-version":[{"id":45259,"href":"https:\/\/stage.nordtec.se\/en\/wp-json\/wp\/v2\/product\/40867\/revisions\/45259"}],"wp:featuredmedia":[{"embeddable":true,"href":"https:\/\/stage.nordtec.se\/en\/wp-json\/wp\/v2\/media\/38597"}],"wp:attachment":[{"href":"https:\/\/stage.nordtec.se\/en\/wp-json\/wp\/v2\/media?parent=40867"}],"wp:term":[{"taxonomy":"product_brand","embeddable":true,"href":"https:\/\/stage.nordtec.se\/en\/wp-json\/wp\/v2\/product_brand?post=40867"},{"taxonomy":"product_cat","embeddable":true,"href":"https:\/\/stage.nordtec.se\/en\/wp-json\/wp\/v2\/product_cat?post=40867"},{"taxonomy":"product_tag","embeddable":true,"href":"https:\/\/stage.nordtec.se\/en\/wp-json\/wp\/v2\/product_tag?post=40867"}],"curies":[{"name":"wp","href":"https:\/\/api.w.org\/{rel}","templated":true}]}}