{"id":40858,"date":"2022-03-30T16:31:33","date_gmt":"2022-03-30T14:31:33","guid":{"rendered":"https:\/\/stage.nordtec.se\/produkt\/uncategorized\/testo-340-professional-flue-gas-instrument-for-industry\/"},"modified":"2025-05-06T14:38:09","modified_gmt":"2025-05-06T12:38:09","slug":"testo-340-professional-flue-gas-instrument-for-industry","status":"publish","type":"product","link":"https:\/\/stage.nordtec.se\/en\/product\/measuring-instruments\/flue-gas-analysis-instruments\/testo-340-professional-flue-gas-instrument-for-industry\/","title":{"rendered":"testo 340 &#8211; professional flue gas instrument for industry"},"content":{"rendered":"<h2>testo 340 &#8211; professional flue gas instrument for industrial applications<\/h2>\n<p>1 O2 measuring cell + 3 optional measuring cell locations &#8211; choose between 7 gas measuring cells<\/p>\n<p>testo 340 is a powerful instrument for spot checks of emission values in industrial applications. The system emphasizes high flexibility and functionality when measuring various emission parameters in industrial applications. The instrument has 4 measurement cell locations where only O2 is fixed. In addition, it is possible to choose freely between CO, COlow, NO, NOlow, NO2, SO2 (at least one measuring cell must be selected). Apart from the gases listed above, the instrument measures and calculates all the usual parameters such as temperature, pressure, excess air and others. but also mass and volume flows.<\/p>\n<p>The memory management in testo 340 allows for shorter logging of measured values (max. 2 hours). The memory also allows for site management with 100 folders (customers\/system) and 10 sites under them. Up to 200 measurement blocks per site can be logged\/saved (limited by the number of folders and sites). To analyze measurement data, the software (easyEmission) efficiently presents measurement data, manages the customer database and creates reports. The measurement data can also be saved to a PDA via the IRDA interface.<\/p>\n<p>The testo 340 has an advanced self-diagnostic feature that provides the user with information about the performance of the instrument. The instrument warns before a measuring cell runs out so that there is time to order home before they are used up. This avoids unpleasant surprises during their work. The instrument has been fitted with a new gas pump that automatically regulates the flow and keeps it constant, helping to improve measurement accuracy. The new pump also offers the possibility to extend the hose between the flue gas sensor by up to 7.8 meters.<\/p>\n<ul>\n<li>T\u00dcV approved \/ EN standard 50379 Part 2<\/li>\n<li>Powerful instrument diagnosis<\/li>\n<li>PC analysis with &#8220;easyEmission&#8221; (download evaluation version from the <strong>Download<\/strong> tab)<\/li>\n<li>Logging function up to two hours<\/li>\n<li>Optional measuring cells in addition to O2: CO, COlow, NO, NOlow, NO2, SO2<\/li>\n<li>Dilution: 5 times on one cell site, 2 times on all cell sites.<\/li>\n<\/ul>\n<p>Contact us for more information on the instrument and its accessories.<\/p>\n<p>[show_related_featured_videos]<\/p>\n<h2>Included in delivery<\/h2>\n<p>Flue gas instrument testo 340, factory protocol, carrying strap,<sub>O2 measuring cell<\/sub> and integrated flow and differential pressure measurement.<\/p>\n<p><span class=\"ui-provider ed ayd aye ayf ayg ayh ayi ayj ayk ayl aym ayn ayo ayp ayq ayr ays ayt ayu ayv ayw ayx ayy ayz aza azb azc azd aze azf azg azh azi azj azk\" dir=\"ltr\"><strong>Fabriksprotokoll:<\/strong>\u00a0utf\u00e4rdas p\u00e5 fabriken efter en kontroll av att produkten fungerar och uppfyller angiven m\u00e4tnoggrannhet. L\u00e4s om <a href=\"https:\/\/stage.nordtec.se\/kalibrering\/iso-9001-kraver-kalibrerad-matutrustning\/\"><u>skillnaden mellan fabriksprotokoll och ackrediterad kalibrering<\/u><\/a>.<\/span><\/p>\n<p><strong>ATTENTION! Your testo 340 must be equipped with at least one additional gas measuring cell to work. Up to three additional measuring cells can be mounted.<\/strong><\/p>\n","protected":false},"excerpt":{"rendered":"<p style=\"text-align: left;\">Professional emission meter for industrial applications<\/p>\n<ul>\n<li style=\"text-align: left;\">T\u00dcV approved \/ EN standard 50379 Part 2<\/li>\n<li style=\"text-align: left;\">Powerful instrument diagnosis<\/li>\n<li style=\"text-align: left;\">PC analysis with &#8220;easyEmission&#8221;<\/li>\n<\/ul>\n","protected":false},"featured_media":38579,"template":"","meta":{"_kad_blocks_custom_css":"","_kad_blocks_head_custom_js":"","_kad_blocks_body_custom_js":"","_kad_blocks_footer_custom_js":"","footnotes":""},"product_brand":[1435],"product_cat":[799,781,768],"product_tag":[],"class_list":{"0":"post-40858","1":"product","2":"type-product","3":"status-publish","4":"has-post-thumbnail","6":"product_brand-testo","7":"product_cat-flue-gas-analysis-instruments","8":"product_cat-industry","9":"product_cat-measuring-instruments","11":"first","12":"onbackorder","13":"taxable","14":"shipping-taxable","15":"purchasable","16":"product-type-simple"},"yoast_head":"<!-- This site is optimized with the Yoast SEO Premium plugin v27.3 (Yoast SEO v27.5) - https:\/\/yoast.com\/product\/yoast-seo-premium-wordpress\/ -->\n<title>testo 340 - professional flue gas instrument for industry | Nordtec<\/title>\n<meta name=\"description\" content=\"Professional flue gas instrument for industrial applications \u1405 testo 340 \u2713 T\u00dcV approved \/ EN standard 50379 Part 2 \u2713 Powerful instrument diagnosis\" \/>\n<meta name=\"robots\" content=\"noindex, follow, max-snippet:-1, max-image-preview:large, max-video-preview:-1\" \/>\n<meta property=\"og:locale\" content=\"en_US\" \/>\n<meta property=\"og:type\" content=\"article\" \/>\n<meta property=\"og:title\" content=\"testo 340 - professional flue gas instrument for industry\" \/>\n<meta property=\"og:description\" content=\"Professional flue gas instrument for industrial applications \u1405 testo 340 \u2713 T\u00dcV approved \/ EN standard 50379 Part 2 \u2713 Powerful instrument diagnosis\" \/>\n<meta property=\"og:url\" content=\"https:\/\/stage.nordtec.se\/en\/product\/measuring-instruments\/flue-gas-analysis-instruments\/testo-340-professional-flue-gas-instrument-for-industry\/\" \/>\n<meta property=\"og:site_name\" content=\"Nordtec\" \/>\n<meta property=\"article:publisher\" content=\"https:\/\/www.facebook.com\/nordtecinstrument\" \/>\n<meta property=\"article:modified_time\" content=\"2025-05-06T12:38:09+00:00\" \/>\n<meta property=\"og:image\" content=\"https:\/\/stage.nordtec.se\/wp-content\/uploads\/2022\/03\/testo-340_p_in_emi_000159_800px.png\" \/>\n\t<meta property=\"og:image:width\" content=\"800\" \/>\n\t<meta property=\"og:image:height\" content=\"800\" \/>\n\t<meta property=\"og:image:type\" content=\"image\/png\" \/>\n<meta name=\"twitter:card\" content=\"summary_large_image\" \/>\n<meta name=\"twitter:label1\" content=\"Est. reading time\" \/>\n\t<meta name=\"twitter:data1\" content=\"3 minutes\" \/>\n<script type=\"application\/ld+json\" class=\"yoast-schema-graph\">{\"@context\":\"https:\\\/\\\/schema.org\",\"@graph\":[{\"@type\":[\"WebPage\",\"ItemPage\"],\"@id\":\"https:\\\/\\\/stage.nordtec.se\\\/en\\\/product\\\/measuring-instruments\\\/flue-gas-analysis-instruments\\\/testo-340-professional-flue-gas-instrument-for-industry\\\/\",\"url\":\"https:\\\/\\\/stage.nordtec.se\\\/en\\\/product\\\/measuring-instruments\\\/flue-gas-analysis-instruments\\\/testo-340-professional-flue-gas-instrument-for-industry\\\/\",\"name\":\"testo 340 - professional flue gas instrument for industry | Nordtec\",\"isPartOf\":{\"@id\":\"https:\\\/\\\/stage.nordtec.se\\\/en\\\/#website\"},\"primaryImageOfPage\":{\"@id\":\"https:\\\/\\\/stage.nordtec.se\\\/en\\\/product\\\/measuring-instruments\\\/flue-gas-analysis-instruments\\\/testo-340-professional-flue-gas-instrument-for-industry\\\/#primaryimage\"},\"image\":{\"@id\":\"https:\\\/\\\/stage.nordtec.se\\\/en\\\/product\\\/measuring-instruments\\\/flue-gas-analysis-instruments\\\/testo-340-professional-flue-gas-instrument-for-industry\\\/#primaryimage\"},\"thumbnailUrl\":\"https:\\\/\\\/stage.nordtec.se\\\/wp-content\\\/uploads\\\/2022\\\/03\\\/testo-340_p_in_emi_000159_800px.png\",\"datePublished\":\"2022-03-30T14:31:33+00:00\",\"dateModified\":\"2025-05-06T12:38:09+00:00\",\"description\":\"Professional flue gas instrument for industrial applications \u1405 testo 340 \u2713 T\u00dcV approved \\\/ EN standard 50379 Part 2 \u2713 Powerful instrument diagnosis\",\"breadcrumb\":{\"@id\":\"https:\\\/\\\/stage.nordtec.se\\\/en\\\/product\\\/measuring-instruments\\\/flue-gas-analysis-instruments\\\/testo-340-professional-flue-gas-instrument-for-industry\\\/#breadcrumb\"},\"inLanguage\":\"en-US\",\"potentialAction\":[{\"@type\":\"ReadAction\",\"target\":[\"https:\\\/\\\/stage.nordtec.se\\\/en\\\/product\\\/measuring-instruments\\\/flue-gas-analysis-instruments\\\/testo-340-professional-flue-gas-instrument-for-industry\\\/\"]}]},{\"@type\":\"ImageObject\",\"inLanguage\":\"en-US\",\"@id\":\"https:\\\/\\\/stage.nordtec.se\\\/en\\\/product\\\/measuring-instruments\\\/flue-gas-analysis-instruments\\\/testo-340-professional-flue-gas-instrument-for-industry\\\/#primaryimage\",\"url\":\"https:\\\/\\\/stage.nordtec.se\\\/wp-content\\\/uploads\\\/2022\\\/03\\\/testo-340_p_in_emi_000159_800px.png\",\"contentUrl\":\"https:\\\/\\\/stage.nordtec.se\\\/wp-content\\\/uploads\\\/2022\\\/03\\\/testo-340_p_in_emi_000159_800px.png\",\"width\":800,\"height\":800,\"caption\":\"Emission meter testo 340 front\"},{\"@type\":\"BreadcrumbList\",\"@id\":\"https:\\\/\\\/stage.nordtec.se\\\/en\\\/product\\\/measuring-instruments\\\/flue-gas-analysis-instruments\\\/testo-340-professional-flue-gas-instrument-for-industry\\\/#breadcrumb\",\"itemListElement\":[{\"@type\":\"ListItem\",\"position\":1,\"name\":\"Hem\",\"item\":\"https:\\\/\\\/stage.nordtec.se\\\/en\\\/\"},{\"@type\":\"ListItem\",\"position\":2,\"name\":\"Shop\",\"item\":\"https:\\\/\\\/stage.nordtec.se\\\/shop\\\/?lang=en\"},{\"@type\":\"ListItem\",\"position\":3,\"name\":\"testo 340 &#8211; professional flue gas instrument for industry\"}]},{\"@type\":\"WebSite\",\"@id\":\"https:\\\/\\\/stage.nordtec.se\\\/en\\\/#website\",\"url\":\"https:\\\/\\\/stage.nordtec.se\\\/en\\\/\",\"name\":\"Nordtec\",\"description\":\"Din partner inom m\u00e4tteknik\",\"publisher\":{\"@id\":\"https:\\\/\\\/stage.nordtec.se\\\/en\\\/#organization\"},\"potentialAction\":[{\"@type\":\"SearchAction\",\"target\":{\"@type\":\"EntryPoint\",\"urlTemplate\":\"https:\\\/\\\/stage.nordtec.se\\\/en\\\/?s={search_term_string}\"},\"query-input\":{\"@type\":\"PropertyValueSpecification\",\"valueRequired\":true,\"valueName\":\"search_term_string\"}}],\"inLanguage\":\"en-US\"},{\"@type\":\"Organization\",\"@id\":\"https:\\\/\\\/stage.nordtec.se\\\/en\\\/#organization\",\"name\":\"Nordtec Instrument AB\",\"url\":\"https:\\\/\\\/stage.nordtec.se\\\/en\\\/\",\"logo\":{\"@type\":\"ImageObject\",\"inLanguage\":\"en-US\",\"@id\":\"https:\\\/\\\/stage.nordtec.se\\\/en\\\/#\\\/schema\\\/logo\\\/image\\\/\",\"url\":\"https:\\\/\\\/stage.nordtec.se\\\/wp-content\\\/uploads\\\/2021\\\/08\\\/nordtec_logo_rgb-340px.png\",\"contentUrl\":\"https:\\\/\\\/stage.nordtec.se\\\/wp-content\\\/uploads\\\/2021\\\/08\\\/nordtec_logo_rgb-340px.png\",\"width\":340,\"height\":75,\"caption\":\"Nordtec Instrument AB\"},\"image\":{\"@id\":\"https:\\\/\\\/stage.nordtec.se\\\/en\\\/#\\\/schema\\\/logo\\\/image\\\/\"},\"sameAs\":[\"https:\\\/\\\/www.facebook.com\\\/nordtecinstrument\",\"https:\\\/\\\/www.instagram.com\\\/nordtec_instrument\\\/\",\"https:\\\/\\\/www.linkedin.com\\\/company\\\/nordtec-instrument-ab\\\/\",\"https:\\\/\\\/www.youtube.com\\\/channel\\\/UCbmAq3ZmfBKOGg7_igFURng\"]}]}<\/script>\n<!-- \/ Yoast SEO Premium plugin. -->","yoast_head_json":{"title":"testo 340 - professional flue gas instrument for industry | Nordtec","description":"Professional flue gas instrument for industrial applications \u1405 testo 340 \u2713 T\u00dcV approved \/ EN standard 50379 Part 2 \u2713 Powerful instrument diagnosis","robots":{"index":"noindex","follow":"follow","max-snippet":"max-snippet:-1","max-image-preview":"max-image-preview:large","max-video-preview":"max-video-preview:-1"},"og_locale":"en_US","og_type":"article","og_title":"testo 340 - professional flue gas instrument for industry","og_description":"Professional flue gas instrument for industrial applications \u1405 testo 340 \u2713 T\u00dcV approved \/ EN standard 50379 Part 2 \u2713 Powerful instrument diagnosis","og_url":"https:\/\/stage.nordtec.se\/en\/product\/measuring-instruments\/flue-gas-analysis-instruments\/testo-340-professional-flue-gas-instrument-for-industry\/","og_site_name":"Nordtec","article_publisher":"https:\/\/www.facebook.com\/nordtecinstrument","article_modified_time":"2025-05-06T12:38:09+00:00","og_image":[{"width":800,"height":800,"url":"https:\/\/stage.nordtec.se\/wp-content\/uploads\/2022\/03\/testo-340_p_in_emi_000159_800px.png","type":"image\/png"}],"twitter_card":"summary_large_image","twitter_misc":{"Est. reading time":"3 minutes"},"schema":{"@context":"https:\/\/schema.org","@graph":[{"@type":["WebPage","ItemPage"],"@id":"https:\/\/stage.nordtec.se\/en\/product\/measuring-instruments\/flue-gas-analysis-instruments\/testo-340-professional-flue-gas-instrument-for-industry\/","url":"https:\/\/stage.nordtec.se\/en\/product\/measuring-instruments\/flue-gas-analysis-instruments\/testo-340-professional-flue-gas-instrument-for-industry\/","name":"testo 340 - professional flue gas instrument for industry | Nordtec","isPartOf":{"@id":"https:\/\/stage.nordtec.se\/en\/#website"},"primaryImageOfPage":{"@id":"https:\/\/stage.nordtec.se\/en\/product\/measuring-instruments\/flue-gas-analysis-instruments\/testo-340-professional-flue-gas-instrument-for-industry\/#primaryimage"},"image":{"@id":"https:\/\/stage.nordtec.se\/en\/product\/measuring-instruments\/flue-gas-analysis-instruments\/testo-340-professional-flue-gas-instrument-for-industry\/#primaryimage"},"thumbnailUrl":"https:\/\/stage.nordtec.se\/wp-content\/uploads\/2022\/03\/testo-340_p_in_emi_000159_800px.png","datePublished":"2022-03-30T14:31:33+00:00","dateModified":"2025-05-06T12:38:09+00:00","description":"Professional flue gas instrument for industrial applications \u1405 testo 340 \u2713 T\u00dcV approved \/ EN standard 50379 Part 2 \u2713 Powerful instrument diagnosis","breadcrumb":{"@id":"https:\/\/stage.nordtec.se\/en\/product\/measuring-instruments\/flue-gas-analysis-instruments\/testo-340-professional-flue-gas-instrument-for-industry\/#breadcrumb"},"inLanguage":"en-US","potentialAction":[{"@type":"ReadAction","target":["https:\/\/stage.nordtec.se\/en\/product\/measuring-instruments\/flue-gas-analysis-instruments\/testo-340-professional-flue-gas-instrument-for-industry\/"]}]},{"@type":"ImageObject","inLanguage":"en-US","@id":"https:\/\/stage.nordtec.se\/en\/product\/measuring-instruments\/flue-gas-analysis-instruments\/testo-340-professional-flue-gas-instrument-for-industry\/#primaryimage","url":"https:\/\/stage.nordtec.se\/wp-content\/uploads\/2022\/03\/testo-340_p_in_emi_000159_800px.png","contentUrl":"https:\/\/stage.nordtec.se\/wp-content\/uploads\/2022\/03\/testo-340_p_in_emi_000159_800px.png","width":800,"height":800,"caption":"Emission meter testo 340 front"},{"@type":"BreadcrumbList","@id":"https:\/\/stage.nordtec.se\/en\/product\/measuring-instruments\/flue-gas-analysis-instruments\/testo-340-professional-flue-gas-instrument-for-industry\/#breadcrumb","itemListElement":[{"@type":"ListItem","position":1,"name":"Hem","item":"https:\/\/stage.nordtec.se\/en\/"},{"@type":"ListItem","position":2,"name":"Shop","item":"https:\/\/stage.nordtec.se\/shop\/?lang=en"},{"@type":"ListItem","position":3,"name":"testo 340 &#8211; professional flue gas instrument for industry"}]},{"@type":"WebSite","@id":"https:\/\/stage.nordtec.se\/en\/#website","url":"https:\/\/stage.nordtec.se\/en\/","name":"Nordtec","description":"Din partner inom m\u00e4tteknik","publisher":{"@id":"https:\/\/stage.nordtec.se\/en\/#organization"},"potentialAction":[{"@type":"SearchAction","target":{"@type":"EntryPoint","urlTemplate":"https:\/\/stage.nordtec.se\/en\/?s={search_term_string}"},"query-input":{"@type":"PropertyValueSpecification","valueRequired":true,"valueName":"search_term_string"}}],"inLanguage":"en-US"},{"@type":"Organization","@id":"https:\/\/stage.nordtec.se\/en\/#organization","name":"Nordtec Instrument AB","url":"https:\/\/stage.nordtec.se\/en\/","logo":{"@type":"ImageObject","inLanguage":"en-US","@id":"https:\/\/stage.nordtec.se\/en\/#\/schema\/logo\/image\/","url":"https:\/\/stage.nordtec.se\/wp-content\/uploads\/2021\/08\/nordtec_logo_rgb-340px.png","contentUrl":"https:\/\/stage.nordtec.se\/wp-content\/uploads\/2021\/08\/nordtec_logo_rgb-340px.png","width":340,"height":75,"caption":"Nordtec Instrument AB"},"image":{"@id":"https:\/\/stage.nordtec.se\/en\/#\/schema\/logo\/image\/"},"sameAs":["https:\/\/www.facebook.com\/nordtecinstrument","https:\/\/www.instagram.com\/nordtec_instrument\/","https:\/\/www.linkedin.com\/company\/nordtec-instrument-ab\/","https:\/\/www.youtube.com\/channel\/UCbmAq3ZmfBKOGg7_igFURng"]}]}},"taxonomy_info":{"product_brand":[{"value":1435,"label":"Testo"}],"product_cat":[{"value":799,"label":"Flue gas analysis instruments"},{"value":781,"label":"Industry"},{"value":768,"label":"Measuring instruments"}]},"featured_image_src_large":["https:\/\/stage.nordtec.se\/wp-content\/uploads\/2022\/03\/testo-340_p_in_emi_000159_800px.png",800,800,false],"author_info":[],"comment_info":"","_links":{"self":[{"href":"https:\/\/stage.nordtec.se\/en\/wp-json\/wp\/v2\/product\/40858","targetHints":{"allow":["GET"]}}],"collection":[{"href":"https:\/\/stage.nordtec.se\/en\/wp-json\/wp\/v2\/product"}],"about":[{"href":"https:\/\/stage.nordtec.se\/en\/wp-json\/wp\/v2\/types\/product"}],"version-history":[{"count":3,"href":"https:\/\/stage.nordtec.se\/en\/wp-json\/wp\/v2\/product\/40858\/revisions"}],"predecessor-version":[{"id":50329,"href":"https:\/\/stage.nordtec.se\/en\/wp-json\/wp\/v2\/product\/40858\/revisions\/50329"}],"wp:featuredmedia":[{"embeddable":true,"href":"https:\/\/stage.nordtec.se\/en\/wp-json\/wp\/v2\/media\/38579"}],"wp:attachment":[{"href":"https:\/\/stage.nordtec.se\/en\/wp-json\/wp\/v2\/media?parent=40858"}],"wp:term":[{"taxonomy":"product_brand","embeddable":true,"href":"https:\/\/stage.nordtec.se\/en\/wp-json\/wp\/v2\/product_brand?post=40858"},{"taxonomy":"product_cat","embeddable":true,"href":"https:\/\/stage.nordtec.se\/en\/wp-json\/wp\/v2\/product_cat?post=40858"},{"taxonomy":"product_tag","embeddable":true,"href":"https:\/\/stage.nordtec.se\/en\/wp-json\/wp\/v2\/product_tag?post=40858"}],"curies":[{"name":"wp","href":"https:\/\/api.w.org\/{rel}","templated":true}]}}