{"id":40855,"date":"2022-03-30T16:19:02","date_gmt":"2022-03-30T14:19:02","guid":{"rendered":"https:\/\/stage.nordtec.se\/produkt\/uncategorized\/testo-512-2-differential-pressure-meter-2-000-hpa\/"},"modified":"2025-11-27T10:46:52","modified_gmt":"2025-11-27T08:46:52","slug":"testo-512-2-differential-pressure-meter-2-000-hpa","status":"publish","type":"product","link":"https:\/\/stage.nordtec.se\/en\/product\/measuring-instruments\/pressure-gauges\/differential-pressure-gauges\/testo-512-2-differential-pressure-meter-2-000-hpa\/","title":{"rendered":"testo 512-2 &#8211; differential pressure meter &#8211; 2&nbsp;000 hPa"},"content":{"rendered":"<h2>testo 512-2 &#8211; differential pressure meter up to 2 000 hPa<\/h2>\n<p>Simple, fast and accurate differential pressure measurement: this is what the testo 512-2 measuring instrument, which measures pressure up to 2000 hPa, stands for. In use, the instrument impresses with its flexibility and diversity of applications. For example, you can check gas pressure in burners by measuring gas flow pressure and static gas pressure. The instrument is also suitable for checks on filters and pitot tube measurements in ventilation ducts. The position-independent differential pressure sensor ensures reliable and highly accurate measurement results.<\/p>\n<h2>S\u00e5 h\u00e4r underl\u00e4ttar testo Smart-appen f\u00f6r dig:<\/h2>\r\n<ul>\r\n<li>Enkel inst\u00e4llning av m\u00e4tinstrumentet<\/li>\r\n<li>Effektiv kund- och m\u00e4tplatshantering<\/li>\r\n<li>P\u00e5litlig lagring av alla m\u00e4tdata<\/li>\r\n<li>F\u00f6rvandlar mobilen till en andra sk\u00e4rm<\/li>\r\n<li>Visning av grafiska m\u00e4tv\u00e4rdeskurvor<\/li>\r\n<li>Enkel dokumentering av allt arbete<\/li>\r\n<li>Skicka rapporter direkt fr\u00e5n m\u00e4tplatsen via e-post<\/li>\r\n<\/ul>\r\n<p><a href=\"https:\/\/stage.nordtec.se\/testo-smart-appen\/\">testo Smart-appen<\/a> finns p\u00e5 Google Play och App Store. Den \u00e4r gratis att b\u00e5de ladda ned och anv\u00e4nda.<\/p>\r\n<p><a href=\"https:\/\/play.google.com\/store\/apps\/details?id=de.testo.smartprobesappgen2\" target=\"_blank\" rel=\"noopener\"><img loading=\"lazy\" decoding=\"async\" class=\"alignleft wp-image-30738\" title=\"testo Smart App - Google Play\" src=\"https:\/\/stage.nordtec.se\/wp-content\/uploads\/2023\/01\/google-play-badge-300x116.png\" alt=\"google play badge\" width=\"120\" height=\"46\" srcset=\"https:\/\/stage.nordtec.se\/wp-content\/uploads\/2023\/01\/google-play-badge-300x116.png 300w, https:\/\/stage.nordtec.se\/wp-content\/uploads\/2023\/01\/google-play-badge-416x161.png 416w, https:\/\/stage.nordtec.se\/wp-content\/uploads\/2023\/01\/google-play-badge-64x25.png 64w, https:\/\/stage.nordtec.se\/wp-content\/uploads\/2023\/01\/google-play-badge.png 646w\" sizes=\"auto, (max-width: 120px) 100vw, 120px\" \/><\/a><\/p>\r\n<p><a href=\"https:\/\/apps.apple.com\/se\/app\/testo-smart\/id1482139629\" target=\"_blank\" rel=\"noopener\"><img loading=\"lazy\" decoding=\"async\" class=\"alignleft wp-image-30740\" title=\"testo Smart app - App Store\" src=\"https:\/\/stage.nordtec.se\/wp-content\/uploads\/2023\/01\/app-store-badge-300x116.png\" alt=\"App Store Badge\" width=\"120\" height=\"46\" srcset=\"https:\/\/stage.nordtec.se\/wp-content\/uploads\/2023\/01\/app-store-badge-300x116.png 300w, https:\/\/stage.nordtec.se\/wp-content\/uploads\/2023\/01\/app-store-badge-416x161.png 416w, https:\/\/stage.nordtec.se\/wp-content\/uploads\/2023\/01\/app-store-badge-64x25.png 64w, https:\/\/stage.nordtec.se\/wp-content\/uploads\/2023\/01\/app-store-badge.png 646w\" sizes=\"auto, (max-width: 120px) 100vw, 120px\" \/><\/a><\/p>\r\n<p>&nbsp;<\/p>\n<h2>Accessories<\/h2>\n<p>By investing in some of the handy accessories, you are also taking a step towards ensuring that you will be able to get the most out of your differential pressure gauge for years to come. For example, the TopSafe case that protects your measuring instrument against shocks, dirt and water.<\/p>\n<p>Another smart accessory is the printer, which quickly and easily provides you with printouts of measurements, time and date &#8211; while you are still at the measurement site.<\/p>\n<h2>Included in delivery<\/h2>\n<p>Differential pressure meter testo 512-2 (measuring range 0 to 2,000 hPa), connecting hoses, 3 AA batteries, transport bag, factory protocol and manual.<\/p>\n","protected":false},"excerpt":{"rendered":"<p style=\"text-align: left;\">Fast differential pressure measurement with a wide measuring range &#8211; 0 to 2000 hPa.<\/p>\n<ul>\n<li style=\"text-align: left;\">Settings, measurement data, graphs and the mobile as a second screen with the testo Smart app.<\/li>\n<li style=\"text-align: left;\">An audible alarm warns if any limit value is exceeded.<\/li>\n<li>Calculation of time and point averages.<\/li>\n<\/ul>\n","protected":false},"featured_media":39670,"template":"","meta":{"_kad_blocks_custom_css":"","_kad_blocks_head_custom_js":"","_kad_blocks_body_custom_js":"","_kad_blocks_footer_custom_js":"","footnotes":""},"product_brand":[1435],"product_cat":[787,847,782,781,768,797,1426,839],"product_tag":[850],"class_list":{"0":"post-40855","1":"product","2":"type-product","3":"status-publish","4":"has-post-thumbnail","6":"product_brand-testo","7":"product_cat-building-technology","8":"product_cat-differential-pressure-gauges","9":"product_cat-hvac-property","10":"product_cat-industry","11":"product_cat-measuring-instruments","12":"product_cat-pressure-gauges","13":"product_cat-testo-smart-app","14":"product_cat-the-compact-class","15":"product_tag-bluetooth-en","17":"first","18":"instock","19":"taxable","20":"shipping-taxable","21":"purchasable","22":"product-type-simple"},"yoast_head":"<!-- This site is optimized with the Yoast SEO Premium plugin v27.3 (Yoast SEO v27.6) - https:\/\/yoast.com\/product\/yoast-seo-premium-wordpress\/ -->\n<title>testo 512-2 - differential pressure meter - 2&nbsp;000 hPa | Nordtec<\/title>\n<meta name=\"description\" content=\"Differential pressure meter 0 ... 2,000 hPa \u1405 testo 512-2 \u2713 Fast differential pressure measurement \u2713 Sound alarm \u2713 testo Smart app\" \/>\n<meta name=\"robots\" content=\"noindex, follow, max-snippet:-1, max-image-preview:large, max-video-preview:-1\" \/>\n<meta property=\"og:locale\" content=\"en_US\" \/>\n<meta property=\"og:type\" content=\"article\" \/>\n<meta property=\"og:title\" content=\"testo 512-2 - differential pressure meter - 2&nbsp;000 hPa\" \/>\n<meta property=\"og:description\" content=\"Differential pressure meter 0 ... 2,000 hPa \u1405 testo 512-2 \u2713 Fast differential pressure measurement \u2713 Sound alarm \u2713 testo Smart app\" \/>\n<meta property=\"og:url\" content=\"https:\/\/stage.nordtec.se\/en\/product\/measuring-instruments\/pressure-gauges\/differential-pressure-gauges\/testo-512-2-differential-pressure-meter-2-000-hpa\/\" \/>\n<meta property=\"og:site_name\" content=\"Nordtec\" \/>\n<meta property=\"article:publisher\" content=\"https:\/\/www.facebook.com\/nordtecinstrument\" \/>\n<meta property=\"article:modified_time\" content=\"2025-11-27T08:46:52+00:00\" \/>\n<meta property=\"og:image\" content=\"https:\/\/stage.nordtec.se\/wp-content\/uploads\/2022\/03\/testo-512-2-front-800px.png\" \/>\n\t<meta property=\"og:image:width\" content=\"800\" \/>\n\t<meta property=\"og:image:height\" content=\"800\" \/>\n\t<meta property=\"og:image:type\" content=\"image\/png\" \/>\n<meta name=\"twitter:card\" content=\"summary_large_image\" \/>\n<meta name=\"twitter:label1\" content=\"Est. reading time\" \/>\n\t<meta name=\"twitter:data1\" content=\"2 minutes\" \/>\n<script type=\"application\/ld+json\" class=\"yoast-schema-graph\">{\"@context\":\"https:\\\/\\\/schema.org\",\"@graph\":[{\"@type\":[\"WebPage\",\"ItemPage\"],\"@id\":\"https:\\\/\\\/stage.nordtec.se\\\/en\\\/product\\\/measuring-instruments\\\/pressure-gauges\\\/differential-pressure-gauges\\\/testo-512-2-differential-pressure-meter-2-000-hpa\\\/\",\"url\":\"https:\\\/\\\/stage.nordtec.se\\\/en\\\/product\\\/measuring-instruments\\\/pressure-gauges\\\/differential-pressure-gauges\\\/testo-512-2-differential-pressure-meter-2-000-hpa\\\/\",\"name\":\"testo 512-2 - differential pressure meter - 2&nbsp;000 hPa | Nordtec\",\"isPartOf\":{\"@id\":\"https:\\\/\\\/stage.nordtec.se\\\/en\\\/#website\"},\"primaryImageOfPage\":{\"@id\":\"https:\\\/\\\/stage.nordtec.se\\\/en\\\/product\\\/measuring-instruments\\\/pressure-gauges\\\/differential-pressure-gauges\\\/testo-512-2-differential-pressure-meter-2-000-hpa\\\/#primaryimage\"},\"image\":{\"@id\":\"https:\\\/\\\/stage.nordtec.se\\\/en\\\/product\\\/measuring-instruments\\\/pressure-gauges\\\/differential-pressure-gauges\\\/testo-512-2-differential-pressure-meter-2-000-hpa\\\/#primaryimage\"},\"thumbnailUrl\":\"https:\\\/\\\/stage.nordtec.se\\\/wp-content\\\/uploads\\\/2022\\\/03\\\/testo-512-2-front-800px.png\",\"datePublished\":\"2022-03-30T14:19:02+00:00\",\"dateModified\":\"2025-11-27T08:46:52+00:00\",\"description\":\"Differential pressure meter 0 ... 2,000 hPa \u1405 testo 512-2 \u2713 Fast differential pressure measurement \u2713 Sound alarm \u2713 testo Smart app\",\"breadcrumb\":{\"@id\":\"https:\\\/\\\/stage.nordtec.se\\\/en\\\/product\\\/measuring-instruments\\\/pressure-gauges\\\/differential-pressure-gauges\\\/testo-512-2-differential-pressure-meter-2-000-hpa\\\/#breadcrumb\"},\"inLanguage\":\"en-US\",\"potentialAction\":[{\"@type\":\"ReadAction\",\"target\":[\"https:\\\/\\\/stage.nordtec.se\\\/en\\\/product\\\/measuring-instruments\\\/pressure-gauges\\\/differential-pressure-gauges\\\/testo-512-2-differential-pressure-meter-2-000-hpa\\\/\"]}]},{\"@type\":\"ImageObject\",\"inLanguage\":\"en-US\",\"@id\":\"https:\\\/\\\/stage.nordtec.se\\\/en\\\/product\\\/measuring-instruments\\\/pressure-gauges\\\/differential-pressure-gauges\\\/testo-512-2-differential-pressure-meter-2-000-hpa\\\/#primaryimage\",\"url\":\"https:\\\/\\\/stage.nordtec.se\\\/wp-content\\\/uploads\\\/2022\\\/03\\\/testo-512-2-front-800px.png\",\"contentUrl\":\"https:\\\/\\\/stage.nordtec.se\\\/wp-content\\\/uploads\\\/2022\\\/03\\\/testo-512-2-front-800px.png\",\"width\":800,\"height\":800,\"caption\":\"testo 512-2 front\"},{\"@type\":\"BreadcrumbList\",\"@id\":\"https:\\\/\\\/stage.nordtec.se\\\/en\\\/product\\\/measuring-instruments\\\/pressure-gauges\\\/differential-pressure-gauges\\\/testo-512-2-differential-pressure-meter-2-000-hpa\\\/#breadcrumb\",\"itemListElement\":[{\"@type\":\"ListItem\",\"position\":1,\"name\":\"Hem\",\"item\":\"https:\\\/\\\/stage.nordtec.se\\\/en\\\/\"},{\"@type\":\"ListItem\",\"position\":2,\"name\":\"Shop\",\"item\":\"https:\\\/\\\/stage.nordtec.se\\\/shop\\\/?lang=en\"},{\"@type\":\"ListItem\",\"position\":3,\"name\":\"testo 512-2 &#8211; differential pressure meter &#8211; 2&nbsp;000 hPa\"}]},{\"@type\":\"WebSite\",\"@id\":\"https:\\\/\\\/stage.nordtec.se\\\/en\\\/#website\",\"url\":\"https:\\\/\\\/stage.nordtec.se\\\/en\\\/\",\"name\":\"Nordtec\",\"description\":\"Din partner inom m\u00e4tteknik\",\"publisher\":{\"@id\":\"https:\\\/\\\/stage.nordtec.se\\\/en\\\/#organization\"},\"potentialAction\":[{\"@type\":\"SearchAction\",\"target\":{\"@type\":\"EntryPoint\",\"urlTemplate\":\"https:\\\/\\\/stage.nordtec.se\\\/en\\\/?s={search_term_string}\"},\"query-input\":{\"@type\":\"PropertyValueSpecification\",\"valueRequired\":true,\"valueName\":\"search_term_string\"}}],\"inLanguage\":\"en-US\"},{\"@type\":\"Organization\",\"@id\":\"https:\\\/\\\/stage.nordtec.se\\\/en\\\/#organization\",\"name\":\"Nordtec Instrument AB\",\"url\":\"https:\\\/\\\/stage.nordtec.se\\\/en\\\/\",\"logo\":{\"@type\":\"ImageObject\",\"inLanguage\":\"en-US\",\"@id\":\"https:\\\/\\\/stage.nordtec.se\\\/en\\\/#\\\/schema\\\/logo\\\/image\\\/\",\"url\":\"https:\\\/\\\/stage.nordtec.se\\\/wp-content\\\/uploads\\\/2021\\\/08\\\/nordtec_logo_rgb-340px.png\",\"contentUrl\":\"https:\\\/\\\/stage.nordtec.se\\\/wp-content\\\/uploads\\\/2021\\\/08\\\/nordtec_logo_rgb-340px.png\",\"width\":340,\"height\":75,\"caption\":\"Nordtec Instrument AB\"},\"image\":{\"@id\":\"https:\\\/\\\/stage.nordtec.se\\\/en\\\/#\\\/schema\\\/logo\\\/image\\\/\"},\"sameAs\":[\"https:\\\/\\\/www.facebook.com\\\/nordtecinstrument\",\"https:\\\/\\\/www.instagram.com\\\/nordtec_instrument\\\/\",\"https:\\\/\\\/www.linkedin.com\\\/company\\\/nordtec-instrument-ab\\\/\",\"https:\\\/\\\/www.youtube.com\\\/channel\\\/UCbmAq3ZmfBKOGg7_igFURng\"]}]}<\/script>\n<!-- \/ Yoast SEO Premium plugin. -->","yoast_head_json":{"title":"testo 512-2 - differential pressure meter - 2&nbsp;000 hPa | Nordtec","description":"Differential pressure meter 0 ... 2,000 hPa \u1405 testo 512-2 \u2713 Fast differential pressure measurement \u2713 Sound alarm \u2713 testo Smart app","robots":{"index":"noindex","follow":"follow","max-snippet":"max-snippet:-1","max-image-preview":"max-image-preview:large","max-video-preview":"max-video-preview:-1"},"og_locale":"en_US","og_type":"article","og_title":"testo 512-2 - differential pressure meter - 2&nbsp;000 hPa","og_description":"Differential pressure meter 0 ... 2,000 hPa \u1405 testo 512-2 \u2713 Fast differential pressure measurement \u2713 Sound alarm \u2713 testo Smart app","og_url":"https:\/\/stage.nordtec.se\/en\/product\/measuring-instruments\/pressure-gauges\/differential-pressure-gauges\/testo-512-2-differential-pressure-meter-2-000-hpa\/","og_site_name":"Nordtec","article_publisher":"https:\/\/www.facebook.com\/nordtecinstrument","article_modified_time":"2025-11-27T08:46:52+00:00","og_image":[{"width":800,"height":800,"url":"https:\/\/stage.nordtec.se\/wp-content\/uploads\/2022\/03\/testo-512-2-front-800px.png","type":"image\/png"}],"twitter_card":"summary_large_image","twitter_misc":{"Est. reading time":"2 minutes"},"schema":{"@context":"https:\/\/schema.org","@graph":[{"@type":["WebPage","ItemPage"],"@id":"https:\/\/stage.nordtec.se\/en\/product\/measuring-instruments\/pressure-gauges\/differential-pressure-gauges\/testo-512-2-differential-pressure-meter-2-000-hpa\/","url":"https:\/\/stage.nordtec.se\/en\/product\/measuring-instruments\/pressure-gauges\/differential-pressure-gauges\/testo-512-2-differential-pressure-meter-2-000-hpa\/","name":"testo 512-2 - differential pressure meter - 2&nbsp;000 hPa | Nordtec","isPartOf":{"@id":"https:\/\/stage.nordtec.se\/en\/#website"},"primaryImageOfPage":{"@id":"https:\/\/stage.nordtec.se\/en\/product\/measuring-instruments\/pressure-gauges\/differential-pressure-gauges\/testo-512-2-differential-pressure-meter-2-000-hpa\/#primaryimage"},"image":{"@id":"https:\/\/stage.nordtec.se\/en\/product\/measuring-instruments\/pressure-gauges\/differential-pressure-gauges\/testo-512-2-differential-pressure-meter-2-000-hpa\/#primaryimage"},"thumbnailUrl":"https:\/\/stage.nordtec.se\/wp-content\/uploads\/2022\/03\/testo-512-2-front-800px.png","datePublished":"2022-03-30T14:19:02+00:00","dateModified":"2025-11-27T08:46:52+00:00","description":"Differential pressure meter 0 ... 2,000 hPa \u1405 testo 512-2 \u2713 Fast differential pressure measurement \u2713 Sound alarm \u2713 testo Smart app","breadcrumb":{"@id":"https:\/\/stage.nordtec.se\/en\/product\/measuring-instruments\/pressure-gauges\/differential-pressure-gauges\/testo-512-2-differential-pressure-meter-2-000-hpa\/#breadcrumb"},"inLanguage":"en-US","potentialAction":[{"@type":"ReadAction","target":["https:\/\/stage.nordtec.se\/en\/product\/measuring-instruments\/pressure-gauges\/differential-pressure-gauges\/testo-512-2-differential-pressure-meter-2-000-hpa\/"]}]},{"@type":"ImageObject","inLanguage":"en-US","@id":"https:\/\/stage.nordtec.se\/en\/product\/measuring-instruments\/pressure-gauges\/differential-pressure-gauges\/testo-512-2-differential-pressure-meter-2-000-hpa\/#primaryimage","url":"https:\/\/stage.nordtec.se\/wp-content\/uploads\/2022\/03\/testo-512-2-front-800px.png","contentUrl":"https:\/\/stage.nordtec.se\/wp-content\/uploads\/2022\/03\/testo-512-2-front-800px.png","width":800,"height":800,"caption":"testo 512-2 front"},{"@type":"BreadcrumbList","@id":"https:\/\/stage.nordtec.se\/en\/product\/measuring-instruments\/pressure-gauges\/differential-pressure-gauges\/testo-512-2-differential-pressure-meter-2-000-hpa\/#breadcrumb","itemListElement":[{"@type":"ListItem","position":1,"name":"Hem","item":"https:\/\/stage.nordtec.se\/en\/"},{"@type":"ListItem","position":2,"name":"Shop","item":"https:\/\/stage.nordtec.se\/shop\/?lang=en"},{"@type":"ListItem","position":3,"name":"testo 512-2 &#8211; differential pressure meter &#8211; 2&nbsp;000 hPa"}]},{"@type":"WebSite","@id":"https:\/\/stage.nordtec.se\/en\/#website","url":"https:\/\/stage.nordtec.se\/en\/","name":"Nordtec","description":"Din partner inom m\u00e4tteknik","publisher":{"@id":"https:\/\/stage.nordtec.se\/en\/#organization"},"potentialAction":[{"@type":"SearchAction","target":{"@type":"EntryPoint","urlTemplate":"https:\/\/stage.nordtec.se\/en\/?s={search_term_string}"},"query-input":{"@type":"PropertyValueSpecification","valueRequired":true,"valueName":"search_term_string"}}],"inLanguage":"en-US"},{"@type":"Organization","@id":"https:\/\/stage.nordtec.se\/en\/#organization","name":"Nordtec Instrument AB","url":"https:\/\/stage.nordtec.se\/en\/","logo":{"@type":"ImageObject","inLanguage":"en-US","@id":"https:\/\/stage.nordtec.se\/en\/#\/schema\/logo\/image\/","url":"https:\/\/stage.nordtec.se\/wp-content\/uploads\/2021\/08\/nordtec_logo_rgb-340px.png","contentUrl":"https:\/\/stage.nordtec.se\/wp-content\/uploads\/2021\/08\/nordtec_logo_rgb-340px.png","width":340,"height":75,"caption":"Nordtec Instrument AB"},"image":{"@id":"https:\/\/stage.nordtec.se\/en\/#\/schema\/logo\/image\/"},"sameAs":["https:\/\/www.facebook.com\/nordtecinstrument","https:\/\/www.instagram.com\/nordtec_instrument\/","https:\/\/www.linkedin.com\/company\/nordtec-instrument-ab\/","https:\/\/www.youtube.com\/channel\/UCbmAq3ZmfBKOGg7_igFURng"]}]}},"taxonomy_info":{"product_brand":[{"value":1435,"label":"Testo"}],"product_cat":[{"value":787,"label":"Building technology"},{"value":847,"label":"Differential pressure gauges"},{"value":782,"label":"HVAC &amp; Property"},{"value":781,"label":"Industry"},{"value":768,"label":"Measuring instruments"},{"value":797,"label":"Pressure gauges"},{"value":1426,"label":"testo Smart App"},{"value":839,"label":"The compact class"}],"product_tag":[{"value":850,"label":"Bluetooth"}]},"featured_image_src_large":["https:\/\/stage.nordtec.se\/wp-content\/uploads\/2022\/03\/testo-512-2-front-800px.png",800,800,false],"author_info":[],"comment_info":"","_links":{"self":[{"href":"https:\/\/stage.nordtec.se\/en\/wp-json\/wp\/v2\/product\/40855","targetHints":{"allow":["GET"]}}],"collection":[{"href":"https:\/\/stage.nordtec.se\/en\/wp-json\/wp\/v2\/product"}],"about":[{"href":"https:\/\/stage.nordtec.se\/en\/wp-json\/wp\/v2\/types\/product"}],"version-history":[{"count":3,"href":"https:\/\/stage.nordtec.se\/en\/wp-json\/wp\/v2\/product\/40855\/revisions"}],"predecessor-version":[{"id":51089,"href":"https:\/\/stage.nordtec.se\/en\/wp-json\/wp\/v2\/product\/40855\/revisions\/51089"}],"wp:featuredmedia":[{"embeddable":true,"href":"https:\/\/stage.nordtec.se\/en\/wp-json\/wp\/v2\/media\/39670"}],"wp:attachment":[{"href":"https:\/\/stage.nordtec.se\/en\/wp-json\/wp\/v2\/media?parent=40855"}],"wp:term":[{"taxonomy":"product_brand","embeddable":true,"href":"https:\/\/stage.nordtec.se\/en\/wp-json\/wp\/v2\/product_brand?post=40855"},{"taxonomy":"product_cat","embeddable":true,"href":"https:\/\/stage.nordtec.se\/en\/wp-json\/wp\/v2\/product_cat?post=40855"},{"taxonomy":"product_tag","embeddable":true,"href":"https:\/\/stage.nordtec.se\/en\/wp-json\/wp\/v2\/product_tag?post=40855"}],"curies":[{"name":"wp","href":"https:\/\/api.w.org\/{rel}","templated":true}]}}