{"id":40854,"date":"2022-03-30T16:31:33","date_gmt":"2022-03-30T14:31:33","guid":{"rendered":"https:\/\/stage.nordtec.se\/produkt\/uncategorized\/testo-300-pro-ii-o2-and-co-up-to-30-000-ppm\/"},"modified":"2026-05-04T08:50:55","modified_gmt":"2026-05-04T06:50:55","slug":"testo-300-pro-ii-o2-and-co-up-to-30-000-ppm","status":"publish","type":"product","link":"https:\/\/stage.nordtec.se\/en\/product\/measuring-instruments\/flue-gas-analysis-instruments\/testo-300-pro-ii-o2-and-co-up-to-30-000-ppm\/","title":{"rendered":"testo 300 Pro II &#8211; O2 and CO up to 30,000 ppm"},"content":{"rendered":"<h2>testo 300 Pro II &#8211; O2 and CO measurement up to 30,000 ppm<\/h2>\n<p>Truly smart flue gas measurement, that&#8217;s what testo 300 stands for. The compact flue gas meter is fully controlled via the large touchscreen. You see all the measured values directly without scrolling. The highly scratch-resistant display is housed in a robust plastic instrument housing, which can be relied on even under tough daily working conditions.   <\/p>\n<p>There are ready-made menus for the most important measurements to guide you through the work. In addition, the flue gas meter does not know what waiting times or start phases are. It is immediately ready to measure even if it is in standby mode. It handles documentation just as quickly &#8211; with the testo 300, reports can be created directly at the measurement site.   <\/p>\n<h2>Advantages of testo 300 Pro II<\/h2>\n<ul>\n<li>Large scratch-resistant 5-inch HD touchscreen with SmartTouch function and replaceable protective film<\/li>\n<li>Suitable for large boilers<\/li>\n<li>NO measuring cell can be retrofitted.<\/li>\n<li>Ready-made intuitive menus for all relevant measurements<\/li>\n<li>4 strong magnets with rubber coating for material-friendly mounting<\/li>\n<li>Ready to measure directly even in standby mode<\/li>\n<li>Create reports directly at the measurement site<\/li>\n<\/ul>\n<p><strong>Existing sensors<\/strong><\/p>\n<p>Sensors suitable for testo 320, testo 330 and testo 330-1\/-2 LL can also be connected to testo 300 thanks to the practical multi-pin connector.<\/p>\n<p><strong>New donors<\/strong><\/p>\n<p>New sensors with twist-proof USB C connection are available for temperature measurement, e.g. of supply and return temperatures and for measuring ambient CO.<\/p>\n<p><strong>Display with SmartTouch<\/strong><\/p>\n<p>The touchscreen with SmartTouch technology responds instantly without delay. Intuitive operation &#8211; as easy as using your smartphone <\/p>\n<p><strong>Reports  <\/strong><\/p>\n<p>The testo 300 allows you to document measurement results directly on site. In addition, there is a dictation function that saves you having to type in the data. <\/p>\n<p><strong>Full control of all metrics<\/strong><\/p>\n<p>You can see all system parameters directly on the large 5-inch HD touchscreen.<\/p>\n<p><strong>Get results faster<\/strong><\/p>\n<p>Clearly structured menus for all relevant measurements are ready in the measuring instrument and guide you efficiently.<\/p>\n<p><strong>Ready to use right away<\/strong><\/p>\n<p>No more waiting time. In standby mode, the testo 300 is immediately ready for measurement at the touch of a button. <\/p>\n<p>&nbsp;<br \/>\n<h2>S\u00e5 h\u00e4r underl\u00e4ttar testo Smart-appen f\u00f6r dig:<\/h2>\r\n<ul>\r\n<li>Enkel inst\u00e4llning av m\u00e4tinstrumentet<\/li>\r\n<li>Effektiv kund- och m\u00e4tplatshantering<\/li>\r\n<li>P\u00e5litlig lagring av alla m\u00e4tdata<\/li>\r\n<li>F\u00f6rvandlar mobilen till en andra sk\u00e4rm<\/li>\r\n<li>Visning av grafiska m\u00e4tv\u00e4rdeskurvor<\/li>\r\n<li>Enkel dokumentering av allt arbete<\/li>\r\n<li>Skicka rapporter direkt fr\u00e5n m\u00e4tplatsen via e-post<\/li>\r\n<\/ul>\r\n<p><a href=\"https:\/\/stage.nordtec.se\/testo-smart-appen\/\">testo Smart-appen<\/a> finns p\u00e5 Google Play och App Store. Den \u00e4r gratis att b\u00e5de ladda ned och anv\u00e4nda.<\/p>\r\n<p><a href=\"https:\/\/play.google.com\/store\/apps\/details?id=de.testo.smartprobesappgen2\" target=\"_blank\" rel=\"noopener\"><img loading=\"lazy\" decoding=\"async\" class=\"alignleft wp-image-30738\" title=\"testo Smart App - Google Play\" src=\"https:\/\/stage.nordtec.se\/wp-content\/uploads\/2023\/01\/google-play-badge-300x116.png\" alt=\"google play badge\" width=\"120\" height=\"46\" srcset=\"https:\/\/stage.nordtec.se\/wp-content\/uploads\/2023\/01\/google-play-badge-300x116.png 300w, https:\/\/stage.nordtec.se\/wp-content\/uploads\/2023\/01\/google-play-badge-416x161.png 416w, https:\/\/stage.nordtec.se\/wp-content\/uploads\/2023\/01\/google-play-badge-64x25.png 64w, https:\/\/stage.nordtec.se\/wp-content\/uploads\/2023\/01\/google-play-badge.png 646w\" sizes=\"auto, (max-width: 120px) 100vw, 120px\" \/><\/a><\/p>\r\n<p><a href=\"https:\/\/apps.apple.com\/se\/app\/testo-smart\/id1482139629\" target=\"_blank\" rel=\"noopener\"><img loading=\"lazy\" decoding=\"async\" class=\"alignleft wp-image-30740\" title=\"testo Smart app - App Store\" src=\"https:\/\/stage.nordtec.se\/wp-content\/uploads\/2023\/01\/app-store-badge-300x116.png\" alt=\"App Store Badge\" width=\"120\" height=\"46\" srcset=\"https:\/\/stage.nordtec.se\/wp-content\/uploads\/2023\/01\/app-store-badge-300x116.png 300w, https:\/\/stage.nordtec.se\/wp-content\/uploads\/2023\/01\/app-store-badge-416x161.png 416w, https:\/\/stage.nordtec.se\/wp-content\/uploads\/2023\/01\/app-store-badge-64x25.png 64w, https:\/\/stage.nordtec.se\/wp-content\/uploads\/2023\/01\/app-store-badge.png 646w\" sizes=\"auto, (max-width: 120px) 100vw, 120px\" \/><\/a><\/p>\r\n<p>&nbsp;<\/p><br \/>\n&nbsp;<\/p>\n<h2>Included in delivery<\/h2>\n<p>Flue gas meter testo 300 Pro II with<sub>O2<\/sub> and<sub>H2 compensated<\/sub> CO measuring cell up to 30 000 ppm, USB power supply.<\/p>\n","protected":false},"excerpt":{"rendered":"<p style=\"text-align: left;\">Measurement of O2 and CO (up to 30 000 ppm), optional NO<\/p>\n<ul>\n<li>Suitable for large boilers<\/li>\n<li style=\"text-align: left;\">Large touchscreen &#8211; as easy to use as your mobile phone<\/li>\n<li style=\"text-align: left;\">H2-compensated CO measuring cell<\/li>\n<li style=\"text-align: left;\">Automatic dilution up to 30 000 ppm CO<\/li>\n<li>Manage measurements with <a href=\"https:\/\/stage.nordtec.se\/en\/testo-smart-apps\/\" target=\"_blank\" rel=\"noopener\">the testo Smart app<\/a><\/li>\n<\/ul>\n","protected":false},"featured_media":38950,"template":"","meta":{"_kad_blocks_custom_css":"","_kad_blocks_head_custom_js":"","_kad_blocks_body_custom_js":"","_kad_blocks_footer_custom_js":"","footnotes":""},"product_brand":[],"product_cat":[799,768,1426],"product_tag":[],"class_list":{"0":"post-40854","1":"product","2":"type-product","3":"status-publish","4":"has-post-thumbnail","6":"product_cat-flue-gas-analysis-instruments","7":"product_cat-measuring-instruments","8":"product_cat-testo-smart-app","10":"first","11":"onbackorder","12":"taxable","13":"shipping-taxable","14":"purchasable","15":"product-type-simple"},"yoast_head":"<!-- This site is optimized with the Yoast SEO Premium plugin v27.3 (Yoast SEO v27.5) - https:\/\/yoast.com\/product\/yoast-seo-premium-wordpress\/ -->\n<title>testo 300 Pro II - O2 and CO up to 30,000 ppm | Nordtec<\/title>\n<meta name=\"description\" content=\"Measurement of O2 and CO (up to 30,000 ppm), optional NO \u1405 testo 300 Pro II \u2713 Suitable for large boilers \u2713 Large touch screen \u2713 Automatic dilution up to 30,000 ppm CO\" \/>\n<meta name=\"robots\" content=\"noindex, follow, max-snippet:-1, max-image-preview:large, max-video-preview:-1\" \/>\n<meta property=\"og:locale\" content=\"en_US\" \/>\n<meta property=\"og:type\" content=\"article\" \/>\n<meta property=\"og:title\" content=\"testo 300 Pro II - O2 and CO up to 30,000 ppm\" \/>\n<meta property=\"og:description\" content=\"Measurement of O2 and CO (up to 30,000 ppm), optional NO \u1405 testo 300 Pro II \u2713 Suitable for large boilers \u2713 Large touch screen \u2713 Automatic dilution up to 30,000 ppm CO\" \/>\n<meta property=\"og:url\" content=\"https:\/\/stage.nordtec.se\/en\/product\/measuring-instruments\/flue-gas-analysis-instruments\/testo-300-pro-ii-o2-and-co-up-to-30-000-ppm\/\" \/>\n<meta property=\"og:site_name\" content=\"Nordtec\" \/>\n<meta property=\"article:publisher\" content=\"https:\/\/www.facebook.com\/nordtecinstrument\" \/>\n<meta property=\"article:modified_time\" content=\"2026-05-04T06:50:55+00:00\" \/>\n<meta property=\"og:image\" content=\"https:\/\/stage.nordtec.se\/wp-content\/uploads\/2022\/03\/testo-300-with-bluetooth-front-SE_800px.png\" \/>\n\t<meta property=\"og:image:width\" content=\"800\" \/>\n\t<meta property=\"og:image:height\" content=\"800\" \/>\n\t<meta property=\"og:image:type\" content=\"image\/png\" \/>\n<meta name=\"twitter:card\" content=\"summary_large_image\" \/>\n<meta name=\"twitter:label1\" content=\"Est. reading time\" \/>\n\t<meta name=\"twitter:data1\" content=\"3 minutes\" \/>\n<script type=\"application\/ld+json\" class=\"yoast-schema-graph\">{\"@context\":\"https:\\\/\\\/schema.org\",\"@graph\":[{\"@type\":[\"WebPage\",\"ItemPage\"],\"@id\":\"https:\\\/\\\/stage.nordtec.se\\\/en\\\/product\\\/measuring-instruments\\\/flue-gas-analysis-instruments\\\/testo-300-pro-ii-o2-and-co-up-to-30-000-ppm\\\/\",\"url\":\"https:\\\/\\\/stage.nordtec.se\\\/en\\\/product\\\/measuring-instruments\\\/flue-gas-analysis-instruments\\\/testo-300-pro-ii-o2-and-co-up-to-30-000-ppm\\\/\",\"name\":\"testo 300 Pro II - O2 and CO up to 30,000 ppm | Nordtec\",\"isPartOf\":{\"@id\":\"https:\\\/\\\/stage.nordtec.se\\\/en\\\/#website\"},\"primaryImageOfPage\":{\"@id\":\"https:\\\/\\\/stage.nordtec.se\\\/en\\\/product\\\/measuring-instruments\\\/flue-gas-analysis-instruments\\\/testo-300-pro-ii-o2-and-co-up-to-30-000-ppm\\\/#primaryimage\"},\"image\":{\"@id\":\"https:\\\/\\\/stage.nordtec.se\\\/en\\\/product\\\/measuring-instruments\\\/flue-gas-analysis-instruments\\\/testo-300-pro-ii-o2-and-co-up-to-30-000-ppm\\\/#primaryimage\"},\"thumbnailUrl\":\"https:\\\/\\\/stage.nordtec.se\\\/wp-content\\\/uploads\\\/2022\\\/03\\\/testo-300-with-bluetooth-front-SE_800px.png\",\"datePublished\":\"2022-03-30T14:31:33+00:00\",\"dateModified\":\"2026-05-04T06:50:55+00:00\",\"description\":\"Measurement of O2 and CO (up to 30,000 ppm), optional NO \u1405 testo 300 Pro II \u2713 Suitable for large boilers \u2713 Large touch screen \u2713 Automatic dilution up to 30,000 ppm CO\",\"breadcrumb\":{\"@id\":\"https:\\\/\\\/stage.nordtec.se\\\/en\\\/product\\\/measuring-instruments\\\/flue-gas-analysis-instruments\\\/testo-300-pro-ii-o2-and-co-up-to-30-000-ppm\\\/#breadcrumb\"},\"inLanguage\":\"en-US\",\"potentialAction\":[{\"@type\":\"ReadAction\",\"target\":[\"https:\\\/\\\/stage.nordtec.se\\\/en\\\/product\\\/measuring-instruments\\\/flue-gas-analysis-instruments\\\/testo-300-pro-ii-o2-and-co-up-to-30-000-ppm\\\/\"]}]},{\"@type\":\"ImageObject\",\"inLanguage\":\"en-US\",\"@id\":\"https:\\\/\\\/stage.nordtec.se\\\/en\\\/product\\\/measuring-instruments\\\/flue-gas-analysis-instruments\\\/testo-300-pro-ii-o2-and-co-up-to-30-000-ppm\\\/#primaryimage\",\"url\":\"https:\\\/\\\/stage.nordtec.se\\\/wp-content\\\/uploads\\\/2022\\\/03\\\/testo-300-with-bluetooth-front-SE_800px.png\",\"contentUrl\":\"https:\\\/\\\/stage.nordtec.se\\\/wp-content\\\/uploads\\\/2022\\\/03\\\/testo-300-with-bluetooth-front-SE_800px.png\",\"width\":800,\"height\":800,\"caption\":\"testo 300 with bluetooth Swedish\"},{\"@type\":\"BreadcrumbList\",\"@id\":\"https:\\\/\\\/stage.nordtec.se\\\/en\\\/product\\\/measuring-instruments\\\/flue-gas-analysis-instruments\\\/testo-300-pro-ii-o2-and-co-up-to-30-000-ppm\\\/#breadcrumb\",\"itemListElement\":[{\"@type\":\"ListItem\",\"position\":1,\"name\":\"Hem\",\"item\":\"https:\\\/\\\/stage.nordtec.se\\\/en\\\/\"},{\"@type\":\"ListItem\",\"position\":2,\"name\":\"Shop\",\"item\":\"https:\\\/\\\/stage.nordtec.se\\\/shop\\\/?lang=en\"},{\"@type\":\"ListItem\",\"position\":3,\"name\":\"testo 300 Pro II &#8211; O2 and CO up to 30,000 ppm\"}]},{\"@type\":\"WebSite\",\"@id\":\"https:\\\/\\\/stage.nordtec.se\\\/en\\\/#website\",\"url\":\"https:\\\/\\\/stage.nordtec.se\\\/en\\\/\",\"name\":\"Nordtec\",\"description\":\"Din partner inom m\u00e4tteknik\",\"publisher\":{\"@id\":\"https:\\\/\\\/stage.nordtec.se\\\/en\\\/#organization\"},\"potentialAction\":[{\"@type\":\"SearchAction\",\"target\":{\"@type\":\"EntryPoint\",\"urlTemplate\":\"https:\\\/\\\/stage.nordtec.se\\\/en\\\/?s={search_term_string}\"},\"query-input\":{\"@type\":\"PropertyValueSpecification\",\"valueRequired\":true,\"valueName\":\"search_term_string\"}}],\"inLanguage\":\"en-US\"},{\"@type\":\"Organization\",\"@id\":\"https:\\\/\\\/stage.nordtec.se\\\/en\\\/#organization\",\"name\":\"Nordtec Instrument AB\",\"url\":\"https:\\\/\\\/stage.nordtec.se\\\/en\\\/\",\"logo\":{\"@type\":\"ImageObject\",\"inLanguage\":\"en-US\",\"@id\":\"https:\\\/\\\/stage.nordtec.se\\\/en\\\/#\\\/schema\\\/logo\\\/image\\\/\",\"url\":\"https:\\\/\\\/stage.nordtec.se\\\/wp-content\\\/uploads\\\/2021\\\/08\\\/nordtec_logo_rgb-340px.png\",\"contentUrl\":\"https:\\\/\\\/stage.nordtec.se\\\/wp-content\\\/uploads\\\/2021\\\/08\\\/nordtec_logo_rgb-340px.png\",\"width\":340,\"height\":75,\"caption\":\"Nordtec Instrument AB\"},\"image\":{\"@id\":\"https:\\\/\\\/stage.nordtec.se\\\/en\\\/#\\\/schema\\\/logo\\\/image\\\/\"},\"sameAs\":[\"https:\\\/\\\/www.facebook.com\\\/nordtecinstrument\",\"https:\\\/\\\/www.instagram.com\\\/nordtec_instrument\\\/\",\"https:\\\/\\\/www.linkedin.com\\\/company\\\/nordtec-instrument-ab\\\/\",\"https:\\\/\\\/www.youtube.com\\\/channel\\\/UCbmAq3ZmfBKOGg7_igFURng\"]}]}<\/script>\n<!-- \/ Yoast SEO Premium plugin. -->","yoast_head_json":{"title":"testo 300 Pro II - O2 and CO up to 30,000 ppm | Nordtec","description":"Measurement of O2 and CO (up to 30,000 ppm), optional NO \u1405 testo 300 Pro II \u2713 Suitable for large boilers \u2713 Large touch screen \u2713 Automatic dilution up to 30,000 ppm CO","robots":{"index":"noindex","follow":"follow","max-snippet":"max-snippet:-1","max-image-preview":"max-image-preview:large","max-video-preview":"max-video-preview:-1"},"og_locale":"en_US","og_type":"article","og_title":"testo 300 Pro II - O2 and CO up to 30,000 ppm","og_description":"Measurement of O2 and CO (up to 30,000 ppm), optional NO \u1405 testo 300 Pro II \u2713 Suitable for large boilers \u2713 Large touch screen \u2713 Automatic dilution up to 30,000 ppm CO","og_url":"https:\/\/stage.nordtec.se\/en\/product\/measuring-instruments\/flue-gas-analysis-instruments\/testo-300-pro-ii-o2-and-co-up-to-30-000-ppm\/","og_site_name":"Nordtec","article_publisher":"https:\/\/www.facebook.com\/nordtecinstrument","article_modified_time":"2026-05-04T06:50:55+00:00","og_image":[{"width":800,"height":800,"url":"https:\/\/stage.nordtec.se\/wp-content\/uploads\/2022\/03\/testo-300-with-bluetooth-front-SE_800px.png","type":"image\/png"}],"twitter_card":"summary_large_image","twitter_misc":{"Est. reading time":"3 minutes"},"schema":{"@context":"https:\/\/schema.org","@graph":[{"@type":["WebPage","ItemPage"],"@id":"https:\/\/stage.nordtec.se\/en\/product\/measuring-instruments\/flue-gas-analysis-instruments\/testo-300-pro-ii-o2-and-co-up-to-30-000-ppm\/","url":"https:\/\/stage.nordtec.se\/en\/product\/measuring-instruments\/flue-gas-analysis-instruments\/testo-300-pro-ii-o2-and-co-up-to-30-000-ppm\/","name":"testo 300 Pro II - O2 and CO up to 30,000 ppm | Nordtec","isPartOf":{"@id":"https:\/\/stage.nordtec.se\/en\/#website"},"primaryImageOfPage":{"@id":"https:\/\/stage.nordtec.se\/en\/product\/measuring-instruments\/flue-gas-analysis-instruments\/testo-300-pro-ii-o2-and-co-up-to-30-000-ppm\/#primaryimage"},"image":{"@id":"https:\/\/stage.nordtec.se\/en\/product\/measuring-instruments\/flue-gas-analysis-instruments\/testo-300-pro-ii-o2-and-co-up-to-30-000-ppm\/#primaryimage"},"thumbnailUrl":"https:\/\/stage.nordtec.se\/wp-content\/uploads\/2022\/03\/testo-300-with-bluetooth-front-SE_800px.png","datePublished":"2022-03-30T14:31:33+00:00","dateModified":"2026-05-04T06:50:55+00:00","description":"Measurement of O2 and CO (up to 30,000 ppm), optional NO \u1405 testo 300 Pro II \u2713 Suitable for large boilers \u2713 Large touch screen \u2713 Automatic dilution up to 30,000 ppm CO","breadcrumb":{"@id":"https:\/\/stage.nordtec.se\/en\/product\/measuring-instruments\/flue-gas-analysis-instruments\/testo-300-pro-ii-o2-and-co-up-to-30-000-ppm\/#breadcrumb"},"inLanguage":"en-US","potentialAction":[{"@type":"ReadAction","target":["https:\/\/stage.nordtec.se\/en\/product\/measuring-instruments\/flue-gas-analysis-instruments\/testo-300-pro-ii-o2-and-co-up-to-30-000-ppm\/"]}]},{"@type":"ImageObject","inLanguage":"en-US","@id":"https:\/\/stage.nordtec.se\/en\/product\/measuring-instruments\/flue-gas-analysis-instruments\/testo-300-pro-ii-o2-and-co-up-to-30-000-ppm\/#primaryimage","url":"https:\/\/stage.nordtec.se\/wp-content\/uploads\/2022\/03\/testo-300-with-bluetooth-front-SE_800px.png","contentUrl":"https:\/\/stage.nordtec.se\/wp-content\/uploads\/2022\/03\/testo-300-with-bluetooth-front-SE_800px.png","width":800,"height":800,"caption":"testo 300 with bluetooth Swedish"},{"@type":"BreadcrumbList","@id":"https:\/\/stage.nordtec.se\/en\/product\/measuring-instruments\/flue-gas-analysis-instruments\/testo-300-pro-ii-o2-and-co-up-to-30-000-ppm\/#breadcrumb","itemListElement":[{"@type":"ListItem","position":1,"name":"Hem","item":"https:\/\/stage.nordtec.se\/en\/"},{"@type":"ListItem","position":2,"name":"Shop","item":"https:\/\/stage.nordtec.se\/shop\/?lang=en"},{"@type":"ListItem","position":3,"name":"testo 300 Pro II &#8211; O2 and CO up to 30,000 ppm"}]},{"@type":"WebSite","@id":"https:\/\/stage.nordtec.se\/en\/#website","url":"https:\/\/stage.nordtec.se\/en\/","name":"Nordtec","description":"Din partner inom m\u00e4tteknik","publisher":{"@id":"https:\/\/stage.nordtec.se\/en\/#organization"},"potentialAction":[{"@type":"SearchAction","target":{"@type":"EntryPoint","urlTemplate":"https:\/\/stage.nordtec.se\/en\/?s={search_term_string}"},"query-input":{"@type":"PropertyValueSpecification","valueRequired":true,"valueName":"search_term_string"}}],"inLanguage":"en-US"},{"@type":"Organization","@id":"https:\/\/stage.nordtec.se\/en\/#organization","name":"Nordtec Instrument AB","url":"https:\/\/stage.nordtec.se\/en\/","logo":{"@type":"ImageObject","inLanguage":"en-US","@id":"https:\/\/stage.nordtec.se\/en\/#\/schema\/logo\/image\/","url":"https:\/\/stage.nordtec.se\/wp-content\/uploads\/2021\/08\/nordtec_logo_rgb-340px.png","contentUrl":"https:\/\/stage.nordtec.se\/wp-content\/uploads\/2021\/08\/nordtec_logo_rgb-340px.png","width":340,"height":75,"caption":"Nordtec Instrument AB"},"image":{"@id":"https:\/\/stage.nordtec.se\/en\/#\/schema\/logo\/image\/"},"sameAs":["https:\/\/www.facebook.com\/nordtecinstrument","https:\/\/www.instagram.com\/nordtec_instrument\/","https:\/\/www.linkedin.com\/company\/nordtec-instrument-ab\/","https:\/\/www.youtube.com\/channel\/UCbmAq3ZmfBKOGg7_igFURng"]}]}},"taxonomy_info":{"product_cat":[{"value":799,"label":"Flue gas analysis instruments"},{"value":768,"label":"Measuring instruments"},{"value":1426,"label":"testo Smart App"}]},"featured_image_src_large":["https:\/\/stage.nordtec.se\/wp-content\/uploads\/2022\/03\/testo-300-with-bluetooth-front-SE_800px.png",800,800,false],"author_info":[],"comment_info":"","_links":{"self":[{"href":"https:\/\/stage.nordtec.se\/en\/wp-json\/wp\/v2\/product\/40854","targetHints":{"allow":["GET"]}}],"collection":[{"href":"https:\/\/stage.nordtec.se\/en\/wp-json\/wp\/v2\/product"}],"about":[{"href":"https:\/\/stage.nordtec.se\/en\/wp-json\/wp\/v2\/types\/product"}],"version-history":[{"count":6,"href":"https:\/\/stage.nordtec.se\/en\/wp-json\/wp\/v2\/product\/40854\/revisions"}],"predecessor-version":[{"id":60792,"href":"https:\/\/stage.nordtec.se\/en\/wp-json\/wp\/v2\/product\/40854\/revisions\/60792"}],"wp:featuredmedia":[{"embeddable":true,"href":"https:\/\/stage.nordtec.se\/en\/wp-json\/wp\/v2\/media\/38950"}],"wp:attachment":[{"href":"https:\/\/stage.nordtec.se\/en\/wp-json\/wp\/v2\/media?parent=40854"}],"wp:term":[{"taxonomy":"product_brand","embeddable":true,"href":"https:\/\/stage.nordtec.se\/en\/wp-json\/wp\/v2\/product_brand?post=40854"},{"taxonomy":"product_cat","embeddable":true,"href":"https:\/\/stage.nordtec.se\/en\/wp-json\/wp\/v2\/product_cat?post=40854"},{"taxonomy":"product_tag","embeddable":true,"href":"https:\/\/stage.nordtec.se\/en\/wp-json\/wp\/v2\/product_tag?post=40854"}],"curies":[{"name":"wp","href":"https:\/\/api.w.org\/{rel}","templated":true}]}}