{"id":40849,"date":"2022-03-30T16:35:46","date_gmt":"2022-03-30T14:35:46","guid":{"rendered":"https:\/\/stage.nordtec.se\/produkt\/uncategorized\/testo-315-4-accurate-and-robust-co-meter\/"},"modified":"2025-05-06T14:38:07","modified_gmt":"2025-05-06T12:38:07","slug":"testo-315-4-accurate-and-robust-co-meter","status":"publish","type":"product","link":"https:\/\/stage.nordtec.se\/en\/product\/measuring-instruments\/environmental-instruments\/gas-meters\/testo-315-4-accurate-and-robust-co-meter\/","title":{"rendered":"testo 315-4 &#8211; accurate and robust CO meter"},"content":{"rendered":"<h2>testo 315-4 &#8211; accurate and robust CO meter<\/h2>\n<p>Advanced technology, easy to use, robust design: the CO meter testo 315-4 is your reliable partner for measuring carbon monoxide in the ambient air. For example, you can detect CO in the ambient air around heating systems. It is also possible to measure humidity and temperature in parallel. You see the measurement results directly on the digital display. If the individually adjustable limit values are exceeded, the CO meter emits a light and sound alarm.<\/p>\n<h2>The main benefits<\/h2>\n<p>The cleverly designed CO measuring instrument with lithium polymer battery ensures energy-saving operation: when not in use, it automatically switches off.<\/p>\n<ul>\n<li>T\u00dcV tested in accordance with EN 50543<\/li>\n<li>Electrochemical CO sensor for reliable and highly accurate measurement results<\/li>\n<li>Light and sound alarm when limit values are exceeded (freely adjustable limit values)<\/li>\n<li>Measurement data can be printed directly on site<\/li>\n<\/ul>\n<p>Depending on your individual practical requirements, you can extend the performance range of the testo 315-4 CO measuring instrument with accessories:<\/p>\n<ul>\n<li>TopSafe: the water- and dirt-repellent protective case protects the CO meter even in damp, dirty working environments.<\/li>\n<li>Testo fast printer: the fast printer prints out measurement results directly on site &#8211; e.g. in the field. as documentation for the customer. The measurement results are transferred from the CO measuring instrument to the convenient and fast printer via the wireless infrared interface.<\/li>\n<li>Temperature\/humidity module: the module extends the instrument&#8217;s capabilities to also measure temperature and humidity.<\/li>\n<\/ul>\n<h2>Included in the delivery<\/h2>\n<p>testo 315-4 comes with USB power supply, cable and factory protocol.<\/p>\n<p><span class=\"ui-provider ed ayd aye ayf ayg ayh ayi ayj ayk ayl aym ayn ayo ayp ayq ayr ays ayt ayu ayv ayw ayx ayy ayz aza azb azc azd aze azf azg azh azi azj azk\" dir=\"ltr\"><strong>Fabriksprotokoll:<\/strong>\u00a0utf\u00e4rdas p\u00e5 fabriken efter en kontroll av att produkten fungerar och uppfyller angiven m\u00e4tnoggrannhet. L\u00e4s om <a href=\"https:\/\/stage.nordtec.se\/kalibrering\/iso-9001-kraver-kalibrerad-matutrustning\/\"><u>skillnaden mellan fabriksprotokoll och ackrediterad kalibrering<\/u><\/a>.<\/span><\/p>\n","protected":false},"excerpt":{"rendered":"<p>CO meter with electrochemical CO sensor for reliable and highly accurate measurement results<\/p>\n<ul>\n<li>Light and sound alarm when limit values are exceeded (freely adjustable limit values)<\/li>\n<li>Measurement data can be printed directly on site<\/li>\n<\/ul>\n","protected":false},"featured_media":38167,"template":"","meta":{"_kad_blocks_custom_css":"","_kad_blocks_head_custom_js":"","_kad_blocks_body_custom_js":"","_kad_blocks_footer_custom_js":"","footnotes":""},"product_brand":[1435],"product_cat":[820,800,781,768],"product_tag":[],"class_list":{"0":"post-40849","1":"product","2":"type-product","3":"status-publish","4":"has-post-thumbnail","6":"product_brand-testo","7":"product_cat-environmental-instruments","8":"product_cat-gas-meters","9":"product_cat-industry","10":"product_cat-measuring-instruments","12":"first","13":"onbackorder","14":"taxable","15":"shipping-taxable","16":"purchasable","17":"product-type-simple"},"yoast_head":"<!-- This site is optimized with the Yoast SEO Premium plugin v27.3 (Yoast SEO v27.5) - https:\/\/yoast.com\/product\/yoast-seo-premium-wordpress\/ -->\n<title>testo 315-4 - accurate and robust CO meter | Nordtec<\/title>\n<meta name=\"description\" content=\"CO meter with electrochemical CO sensor for reliable measurement results \u1405 testo 315-4 \u2713 Light and sound alarm when limit values are exceeded (freely adjustable limit values)\" \/>\n<meta name=\"robots\" content=\"noindex, follow, max-snippet:-1, max-image-preview:large, max-video-preview:-1\" \/>\n<meta property=\"og:locale\" content=\"en_US\" \/>\n<meta property=\"og:type\" content=\"article\" \/>\n<meta property=\"og:title\" content=\"testo 315-4 - accurate and robust CO meter\" \/>\n<meta property=\"og:description\" content=\"CO meter with electrochemical CO sensor for reliable measurement results \u1405 testo 315-4 \u2713 Light and sound alarm when limit values are exceeded (freely adjustable limit values)\" \/>\n<meta property=\"og:url\" content=\"https:\/\/stage.nordtec.se\/en\/product\/measuring-instruments\/environmental-instruments\/gas-meters\/testo-315-4-accurate-and-robust-co-meter\/\" \/>\n<meta property=\"og:site_name\" content=\"Nordtec\" \/>\n<meta property=\"article:publisher\" content=\"https:\/\/www.facebook.com\/nordtecinstrument\" \/>\n<meta property=\"article:modified_time\" content=\"2025-05-06T12:38:07+00:00\" \/>\n<meta property=\"og:image\" content=\"https:\/\/stage.nordtec.se\/wp-content\/uploads\/2022\/03\/testo-315-4_p_in_iaq_005818_800px.png\" \/>\n\t<meta property=\"og:image:width\" content=\"800\" \/>\n\t<meta property=\"og:image:height\" content=\"800\" \/>\n\t<meta property=\"og:image:type\" content=\"image\/png\" \/>\n<meta name=\"twitter:card\" content=\"summary_large_image\" \/>\n<meta name=\"twitter:label1\" content=\"Est. reading time\" \/>\n\t<meta name=\"twitter:data1\" content=\"2 minutes\" \/>\n<script type=\"application\/ld+json\" class=\"yoast-schema-graph\">{\"@context\":\"https:\\\/\\\/schema.org\",\"@graph\":[{\"@type\":[\"WebPage\",\"ItemPage\"],\"@id\":\"https:\\\/\\\/stage.nordtec.se\\\/en\\\/product\\\/measuring-instruments\\\/environmental-instruments\\\/gas-meters\\\/testo-315-4-accurate-and-robust-co-meter\\\/\",\"url\":\"https:\\\/\\\/stage.nordtec.se\\\/en\\\/product\\\/measuring-instruments\\\/environmental-instruments\\\/gas-meters\\\/testo-315-4-accurate-and-robust-co-meter\\\/\",\"name\":\"testo 315-4 - accurate and robust CO meter | Nordtec\",\"isPartOf\":{\"@id\":\"https:\\\/\\\/stage.nordtec.se\\\/en\\\/#website\"},\"primaryImageOfPage\":{\"@id\":\"https:\\\/\\\/stage.nordtec.se\\\/en\\\/product\\\/measuring-instruments\\\/environmental-instruments\\\/gas-meters\\\/testo-315-4-accurate-and-robust-co-meter\\\/#primaryimage\"},\"image\":{\"@id\":\"https:\\\/\\\/stage.nordtec.se\\\/en\\\/product\\\/measuring-instruments\\\/environmental-instruments\\\/gas-meters\\\/testo-315-4-accurate-and-robust-co-meter\\\/#primaryimage\"},\"thumbnailUrl\":\"https:\\\/\\\/stage.nordtec.se\\\/wp-content\\\/uploads\\\/2022\\\/03\\\/testo-315-4_p_in_iaq_005818_800px.png\",\"datePublished\":\"2022-03-30T14:35:46+00:00\",\"dateModified\":\"2025-05-06T12:38:07+00:00\",\"description\":\"CO meter with electrochemical CO sensor for reliable measurement results \u1405 testo 315-4 \u2713 Light and sound alarm when limit values are exceeded (freely adjustable limit values)\",\"breadcrumb\":{\"@id\":\"https:\\\/\\\/stage.nordtec.se\\\/en\\\/product\\\/measuring-instruments\\\/environmental-instruments\\\/gas-meters\\\/testo-315-4-accurate-and-robust-co-meter\\\/#breadcrumb\"},\"inLanguage\":\"en-US\",\"potentialAction\":[{\"@type\":\"ReadAction\",\"target\":[\"https:\\\/\\\/stage.nordtec.se\\\/en\\\/product\\\/measuring-instruments\\\/environmental-instruments\\\/gas-meters\\\/testo-315-4-accurate-and-robust-co-meter\\\/\"]}]},{\"@type\":\"ImageObject\",\"inLanguage\":\"en-US\",\"@id\":\"https:\\\/\\\/stage.nordtec.se\\\/en\\\/product\\\/measuring-instruments\\\/environmental-instruments\\\/gas-meters\\\/testo-315-4-accurate-and-robust-co-meter\\\/#primaryimage\",\"url\":\"https:\\\/\\\/stage.nordtec.se\\\/wp-content\\\/uploads\\\/2022\\\/03\\\/testo-315-4_p_in_iaq_005818_800px.png\",\"contentUrl\":\"https:\\\/\\\/stage.nordtec.se\\\/wp-content\\\/uploads\\\/2022\\\/03\\\/testo-315-4_p_in_iaq_005818_800px.png\",\"width\":800,\"height\":800,\"caption\":\"CO meter testo 315-4\"},{\"@type\":\"BreadcrumbList\",\"@id\":\"https:\\\/\\\/stage.nordtec.se\\\/en\\\/product\\\/measuring-instruments\\\/environmental-instruments\\\/gas-meters\\\/testo-315-4-accurate-and-robust-co-meter\\\/#breadcrumb\",\"itemListElement\":[{\"@type\":\"ListItem\",\"position\":1,\"name\":\"Hem\",\"item\":\"https:\\\/\\\/stage.nordtec.se\\\/en\\\/\"},{\"@type\":\"ListItem\",\"position\":2,\"name\":\"Shop\",\"item\":\"https:\\\/\\\/stage.nordtec.se\\\/shop\\\/?lang=en\"},{\"@type\":\"ListItem\",\"position\":3,\"name\":\"testo 315-4 &#8211; accurate and robust CO meter\"}]},{\"@type\":\"WebSite\",\"@id\":\"https:\\\/\\\/stage.nordtec.se\\\/en\\\/#website\",\"url\":\"https:\\\/\\\/stage.nordtec.se\\\/en\\\/\",\"name\":\"Nordtec\",\"description\":\"Din partner inom m\u00e4tteknik\",\"publisher\":{\"@id\":\"https:\\\/\\\/stage.nordtec.se\\\/en\\\/#organization\"},\"potentialAction\":[{\"@type\":\"SearchAction\",\"target\":{\"@type\":\"EntryPoint\",\"urlTemplate\":\"https:\\\/\\\/stage.nordtec.se\\\/en\\\/?s={search_term_string}\"},\"query-input\":{\"@type\":\"PropertyValueSpecification\",\"valueRequired\":true,\"valueName\":\"search_term_string\"}}],\"inLanguage\":\"en-US\"},{\"@type\":\"Organization\",\"@id\":\"https:\\\/\\\/stage.nordtec.se\\\/en\\\/#organization\",\"name\":\"Nordtec Instrument AB\",\"url\":\"https:\\\/\\\/stage.nordtec.se\\\/en\\\/\",\"logo\":{\"@type\":\"ImageObject\",\"inLanguage\":\"en-US\",\"@id\":\"https:\\\/\\\/stage.nordtec.se\\\/en\\\/#\\\/schema\\\/logo\\\/image\\\/\",\"url\":\"https:\\\/\\\/stage.nordtec.se\\\/wp-content\\\/uploads\\\/2021\\\/08\\\/nordtec_logo_rgb-340px.png\",\"contentUrl\":\"https:\\\/\\\/stage.nordtec.se\\\/wp-content\\\/uploads\\\/2021\\\/08\\\/nordtec_logo_rgb-340px.png\",\"width\":340,\"height\":75,\"caption\":\"Nordtec Instrument AB\"},\"image\":{\"@id\":\"https:\\\/\\\/stage.nordtec.se\\\/en\\\/#\\\/schema\\\/logo\\\/image\\\/\"},\"sameAs\":[\"https:\\\/\\\/www.facebook.com\\\/nordtecinstrument\",\"https:\\\/\\\/www.instagram.com\\\/nordtec_instrument\\\/\",\"https:\\\/\\\/www.linkedin.com\\\/company\\\/nordtec-instrument-ab\\\/\",\"https:\\\/\\\/www.youtube.com\\\/channel\\\/UCbmAq3ZmfBKOGg7_igFURng\"]}]}<\/script>\n<!-- \/ Yoast SEO Premium plugin. -->","yoast_head_json":{"title":"testo 315-4 - accurate and robust CO meter | Nordtec","description":"CO meter with electrochemical CO sensor for reliable measurement results \u1405 testo 315-4 \u2713 Light and sound alarm when limit values are exceeded (freely adjustable limit values)","robots":{"index":"noindex","follow":"follow","max-snippet":"max-snippet:-1","max-image-preview":"max-image-preview:large","max-video-preview":"max-video-preview:-1"},"og_locale":"en_US","og_type":"article","og_title":"testo 315-4 - accurate and robust CO meter","og_description":"CO meter with electrochemical CO sensor for reliable measurement results \u1405 testo 315-4 \u2713 Light and sound alarm when limit values are exceeded (freely adjustable limit values)","og_url":"https:\/\/stage.nordtec.se\/en\/product\/measuring-instruments\/environmental-instruments\/gas-meters\/testo-315-4-accurate-and-robust-co-meter\/","og_site_name":"Nordtec","article_publisher":"https:\/\/www.facebook.com\/nordtecinstrument","article_modified_time":"2025-05-06T12:38:07+00:00","og_image":[{"width":800,"height":800,"url":"https:\/\/stage.nordtec.se\/wp-content\/uploads\/2022\/03\/testo-315-4_p_in_iaq_005818_800px.png","type":"image\/png"}],"twitter_card":"summary_large_image","twitter_misc":{"Est. reading time":"2 minutes"},"schema":{"@context":"https:\/\/schema.org","@graph":[{"@type":["WebPage","ItemPage"],"@id":"https:\/\/stage.nordtec.se\/en\/product\/measuring-instruments\/environmental-instruments\/gas-meters\/testo-315-4-accurate-and-robust-co-meter\/","url":"https:\/\/stage.nordtec.se\/en\/product\/measuring-instruments\/environmental-instruments\/gas-meters\/testo-315-4-accurate-and-robust-co-meter\/","name":"testo 315-4 - accurate and robust CO meter | Nordtec","isPartOf":{"@id":"https:\/\/stage.nordtec.se\/en\/#website"},"primaryImageOfPage":{"@id":"https:\/\/stage.nordtec.se\/en\/product\/measuring-instruments\/environmental-instruments\/gas-meters\/testo-315-4-accurate-and-robust-co-meter\/#primaryimage"},"image":{"@id":"https:\/\/stage.nordtec.se\/en\/product\/measuring-instruments\/environmental-instruments\/gas-meters\/testo-315-4-accurate-and-robust-co-meter\/#primaryimage"},"thumbnailUrl":"https:\/\/stage.nordtec.se\/wp-content\/uploads\/2022\/03\/testo-315-4_p_in_iaq_005818_800px.png","datePublished":"2022-03-30T14:35:46+00:00","dateModified":"2025-05-06T12:38:07+00:00","description":"CO meter with electrochemical CO sensor for reliable measurement results \u1405 testo 315-4 \u2713 Light and sound alarm when limit values are exceeded (freely adjustable limit values)","breadcrumb":{"@id":"https:\/\/stage.nordtec.se\/en\/product\/measuring-instruments\/environmental-instruments\/gas-meters\/testo-315-4-accurate-and-robust-co-meter\/#breadcrumb"},"inLanguage":"en-US","potentialAction":[{"@type":"ReadAction","target":["https:\/\/stage.nordtec.se\/en\/product\/measuring-instruments\/environmental-instruments\/gas-meters\/testo-315-4-accurate-and-robust-co-meter\/"]}]},{"@type":"ImageObject","inLanguage":"en-US","@id":"https:\/\/stage.nordtec.se\/en\/product\/measuring-instruments\/environmental-instruments\/gas-meters\/testo-315-4-accurate-and-robust-co-meter\/#primaryimage","url":"https:\/\/stage.nordtec.se\/wp-content\/uploads\/2022\/03\/testo-315-4_p_in_iaq_005818_800px.png","contentUrl":"https:\/\/stage.nordtec.se\/wp-content\/uploads\/2022\/03\/testo-315-4_p_in_iaq_005818_800px.png","width":800,"height":800,"caption":"CO meter testo 315-4"},{"@type":"BreadcrumbList","@id":"https:\/\/stage.nordtec.se\/en\/product\/measuring-instruments\/environmental-instruments\/gas-meters\/testo-315-4-accurate-and-robust-co-meter\/#breadcrumb","itemListElement":[{"@type":"ListItem","position":1,"name":"Hem","item":"https:\/\/stage.nordtec.se\/en\/"},{"@type":"ListItem","position":2,"name":"Shop","item":"https:\/\/stage.nordtec.se\/shop\/?lang=en"},{"@type":"ListItem","position":3,"name":"testo 315-4 &#8211; accurate and robust CO meter"}]},{"@type":"WebSite","@id":"https:\/\/stage.nordtec.se\/en\/#website","url":"https:\/\/stage.nordtec.se\/en\/","name":"Nordtec","description":"Din partner inom m\u00e4tteknik","publisher":{"@id":"https:\/\/stage.nordtec.se\/en\/#organization"},"potentialAction":[{"@type":"SearchAction","target":{"@type":"EntryPoint","urlTemplate":"https:\/\/stage.nordtec.se\/en\/?s={search_term_string}"},"query-input":{"@type":"PropertyValueSpecification","valueRequired":true,"valueName":"search_term_string"}}],"inLanguage":"en-US"},{"@type":"Organization","@id":"https:\/\/stage.nordtec.se\/en\/#organization","name":"Nordtec Instrument AB","url":"https:\/\/stage.nordtec.se\/en\/","logo":{"@type":"ImageObject","inLanguage":"en-US","@id":"https:\/\/stage.nordtec.se\/en\/#\/schema\/logo\/image\/","url":"https:\/\/stage.nordtec.se\/wp-content\/uploads\/2021\/08\/nordtec_logo_rgb-340px.png","contentUrl":"https:\/\/stage.nordtec.se\/wp-content\/uploads\/2021\/08\/nordtec_logo_rgb-340px.png","width":340,"height":75,"caption":"Nordtec Instrument AB"},"image":{"@id":"https:\/\/stage.nordtec.se\/en\/#\/schema\/logo\/image\/"},"sameAs":["https:\/\/www.facebook.com\/nordtecinstrument","https:\/\/www.instagram.com\/nordtec_instrument\/","https:\/\/www.linkedin.com\/company\/nordtec-instrument-ab\/","https:\/\/www.youtube.com\/channel\/UCbmAq3ZmfBKOGg7_igFURng"]}]}},"taxonomy_info":{"product_brand":[{"value":1435,"label":"Testo"}],"product_cat":[{"value":820,"label":"Environmental instruments"},{"value":800,"label":"Gas meters"},{"value":781,"label":"Industry"},{"value":768,"label":"Measuring instruments"}]},"featured_image_src_large":["https:\/\/stage.nordtec.se\/wp-content\/uploads\/2022\/03\/testo-315-4_p_in_iaq_005818_800px.png",800,800,false],"author_info":[],"comment_info":"","_links":{"self":[{"href":"https:\/\/stage.nordtec.se\/en\/wp-json\/wp\/v2\/product\/40849","targetHints":{"allow":["GET"]}}],"collection":[{"href":"https:\/\/stage.nordtec.se\/en\/wp-json\/wp\/v2\/product"}],"about":[{"href":"https:\/\/stage.nordtec.se\/en\/wp-json\/wp\/v2\/types\/product"}],"version-history":[{"count":1,"href":"https:\/\/stage.nordtec.se\/en\/wp-json\/wp\/v2\/product\/40849\/revisions"}],"predecessor-version":[{"id":44451,"href":"https:\/\/stage.nordtec.se\/en\/wp-json\/wp\/v2\/product\/40849\/revisions\/44451"}],"wp:featuredmedia":[{"embeddable":true,"href":"https:\/\/stage.nordtec.se\/en\/wp-json\/wp\/v2\/media\/38167"}],"wp:attachment":[{"href":"https:\/\/stage.nordtec.se\/en\/wp-json\/wp\/v2\/media?parent=40849"}],"wp:term":[{"taxonomy":"product_brand","embeddable":true,"href":"https:\/\/stage.nordtec.se\/en\/wp-json\/wp\/v2\/product_brand?post=40849"},{"taxonomy":"product_cat","embeddable":true,"href":"https:\/\/stage.nordtec.se\/en\/wp-json\/wp\/v2\/product_cat?post=40849"},{"taxonomy":"product_tag","embeddable":true,"href":"https:\/\/stage.nordtec.se\/en\/wp-json\/wp\/v2\/product_tag?post=40849"}],"curies":[{"name":"wp","href":"https:\/\/api.w.org\/{rel}","templated":true}]}}