{"id":40835,"date":"2022-03-30T16:41:34","date_gmt":"2022-03-30T14:41:34","guid":{"rendered":"https:\/\/stage.nordtec.se\/produkt\/uncategorized\/testo-770-2-seaweed-ammeter-with-temperature-measurement\/"},"modified":"2025-05-06T14:35:43","modified_gmt":"2025-05-06T12:35:43","slug":"testo-770-2-seaweed-ammeter-with-temperature-measurement","status":"publish","type":"product","link":"https:\/\/stage.nordtec.se\/en\/product\/measuring-instruments\/electrical-measuring-instruments\/testo-770-2-seaweed-ammeter-with-temperature-measurement\/","title":{"rendered":"testo 770-2 &#8211; clamp ammeter with temperature measurement"},"content":{"rendered":"<h2>Digital current clamp for hard-to-reach spaces<\/h2>\n<p>This clamp-on ammeter is ideal for non-contact current measurement in cabinets and confined spaces. One of the two claws can be fully retracted into the instrument and the unique gripping mechanism makes it easy to grip cables in hard-to-reach cabinets. The automatic recognition of measurement parameters ensures a reliable measuring function: in the current and voltage range, the instrument can detect direct and alternating current. It can also automatically select other parameters such as resistance, continuity, diodes and capacitance. The values are clearly shown on the 2-line display.<\/p>\n<p>In addition to the features of the previous model in the same series, including non-contact measurement for confined spaces, the testo 770-2 also has a \u00b5A range and comes with a temperature adapter for type K thermocouples.<\/p>\n<h2>Advantages of the testo 770-2<\/h2>\n<ul>\n<li>Fully retractable claw for maximum flexibility<\/li>\n<li>Auto AC-DC and clear 2-line display<\/li>\n<li>Electric motor starting current measurement function and \u03bcA measurement<\/li>\n<li>Temperature adapter can be connected for type K thermocouples.<\/li>\n<\/ul>\n<p>[show_related_featured_videos]<\/p>\n<h2>Included in delivery<\/h2>\n<p>The testo 770-2 digital current clamp, a set of measuring cables, thermocouple adapter, factory protocol and batteries.<\/p>\n<p><span class=\"ui-provider ed ayd aye ayf ayg ayh ayi ayj ayk ayl aym ayn ayo ayp ayq ayr ays ayt ayu ayv ayw ayx ayy ayz aza azb azc azd aze azf azg azh azi azj azk\" dir=\"ltr\"><strong>Fabriksprotokoll:<\/strong>\u00a0utf\u00e4rdas p\u00e5 fabriken efter en kontroll av att produkten fungerar och uppfyller angiven m\u00e4tnoggrannhet. L\u00e4s om <a href=\"https:\/\/stage.nordtec.se\/kalibrering\/iso-9001-kraver-kalibrerad-matutrustning\/\"><u>skillnaden mellan fabriksprotokoll och ackrediterad kalibrering<\/u><\/a>.<\/span><\/p>\n","protected":false},"excerpt":{"rendered":"<p style=\"text-align: left;\">Current clamp with \u00b5A measurement &amp; thermocouple adapter<\/p>\n<ul>\n<li>Large two-line display<\/li>\n<li>True effective value &#8211; TRMS<\/li>\n<li style=\"text-align: left;\">Unique gripping mechanism simplifies narrow measurement spaces<\/li>\n<\/ul>\n","protected":false},"featured_media":38557,"template":"","meta":{"_kad_blocks_custom_css":"","_kad_blocks_head_custom_js":"","_kad_blocks_body_custom_js":"","_kad_blocks_footer_custom_js":"","footnotes":""},"product_brand":[1435],"product_cat":[801,768],"product_tag":[928],"class_list":{"0":"post-40835","1":"product","2":"type-product","3":"status-publish","4":"has-post-thumbnail","6":"product_brand-testo","7":"product_cat-electrical-measuring-instruments","8":"product_cat-measuring-instruments","9":"product_tag-tangamperemetrar-en","11":"first","12":"instock","13":"taxable","14":"shipping-taxable","15":"purchasable","16":"product-type-simple"},"yoast_head":"<!-- This site is optimized with the Yoast SEO Premium plugin v27.3 (Yoast SEO v27.5) - https:\/\/yoast.com\/product\/yoast-seo-premium-wordpress\/ -->\n<title>testo 770-2 - clamp ammeter with temperature measurement | Nordtec<\/title>\n<meta name=\"description\" content=\"Measure inrush current with testo 770-2 current clamp \u1405 With TRMS \u2713\u00b5A measurement \u2713 Thermocouple adapter \u2713 Auto AC\/DC \u2713 Temperature measurement \u2713 Contact us \u260e\" \/>\n<meta name=\"robots\" content=\"noindex, follow, max-snippet:-1, max-image-preview:large, max-video-preview:-1\" \/>\n<meta property=\"og:locale\" content=\"en_US\" \/>\n<meta property=\"og:type\" content=\"article\" \/>\n<meta property=\"og:title\" content=\"testo 770-2 - clamp ammeter with temperature measurement\" \/>\n<meta property=\"og:description\" content=\"Measure inrush current with testo 770-2 current clamp \u1405 With TRMS \u2713\u00b5A measurement \u2713 Thermocouple adapter \u2713 Auto AC\/DC \u2713 Temperature measurement \u2713 Contact us \u260e\" \/>\n<meta property=\"og:url\" content=\"https:\/\/stage.nordtec.se\/en\/product\/measuring-instruments\/electrical-measuring-instruments\/testo-770-2-seaweed-ammeter-with-temperature-measurement\/\" \/>\n<meta property=\"og:site_name\" content=\"Nordtec\" \/>\n<meta property=\"article:publisher\" content=\"https:\/\/www.facebook.com\/nordtecinstrument\" \/>\n<meta property=\"article:modified_time\" content=\"2025-05-06T12:35:43+00:00\" \/>\n<meta property=\"og:image\" content=\"https:\/\/stage.nordtec.se\/wp-content\/uploads\/2022\/03\/testo-770-2-400A_p_in_oth_005912_800px.png\" \/>\n\t<meta property=\"og:image:width\" content=\"800\" \/>\n\t<meta property=\"og:image:height\" content=\"800\" \/>\n\t<meta property=\"og:image:type\" content=\"image\/png\" \/>\n<meta name=\"twitter:card\" content=\"summary_large_image\" \/>\n<meta name=\"twitter:label1\" content=\"Est. reading time\" \/>\n\t<meta name=\"twitter:data1\" content=\"2 minutes\" \/>\n<script type=\"application\/ld+json\" class=\"yoast-schema-graph\">{\"@context\":\"https:\\\/\\\/schema.org\",\"@graph\":[{\"@type\":[\"WebPage\",\"ItemPage\"],\"@id\":\"https:\\\/\\\/stage.nordtec.se\\\/en\\\/product\\\/measuring-instruments\\\/electrical-measuring-instruments\\\/testo-770-2-seaweed-ammeter-with-temperature-measurement\\\/\",\"url\":\"https:\\\/\\\/stage.nordtec.se\\\/en\\\/product\\\/measuring-instruments\\\/electrical-measuring-instruments\\\/testo-770-2-seaweed-ammeter-with-temperature-measurement\\\/\",\"name\":\"testo 770-2 - clamp ammeter with temperature measurement | Nordtec\",\"isPartOf\":{\"@id\":\"https:\\\/\\\/stage.nordtec.se\\\/en\\\/#website\"},\"primaryImageOfPage\":{\"@id\":\"https:\\\/\\\/stage.nordtec.se\\\/en\\\/product\\\/measuring-instruments\\\/electrical-measuring-instruments\\\/testo-770-2-seaweed-ammeter-with-temperature-measurement\\\/#primaryimage\"},\"image\":{\"@id\":\"https:\\\/\\\/stage.nordtec.se\\\/en\\\/product\\\/measuring-instruments\\\/electrical-measuring-instruments\\\/testo-770-2-seaweed-ammeter-with-temperature-measurement\\\/#primaryimage\"},\"thumbnailUrl\":\"https:\\\/\\\/stage.nordtec.se\\\/wp-content\\\/uploads\\\/2022\\\/03\\\/testo-770-2-400A_p_in_oth_005912_800px.png\",\"datePublished\":\"2022-03-30T14:41:34+00:00\",\"dateModified\":\"2025-05-06T12:35:43+00:00\",\"description\":\"Measure inrush current with testo 770-2 current clamp \u1405 With TRMS \u2713\u00b5A measurement \u2713 Thermocouple adapter \u2713 Auto AC\\\/DC \u2713 Temperature measurement \u2713 Contact us \u260e\",\"breadcrumb\":{\"@id\":\"https:\\\/\\\/stage.nordtec.se\\\/en\\\/product\\\/measuring-instruments\\\/electrical-measuring-instruments\\\/testo-770-2-seaweed-ammeter-with-temperature-measurement\\\/#breadcrumb\"},\"inLanguage\":\"en-US\",\"potentialAction\":[{\"@type\":\"ReadAction\",\"target\":[\"https:\\\/\\\/stage.nordtec.se\\\/en\\\/product\\\/measuring-instruments\\\/electrical-measuring-instruments\\\/testo-770-2-seaweed-ammeter-with-temperature-measurement\\\/\"]}]},{\"@type\":\"ImageObject\",\"inLanguage\":\"en-US\",\"@id\":\"https:\\\/\\\/stage.nordtec.se\\\/en\\\/product\\\/measuring-instruments\\\/electrical-measuring-instruments\\\/testo-770-2-seaweed-ammeter-with-temperature-measurement\\\/#primaryimage\",\"url\":\"https:\\\/\\\/stage.nordtec.se\\\/wp-content\\\/uploads\\\/2022\\\/03\\\/testo-770-2-400A_p_in_oth_005912_800px.png\",\"contentUrl\":\"https:\\\/\\\/stage.nordtec.se\\\/wp-content\\\/uploads\\\/2022\\\/03\\\/testo-770-2-400A_p_in_oth_005912_800px.png\",\"width\":800,\"height\":800,\"caption\":\"Clamp ammeter testo 770-2 front\"},{\"@type\":\"BreadcrumbList\",\"@id\":\"https:\\\/\\\/stage.nordtec.se\\\/en\\\/product\\\/measuring-instruments\\\/electrical-measuring-instruments\\\/testo-770-2-seaweed-ammeter-with-temperature-measurement\\\/#breadcrumb\",\"itemListElement\":[{\"@type\":\"ListItem\",\"position\":1,\"name\":\"Hem\",\"item\":\"https:\\\/\\\/stage.nordtec.se\\\/en\\\/\"},{\"@type\":\"ListItem\",\"position\":2,\"name\":\"Shop\",\"item\":\"https:\\\/\\\/stage.nordtec.se\\\/shop\\\/?lang=en\"},{\"@type\":\"ListItem\",\"position\":3,\"name\":\"testo 770-2 &#8211; clamp ammeter with temperature measurement\"}]},{\"@type\":\"WebSite\",\"@id\":\"https:\\\/\\\/stage.nordtec.se\\\/en\\\/#website\",\"url\":\"https:\\\/\\\/stage.nordtec.se\\\/en\\\/\",\"name\":\"Nordtec\",\"description\":\"Din partner inom m\u00e4tteknik\",\"publisher\":{\"@id\":\"https:\\\/\\\/stage.nordtec.se\\\/en\\\/#organization\"},\"potentialAction\":[{\"@type\":\"SearchAction\",\"target\":{\"@type\":\"EntryPoint\",\"urlTemplate\":\"https:\\\/\\\/stage.nordtec.se\\\/en\\\/?s={search_term_string}\"},\"query-input\":{\"@type\":\"PropertyValueSpecification\",\"valueRequired\":true,\"valueName\":\"search_term_string\"}}],\"inLanguage\":\"en-US\"},{\"@type\":\"Organization\",\"@id\":\"https:\\\/\\\/stage.nordtec.se\\\/en\\\/#organization\",\"name\":\"Nordtec Instrument AB\",\"url\":\"https:\\\/\\\/stage.nordtec.se\\\/en\\\/\",\"logo\":{\"@type\":\"ImageObject\",\"inLanguage\":\"en-US\",\"@id\":\"https:\\\/\\\/stage.nordtec.se\\\/en\\\/#\\\/schema\\\/logo\\\/image\\\/\",\"url\":\"https:\\\/\\\/stage.nordtec.se\\\/wp-content\\\/uploads\\\/2021\\\/08\\\/nordtec_logo_rgb-340px.png\",\"contentUrl\":\"https:\\\/\\\/stage.nordtec.se\\\/wp-content\\\/uploads\\\/2021\\\/08\\\/nordtec_logo_rgb-340px.png\",\"width\":340,\"height\":75,\"caption\":\"Nordtec Instrument AB\"},\"image\":{\"@id\":\"https:\\\/\\\/stage.nordtec.se\\\/en\\\/#\\\/schema\\\/logo\\\/image\\\/\"},\"sameAs\":[\"https:\\\/\\\/www.facebook.com\\\/nordtecinstrument\",\"https:\\\/\\\/www.instagram.com\\\/nordtec_instrument\\\/\",\"https:\\\/\\\/www.linkedin.com\\\/company\\\/nordtec-instrument-ab\\\/\",\"https:\\\/\\\/www.youtube.com\\\/channel\\\/UCbmAq3ZmfBKOGg7_igFURng\"]}]}<\/script>\n<!-- \/ Yoast SEO Premium plugin. -->","yoast_head_json":{"title":"testo 770-2 - clamp ammeter with temperature measurement | Nordtec","description":"Measure inrush current with testo 770-2 current clamp \u1405 With TRMS \u2713\u00b5A measurement \u2713 Thermocouple adapter \u2713 Auto AC\/DC \u2713 Temperature measurement \u2713 Contact us \u260e","robots":{"index":"noindex","follow":"follow","max-snippet":"max-snippet:-1","max-image-preview":"max-image-preview:large","max-video-preview":"max-video-preview:-1"},"og_locale":"en_US","og_type":"article","og_title":"testo 770-2 - clamp ammeter with temperature measurement","og_description":"Measure inrush current with testo 770-2 current clamp \u1405 With TRMS \u2713\u00b5A measurement \u2713 Thermocouple adapter \u2713 Auto AC\/DC \u2713 Temperature measurement \u2713 Contact us \u260e","og_url":"https:\/\/stage.nordtec.se\/en\/product\/measuring-instruments\/electrical-measuring-instruments\/testo-770-2-seaweed-ammeter-with-temperature-measurement\/","og_site_name":"Nordtec","article_publisher":"https:\/\/www.facebook.com\/nordtecinstrument","article_modified_time":"2025-05-06T12:35:43+00:00","og_image":[{"width":800,"height":800,"url":"https:\/\/stage.nordtec.se\/wp-content\/uploads\/2022\/03\/testo-770-2-400A_p_in_oth_005912_800px.png","type":"image\/png"}],"twitter_card":"summary_large_image","twitter_misc":{"Est. reading time":"2 minutes"},"schema":{"@context":"https:\/\/schema.org","@graph":[{"@type":["WebPage","ItemPage"],"@id":"https:\/\/stage.nordtec.se\/en\/product\/measuring-instruments\/electrical-measuring-instruments\/testo-770-2-seaweed-ammeter-with-temperature-measurement\/","url":"https:\/\/stage.nordtec.se\/en\/product\/measuring-instruments\/electrical-measuring-instruments\/testo-770-2-seaweed-ammeter-with-temperature-measurement\/","name":"testo 770-2 - clamp ammeter with temperature measurement | Nordtec","isPartOf":{"@id":"https:\/\/stage.nordtec.se\/en\/#website"},"primaryImageOfPage":{"@id":"https:\/\/stage.nordtec.se\/en\/product\/measuring-instruments\/electrical-measuring-instruments\/testo-770-2-seaweed-ammeter-with-temperature-measurement\/#primaryimage"},"image":{"@id":"https:\/\/stage.nordtec.se\/en\/product\/measuring-instruments\/electrical-measuring-instruments\/testo-770-2-seaweed-ammeter-with-temperature-measurement\/#primaryimage"},"thumbnailUrl":"https:\/\/stage.nordtec.se\/wp-content\/uploads\/2022\/03\/testo-770-2-400A_p_in_oth_005912_800px.png","datePublished":"2022-03-30T14:41:34+00:00","dateModified":"2025-05-06T12:35:43+00:00","description":"Measure inrush current with testo 770-2 current clamp \u1405 With TRMS \u2713\u00b5A measurement \u2713 Thermocouple adapter \u2713 Auto AC\/DC \u2713 Temperature measurement \u2713 Contact us \u260e","breadcrumb":{"@id":"https:\/\/stage.nordtec.se\/en\/product\/measuring-instruments\/electrical-measuring-instruments\/testo-770-2-seaweed-ammeter-with-temperature-measurement\/#breadcrumb"},"inLanguage":"en-US","potentialAction":[{"@type":"ReadAction","target":["https:\/\/stage.nordtec.se\/en\/product\/measuring-instruments\/electrical-measuring-instruments\/testo-770-2-seaweed-ammeter-with-temperature-measurement\/"]}]},{"@type":"ImageObject","inLanguage":"en-US","@id":"https:\/\/stage.nordtec.se\/en\/product\/measuring-instruments\/electrical-measuring-instruments\/testo-770-2-seaweed-ammeter-with-temperature-measurement\/#primaryimage","url":"https:\/\/stage.nordtec.se\/wp-content\/uploads\/2022\/03\/testo-770-2-400A_p_in_oth_005912_800px.png","contentUrl":"https:\/\/stage.nordtec.se\/wp-content\/uploads\/2022\/03\/testo-770-2-400A_p_in_oth_005912_800px.png","width":800,"height":800,"caption":"Clamp ammeter testo 770-2 front"},{"@type":"BreadcrumbList","@id":"https:\/\/stage.nordtec.se\/en\/product\/measuring-instruments\/electrical-measuring-instruments\/testo-770-2-seaweed-ammeter-with-temperature-measurement\/#breadcrumb","itemListElement":[{"@type":"ListItem","position":1,"name":"Hem","item":"https:\/\/stage.nordtec.se\/en\/"},{"@type":"ListItem","position":2,"name":"Shop","item":"https:\/\/stage.nordtec.se\/shop\/?lang=en"},{"@type":"ListItem","position":3,"name":"testo 770-2 &#8211; clamp ammeter with temperature measurement"}]},{"@type":"WebSite","@id":"https:\/\/stage.nordtec.se\/en\/#website","url":"https:\/\/stage.nordtec.se\/en\/","name":"Nordtec","description":"Din partner inom m\u00e4tteknik","publisher":{"@id":"https:\/\/stage.nordtec.se\/en\/#organization"},"potentialAction":[{"@type":"SearchAction","target":{"@type":"EntryPoint","urlTemplate":"https:\/\/stage.nordtec.se\/en\/?s={search_term_string}"},"query-input":{"@type":"PropertyValueSpecification","valueRequired":true,"valueName":"search_term_string"}}],"inLanguage":"en-US"},{"@type":"Organization","@id":"https:\/\/stage.nordtec.se\/en\/#organization","name":"Nordtec Instrument AB","url":"https:\/\/stage.nordtec.se\/en\/","logo":{"@type":"ImageObject","inLanguage":"en-US","@id":"https:\/\/stage.nordtec.se\/en\/#\/schema\/logo\/image\/","url":"https:\/\/stage.nordtec.se\/wp-content\/uploads\/2021\/08\/nordtec_logo_rgb-340px.png","contentUrl":"https:\/\/stage.nordtec.se\/wp-content\/uploads\/2021\/08\/nordtec_logo_rgb-340px.png","width":340,"height":75,"caption":"Nordtec Instrument AB"},"image":{"@id":"https:\/\/stage.nordtec.se\/en\/#\/schema\/logo\/image\/"},"sameAs":["https:\/\/www.facebook.com\/nordtecinstrument","https:\/\/www.instagram.com\/nordtec_instrument\/","https:\/\/www.linkedin.com\/company\/nordtec-instrument-ab\/","https:\/\/www.youtube.com\/channel\/UCbmAq3ZmfBKOGg7_igFURng"]}]}},"taxonomy_info":{"product_brand":[{"value":1435,"label":"Testo"}],"product_cat":[{"value":801,"label":"Electrical measuring instruments"},{"value":768,"label":"Measuring instruments"}],"product_tag":[{"value":928,"label":"T\u00e5ngamperemetrar"}]},"featured_image_src_large":["https:\/\/stage.nordtec.se\/wp-content\/uploads\/2022\/03\/testo-770-2-400A_p_in_oth_005912_800px.png",800,800,false],"author_info":[],"comment_info":"","_links":{"self":[{"href":"https:\/\/stage.nordtec.se\/en\/wp-json\/wp\/v2\/product\/40835","targetHints":{"allow":["GET"]}}],"collection":[{"href":"https:\/\/stage.nordtec.se\/en\/wp-json\/wp\/v2\/product"}],"about":[{"href":"https:\/\/stage.nordtec.se\/en\/wp-json\/wp\/v2\/types\/product"}],"version-history":[{"count":1,"href":"https:\/\/stage.nordtec.se\/en\/wp-json\/wp\/v2\/product\/40835\/revisions"}],"predecessor-version":[{"id":45165,"href":"https:\/\/stage.nordtec.se\/en\/wp-json\/wp\/v2\/product\/40835\/revisions\/45165"}],"wp:featuredmedia":[{"embeddable":true,"href":"https:\/\/stage.nordtec.se\/en\/wp-json\/wp\/v2\/media\/38557"}],"wp:attachment":[{"href":"https:\/\/stage.nordtec.se\/en\/wp-json\/wp\/v2\/media?parent=40835"}],"wp:term":[{"taxonomy":"product_brand","embeddable":true,"href":"https:\/\/stage.nordtec.se\/en\/wp-json\/wp\/v2\/product_brand?post=40835"},{"taxonomy":"product_cat","embeddable":true,"href":"https:\/\/stage.nordtec.se\/en\/wp-json\/wp\/v2\/product_cat?post=40835"},{"taxonomy":"product_tag","embeddable":true,"href":"https:\/\/stage.nordtec.se\/en\/wp-json\/wp\/v2\/product_tag?post=40835"}],"curies":[{"name":"wp","href":"https:\/\/api.w.org\/{rel}","templated":true}]}}