{"id":40791,"date":"2022-03-31T16:30:25","date_gmt":"2022-03-31T14:30:25","guid":{"rendered":"https:\/\/stage.nordtec.se\/produkt\/uncategorized\/testo-184-h1-transport-logger-for-moisture-monitoring\/"},"modified":"2025-05-06T14:33:58","modified_gmt":"2025-05-06T12:33:58","slug":"testo-184-h1-transport-logger-for-moisture-monitoring","status":"publish","type":"product","link":"https:\/\/stage.nordtec.se\/en\/product\/measuring-instruments\/moisture-meters\/moisture-loggers\/testo-184-h1-transport-logger-for-moisture-monitoring\/","title":{"rendered":"testo 184 H1 &#8211; transport logger for moisture monitoring"},"content":{"rendered":"<h2>The testo 184 H1 data logger records moisture and temperature throughout the entire transport chain.<\/h2>\n<p>With the testo 184 H1 moisture logger, you can monitor the transportation of goods that are sensitive to moisture and temperature such as medicines, food or electronics without any time limit, it can be used again and again. At the destination of the monitored products, a glance at the LEDs is enough to see if the configured limits have been respected. To get detailed information, the logger is connected to a PC and a PDF report is immediately generated with all relevant information. To enable you to work even more efficiently and comfortably with the data logger, all the necessary files and information are stored directly and securely in the testo 184 H1: Configuration file, operating instructions and a PDF report of your recorded data.<\/p>\n<p>The testo 184 H1 temperature and humidity logger has a memory capacity of 64,000 measurement values and has a battery life of up to 500 days (depending on the selected logging interval). Measurement intervals can be freely selected from 1 minute to 24 hours. testo 184 H1 complies with GxP, 21 CFR part 11, HACCP and EN 12830. Testo is an ISO 9001 certified company and ensures compliance through internal audits and accredited external audits.<\/p>\n<h2>testo 184 H1 &#8211; benefits and features<\/h2>\n<ul>\n<li><strong>Clear alarm indication:<\/strong> A quick glance at the LEDs is enough to know if limit values have been exceeded during transportation.<\/li>\n<li><strong>Simple operation:<\/strong> the testo 184 H1 is intuitive and can be used without special training or previous knowledge: the &#8220;Start&#8221; button starts the data entry. &#8220;Stop&#8221; ends it.<\/li>\n<li><strong>Easy configuration:<\/strong> A configuration file is stored in each data logger which makes the management of the testo 184 H1 a breeze &#8211; no download, no installation, no user interface and no additional costs.<\/li>\n<li><strong>Convenient reading:<\/strong> A PDF report with transport data is created immediately when connecting the data logger testo 184 H1 to the USB port of a computer. This is suitable for long-term archiving according to the PDF\/A standard.<\/li>\n<li><strong>Mobile reading or on-site printing:<\/strong> All testo 184 H1 data logs can be read out on-site with an Android phone with NFC function. Data transfer from the data logger to a compatible Testo fast printer (optional) also works wirelessly via NFC.<\/li>\n<li><strong>IT secure:<\/strong> The testo 184 H1 moisture logger works securely without installing or downloading software, so there are no IT problems with firewalls or virus programs.<\/li>\n<\/ul>\n<h2>Included in delivery<\/h2>\n<p>Humidity\/temperature data logger testo 184 H1, battery and double-sided adhesive tape for easy mounting of the data logger.<\/p>\n<p><span class=\"ui-provider ed ayd aye ayf ayg ayh ayi ayj ayk ayl aym ayn ayo ayp ayq ayr ays ayt ayu ayv ayw ayx ayy ayz aza azb azc azd aze azf azg azh azi azj azk\" dir=\"ltr\"><strong>Fabriksprotokoll:<\/strong>\u00a0utf\u00e4rdas p\u00e5 fabriken efter en kontroll av att produkten fungerar och uppfyller angiven m\u00e4tnoggrannhet. L\u00e4s om <a href=\"https:\/\/stage.nordtec.se\/kalibrering\/iso-9001-kraver-kalibrerad-matutrustning\/\"><u>skillnaden mellan fabriksprotokoll och ackrediterad kalibrering<\/u><\/a>.<\/span><\/p>\n","protected":false},"excerpt":{"rendered":"<p>Logs humidity and temperature throughout the transport chain.<\/p>\n<ul>\n<li>PDF software in the logger &#8211; no external software needed<\/li>\n<li>Unlimited operating time<\/li>\n<li>Mobile reading\/printing directly on site<\/li>\n<li>Direct printing of the completed PDF report<\/li>\n<\/ul>\n","protected":false},"featured_media":38128,"template":"","meta":{"_kad_blocks_custom_css":"","_kad_blocks_head_custom_js":"","_kad_blocks_body_custom_js":"","_kad_blocks_footer_custom_js":"","footnotes":""},"product_brand":[1435],"product_cat":[769,768,824,779,838],"product_tag":[867],"class_list":{"0":"post-40791","1":"product","2":"type-product","3":"status-publish","4":"has-post-thumbnail","6":"product_brand-testo","7":"product_cat-data-loggers","8":"product_cat-measuring-instruments","9":"product_cat-moisture-loggers","10":"product_cat-moisture-meters","11":"product_cat-transport-loggers","12":"product_tag-fukt-en","14":"first","15":"onbackorder","16":"taxable","17":"shipping-taxable","18":"purchasable","19":"product-type-simple"},"yoast_head":"<!-- This site is optimized with the Yoast SEO Premium plugin v27.3 (Yoast SEO v27.5) - https:\/\/yoast.com\/product\/yoast-seo-premium-wordpress\/ -->\n<title>testo 184 H1 - transport logger for moisture monitoring | Nordtec<\/title>\n<meta name=\"description\" content=\"Logs humidity and temperature throughout the entire transportation chain testo 184-H1 \u2713 PDF software in the logger - no external software needed \u2713 Unlimited operating time\" \/>\n<meta name=\"robots\" content=\"noindex, follow, max-snippet:-1, max-image-preview:large, max-video-preview:-1\" \/>\n<meta property=\"og:locale\" content=\"en_US\" \/>\n<meta property=\"og:type\" content=\"article\" \/>\n<meta property=\"og:title\" content=\"testo 184 H1 - transport logger for moisture monitoring\" \/>\n<meta property=\"og:description\" content=\"Logs humidity and temperature throughout the entire transportation chain testo 184-H1 \u2713 PDF software in the logger - no external software needed \u2713 Unlimited operating time\" \/>\n<meta property=\"og:url\" content=\"https:\/\/stage.nordtec.se\/en\/product\/measuring-instruments\/moisture-meters\/moisture-loggers\/testo-184-h1-transport-logger-for-moisture-monitoring\/\" \/>\n<meta property=\"og:site_name\" content=\"Nordtec\" \/>\n<meta property=\"article:publisher\" content=\"https:\/\/www.facebook.com\/nordtecinstrument\" \/>\n<meta property=\"article:modified_time\" content=\"2025-05-06T12:33:58+00:00\" \/>\n<meta property=\"og:image\" content=\"https:\/\/stage.nordtec.se\/wp-content\/uploads\/2022\/03\/testo-184H1_p_in_sta_004542_800px.png\" \/>\n\t<meta property=\"og:image:width\" content=\"800\" \/>\n\t<meta property=\"og:image:height\" content=\"800\" \/>\n\t<meta property=\"og:image:type\" content=\"image\/png\" \/>\n<meta name=\"twitter:card\" content=\"summary_large_image\" \/>\n<meta name=\"twitter:label1\" content=\"Est. reading time\" \/>\n\t<meta name=\"twitter:data1\" content=\"3 minutes\" \/>\n<script type=\"application\/ld+json\" class=\"yoast-schema-graph\">{\"@context\":\"https:\\\/\\\/schema.org\",\"@graph\":[{\"@type\":[\"WebPage\",\"ItemPage\"],\"@id\":\"https:\\\/\\\/stage.nordtec.se\\\/en\\\/product\\\/measuring-instruments\\\/moisture-meters\\\/moisture-loggers\\\/testo-184-h1-transport-logger-for-moisture-monitoring\\\/\",\"url\":\"https:\\\/\\\/stage.nordtec.se\\\/en\\\/product\\\/measuring-instruments\\\/moisture-meters\\\/moisture-loggers\\\/testo-184-h1-transport-logger-for-moisture-monitoring\\\/\",\"name\":\"testo 184 H1 - transport logger for moisture monitoring | Nordtec\",\"isPartOf\":{\"@id\":\"https:\\\/\\\/stage.nordtec.se\\\/en\\\/#website\"},\"primaryImageOfPage\":{\"@id\":\"https:\\\/\\\/stage.nordtec.se\\\/en\\\/product\\\/measuring-instruments\\\/moisture-meters\\\/moisture-loggers\\\/testo-184-h1-transport-logger-for-moisture-monitoring\\\/#primaryimage\"},\"image\":{\"@id\":\"https:\\\/\\\/stage.nordtec.se\\\/en\\\/product\\\/measuring-instruments\\\/moisture-meters\\\/moisture-loggers\\\/testo-184-h1-transport-logger-for-moisture-monitoring\\\/#primaryimage\"},\"thumbnailUrl\":\"https:\\\/\\\/stage.nordtec.se\\\/wp-content\\\/uploads\\\/2022\\\/03\\\/testo-184H1_p_in_sta_004542_800px.png\",\"datePublished\":\"2022-03-31T14:30:25+00:00\",\"dateModified\":\"2025-05-06T12:33:58+00:00\",\"description\":\"Logs humidity and temperature throughout the entire transportation chain testo 184-H1 \u2713 PDF software in the logger - no external software needed \u2713 Unlimited operating time\",\"breadcrumb\":{\"@id\":\"https:\\\/\\\/stage.nordtec.se\\\/en\\\/product\\\/measuring-instruments\\\/moisture-meters\\\/moisture-loggers\\\/testo-184-h1-transport-logger-for-moisture-monitoring\\\/#breadcrumb\"},\"inLanguage\":\"en-US\",\"potentialAction\":[{\"@type\":\"ReadAction\",\"target\":[\"https:\\\/\\\/stage.nordtec.se\\\/en\\\/product\\\/measuring-instruments\\\/moisture-meters\\\/moisture-loggers\\\/testo-184-h1-transport-logger-for-moisture-monitoring\\\/\"]}]},{\"@type\":\"ImageObject\",\"inLanguage\":\"en-US\",\"@id\":\"https:\\\/\\\/stage.nordtec.se\\\/en\\\/product\\\/measuring-instruments\\\/moisture-meters\\\/moisture-loggers\\\/testo-184-h1-transport-logger-for-moisture-monitoring\\\/#primaryimage\",\"url\":\"https:\\\/\\\/stage.nordtec.se\\\/wp-content\\\/uploads\\\/2022\\\/03\\\/testo-184H1_p_in_sta_004542_800px.png\",\"contentUrl\":\"https:\\\/\\\/stage.nordtec.se\\\/wp-content\\\/uploads\\\/2022\\\/03\\\/testo-184H1_p_in_sta_004542_800px.png\",\"width\":800,\"height\":800,\"caption\":\"Transport logger testo 184 H1\"},{\"@type\":\"BreadcrumbList\",\"@id\":\"https:\\\/\\\/stage.nordtec.se\\\/en\\\/product\\\/measuring-instruments\\\/moisture-meters\\\/moisture-loggers\\\/testo-184-h1-transport-logger-for-moisture-monitoring\\\/#breadcrumb\",\"itemListElement\":[{\"@type\":\"ListItem\",\"position\":1,\"name\":\"Hem\",\"item\":\"https:\\\/\\\/stage.nordtec.se\\\/en\\\/\"},{\"@type\":\"ListItem\",\"position\":2,\"name\":\"Shop\",\"item\":\"https:\\\/\\\/stage.nordtec.se\\\/shop\\\/?lang=en\"},{\"@type\":\"ListItem\",\"position\":3,\"name\":\"testo 184 H1 &#8211; transport logger for moisture monitoring\"}]},{\"@type\":\"WebSite\",\"@id\":\"https:\\\/\\\/stage.nordtec.se\\\/en\\\/#website\",\"url\":\"https:\\\/\\\/stage.nordtec.se\\\/en\\\/\",\"name\":\"Nordtec\",\"description\":\"Din partner inom m\u00e4tteknik\",\"publisher\":{\"@id\":\"https:\\\/\\\/stage.nordtec.se\\\/en\\\/#organization\"},\"potentialAction\":[{\"@type\":\"SearchAction\",\"target\":{\"@type\":\"EntryPoint\",\"urlTemplate\":\"https:\\\/\\\/stage.nordtec.se\\\/en\\\/?s={search_term_string}\"},\"query-input\":{\"@type\":\"PropertyValueSpecification\",\"valueRequired\":true,\"valueName\":\"search_term_string\"}}],\"inLanguage\":\"en-US\"},{\"@type\":\"Organization\",\"@id\":\"https:\\\/\\\/stage.nordtec.se\\\/en\\\/#organization\",\"name\":\"Nordtec Instrument AB\",\"url\":\"https:\\\/\\\/stage.nordtec.se\\\/en\\\/\",\"logo\":{\"@type\":\"ImageObject\",\"inLanguage\":\"en-US\",\"@id\":\"https:\\\/\\\/stage.nordtec.se\\\/en\\\/#\\\/schema\\\/logo\\\/image\\\/\",\"url\":\"https:\\\/\\\/stage.nordtec.se\\\/wp-content\\\/uploads\\\/2021\\\/08\\\/nordtec_logo_rgb-340px.png\",\"contentUrl\":\"https:\\\/\\\/stage.nordtec.se\\\/wp-content\\\/uploads\\\/2021\\\/08\\\/nordtec_logo_rgb-340px.png\",\"width\":340,\"height\":75,\"caption\":\"Nordtec Instrument AB\"},\"image\":{\"@id\":\"https:\\\/\\\/stage.nordtec.se\\\/en\\\/#\\\/schema\\\/logo\\\/image\\\/\"},\"sameAs\":[\"https:\\\/\\\/www.facebook.com\\\/nordtecinstrument\",\"https:\\\/\\\/www.instagram.com\\\/nordtec_instrument\\\/\",\"https:\\\/\\\/www.linkedin.com\\\/company\\\/nordtec-instrument-ab\\\/\",\"https:\\\/\\\/www.youtube.com\\\/channel\\\/UCbmAq3ZmfBKOGg7_igFURng\"]}]}<\/script>\n<!-- \/ Yoast SEO Premium plugin. -->","yoast_head_json":{"title":"testo 184 H1 - transport logger for moisture monitoring | Nordtec","description":"Logs humidity and temperature throughout the entire transportation chain testo 184-H1 \u2713 PDF software in the logger - no external software needed \u2713 Unlimited operating time","robots":{"index":"noindex","follow":"follow","max-snippet":"max-snippet:-1","max-image-preview":"max-image-preview:large","max-video-preview":"max-video-preview:-1"},"og_locale":"en_US","og_type":"article","og_title":"testo 184 H1 - transport logger for moisture monitoring","og_description":"Logs humidity and temperature throughout the entire transportation chain testo 184-H1 \u2713 PDF software in the logger - no external software needed \u2713 Unlimited operating time","og_url":"https:\/\/stage.nordtec.se\/en\/product\/measuring-instruments\/moisture-meters\/moisture-loggers\/testo-184-h1-transport-logger-for-moisture-monitoring\/","og_site_name":"Nordtec","article_publisher":"https:\/\/www.facebook.com\/nordtecinstrument","article_modified_time":"2025-05-06T12:33:58+00:00","og_image":[{"width":800,"height":800,"url":"https:\/\/stage.nordtec.se\/wp-content\/uploads\/2022\/03\/testo-184H1_p_in_sta_004542_800px.png","type":"image\/png"}],"twitter_card":"summary_large_image","twitter_misc":{"Est. reading time":"3 minutes"},"schema":{"@context":"https:\/\/schema.org","@graph":[{"@type":["WebPage","ItemPage"],"@id":"https:\/\/stage.nordtec.se\/en\/product\/measuring-instruments\/moisture-meters\/moisture-loggers\/testo-184-h1-transport-logger-for-moisture-monitoring\/","url":"https:\/\/stage.nordtec.se\/en\/product\/measuring-instruments\/moisture-meters\/moisture-loggers\/testo-184-h1-transport-logger-for-moisture-monitoring\/","name":"testo 184 H1 - transport logger for moisture monitoring | Nordtec","isPartOf":{"@id":"https:\/\/stage.nordtec.se\/en\/#website"},"primaryImageOfPage":{"@id":"https:\/\/stage.nordtec.se\/en\/product\/measuring-instruments\/moisture-meters\/moisture-loggers\/testo-184-h1-transport-logger-for-moisture-monitoring\/#primaryimage"},"image":{"@id":"https:\/\/stage.nordtec.se\/en\/product\/measuring-instruments\/moisture-meters\/moisture-loggers\/testo-184-h1-transport-logger-for-moisture-monitoring\/#primaryimage"},"thumbnailUrl":"https:\/\/stage.nordtec.se\/wp-content\/uploads\/2022\/03\/testo-184H1_p_in_sta_004542_800px.png","datePublished":"2022-03-31T14:30:25+00:00","dateModified":"2025-05-06T12:33:58+00:00","description":"Logs humidity and temperature throughout the entire transportation chain testo 184-H1 \u2713 PDF software in the logger - no external software needed \u2713 Unlimited operating time","breadcrumb":{"@id":"https:\/\/stage.nordtec.se\/en\/product\/measuring-instruments\/moisture-meters\/moisture-loggers\/testo-184-h1-transport-logger-for-moisture-monitoring\/#breadcrumb"},"inLanguage":"en-US","potentialAction":[{"@type":"ReadAction","target":["https:\/\/stage.nordtec.se\/en\/product\/measuring-instruments\/moisture-meters\/moisture-loggers\/testo-184-h1-transport-logger-for-moisture-monitoring\/"]}]},{"@type":"ImageObject","inLanguage":"en-US","@id":"https:\/\/stage.nordtec.se\/en\/product\/measuring-instruments\/moisture-meters\/moisture-loggers\/testo-184-h1-transport-logger-for-moisture-monitoring\/#primaryimage","url":"https:\/\/stage.nordtec.se\/wp-content\/uploads\/2022\/03\/testo-184H1_p_in_sta_004542_800px.png","contentUrl":"https:\/\/stage.nordtec.se\/wp-content\/uploads\/2022\/03\/testo-184H1_p_in_sta_004542_800px.png","width":800,"height":800,"caption":"Transport logger testo 184 H1"},{"@type":"BreadcrumbList","@id":"https:\/\/stage.nordtec.se\/en\/product\/measuring-instruments\/moisture-meters\/moisture-loggers\/testo-184-h1-transport-logger-for-moisture-monitoring\/#breadcrumb","itemListElement":[{"@type":"ListItem","position":1,"name":"Hem","item":"https:\/\/stage.nordtec.se\/en\/"},{"@type":"ListItem","position":2,"name":"Shop","item":"https:\/\/stage.nordtec.se\/shop\/?lang=en"},{"@type":"ListItem","position":3,"name":"testo 184 H1 &#8211; transport logger for moisture monitoring"}]},{"@type":"WebSite","@id":"https:\/\/stage.nordtec.se\/en\/#website","url":"https:\/\/stage.nordtec.se\/en\/","name":"Nordtec","description":"Din partner inom m\u00e4tteknik","publisher":{"@id":"https:\/\/stage.nordtec.se\/en\/#organization"},"potentialAction":[{"@type":"SearchAction","target":{"@type":"EntryPoint","urlTemplate":"https:\/\/stage.nordtec.se\/en\/?s={search_term_string}"},"query-input":{"@type":"PropertyValueSpecification","valueRequired":true,"valueName":"search_term_string"}}],"inLanguage":"en-US"},{"@type":"Organization","@id":"https:\/\/stage.nordtec.se\/en\/#organization","name":"Nordtec Instrument AB","url":"https:\/\/stage.nordtec.se\/en\/","logo":{"@type":"ImageObject","inLanguage":"en-US","@id":"https:\/\/stage.nordtec.se\/en\/#\/schema\/logo\/image\/","url":"https:\/\/stage.nordtec.se\/wp-content\/uploads\/2021\/08\/nordtec_logo_rgb-340px.png","contentUrl":"https:\/\/stage.nordtec.se\/wp-content\/uploads\/2021\/08\/nordtec_logo_rgb-340px.png","width":340,"height":75,"caption":"Nordtec Instrument AB"},"image":{"@id":"https:\/\/stage.nordtec.se\/en\/#\/schema\/logo\/image\/"},"sameAs":["https:\/\/www.facebook.com\/nordtecinstrument","https:\/\/www.instagram.com\/nordtec_instrument\/","https:\/\/www.linkedin.com\/company\/nordtec-instrument-ab\/","https:\/\/www.youtube.com\/channel\/UCbmAq3ZmfBKOGg7_igFURng"]}]}},"taxonomy_info":{"product_brand":[{"value":1435,"label":"Testo"}],"product_cat":[{"value":769,"label":"Data loggers"},{"value":768,"label":"Measuring instruments"},{"value":824,"label":"Moisture loggers"},{"value":779,"label":"Moisture meters"},{"value":838,"label":"Transport loggers"}],"product_tag":[{"value":867,"label":"Fukt"}]},"featured_image_src_large":["https:\/\/stage.nordtec.se\/wp-content\/uploads\/2022\/03\/testo-184H1_p_in_sta_004542_800px.png",800,800,false],"author_info":[],"comment_info":"","_links":{"self":[{"href":"https:\/\/stage.nordtec.se\/en\/wp-json\/wp\/v2\/product\/40791","targetHints":{"allow":["GET"]}}],"collection":[{"href":"https:\/\/stage.nordtec.se\/en\/wp-json\/wp\/v2\/product"}],"about":[{"href":"https:\/\/stage.nordtec.se\/en\/wp-json\/wp\/v2\/types\/product"}],"version-history":[{"count":2,"href":"https:\/\/stage.nordtec.se\/en\/wp-json\/wp\/v2\/product\/40791\/revisions"}],"predecessor-version":[{"id":51605,"href":"https:\/\/stage.nordtec.se\/en\/wp-json\/wp\/v2\/product\/40791\/revisions\/51605"}],"wp:featuredmedia":[{"embeddable":true,"href":"https:\/\/stage.nordtec.se\/en\/wp-json\/wp\/v2\/media\/38128"}],"wp:attachment":[{"href":"https:\/\/stage.nordtec.se\/en\/wp-json\/wp\/v2\/media?parent=40791"}],"wp:term":[{"taxonomy":"product_brand","embeddable":true,"href":"https:\/\/stage.nordtec.se\/en\/wp-json\/wp\/v2\/product_brand?post=40791"},{"taxonomy":"product_cat","embeddable":true,"href":"https:\/\/stage.nordtec.se\/en\/wp-json\/wp\/v2\/product_cat?post=40791"},{"taxonomy":"product_tag","embeddable":true,"href":"https:\/\/stage.nordtec.se\/en\/wp-json\/wp\/v2\/product_tag?post=40791"}],"curies":[{"name":"wp","href":"https:\/\/api.w.org\/{rel}","templated":true}]}}