{"id":40778,"date":"2022-03-31T16:35:40","date_gmt":"2022-03-31T14:35:40","guid":{"rendered":"https:\/\/stage.nordtec.se\/produkt\/uncategorized\/testo-190-t2-autoclave-logger-with-long-straight-sensor\/"},"modified":"2025-05-06T14:34:05","modified_gmt":"2025-05-06T12:34:05","slug":"testo-190-t2-autoclave-logger-with-long-straight-sensor","status":"publish","type":"product","link":"https:\/\/stage.nordtec.se\/en\/product\/measuring-instruments\/temperature-gauges\/temperature-loggers\/testo-190-t2-autoclave-logger-with-long-straight-sensor\/","title":{"rendered":"testo 190-T2 &#8211; autoclave logger with long straight sensor"},"content":{"rendered":"<h2>testo 190-T2 &#8211; temperature logger for the pharmaceutical industry with long straight transducer<\/h2>\n<p>testo 190-T2 &#8211; highly effective validation of sterilization and freeze-drying processes. The qualification and validation of sterilization processes is highly demanding and a key element of quality assurance in the pharmaceutical industry. Our reliable and robust CFR temperature data logger helps you meet these requirements effectively.<\/p>\n<p><strong>This is what the CFR temperature logger testo 190-T2 offers:<\/strong><\/p>\n<ul>\n<li><strong>High accuracy:<\/strong> CFR precision logger with long, straight measuring tip (length 115 mm, \u00d8 3 mm) and measurement memory of 60,000 measurements.<\/li>\n<li><strong>Small and agile design:<\/strong> with a diameter of 20 mm, the logger is ideal for use in confined spaces &#8211; e.g. in the office. in sterilization systems<\/li>\n<li><strong>Robust and durable:<\/strong> high quality materials and innovative design make the CFR logger particularly robust and durable. With hermetically sealed measurement technology in a separate stainless steel housing, the CFR logger impresses with its reliability and robustness.<\/li>\n<li><strong>Battery change in seconds:<\/strong> the battery cover is threaded and can be quickly and securely screwed onto the CFR logger without tools.<\/li>\n<li><strong>Reliable and tight:<\/strong> the data logger remains 100% tight even after a battery change. The battery cover is coated with high temperature resistant polyester ether ketone (PEEK).<\/li>\n<li><strong>Flexible height:<\/strong> the size of the logger can be varied using two different battery types. The small battery significantly reduces the dimensions of the logger. The larger battery (included in the delivery) is suitable for measurements at low temperatures, e.g. in freezing facilities.<\/li>\n<\/ul>\n<h2>Programming, reading and analyzing the data logger<\/h2>\n<p><strong>Very practical to use:<\/strong> in addition to storing the data loggers, the multifunction case (available in two different sizes, order separately) can also be used for parallel programming and reading of up to 8 data loggers at the same time. This means you don&#8217;t need an extra reading device and you also save time. With the specially developed 21 CFR Part 11 compliant software (order separately) for the testo 190, you can program and read out the data logger, as well as analyze the measurement data on the computer.<\/p>\n<p>The clear program structure guides you intuitively through the process step by step. During entry, it provides assistance at critical points through warnings. The software enables even inexperienced users to easily perform the measurement process.<\/p>\n<h2>Included in delivery<\/h2>\n<p>1 pc testo 190-T2 CFR data logger including large battery, distance adapter for the programming and readout unit, factory protocol and user manual.<\/p>\n<p><span class=\"ui-provider ed ayd aye ayf ayg ayh ayi ayj ayk ayl aym ayn ayo ayp ayq ayr ays ayt ayu ayv ayw ayx ayy ayz aza azb azc azd aze azf azg azh azi azj azk\" dir=\"ltr\"><strong>Fabriksprotokoll:<\/strong>\u00a0utf\u00e4rdas p\u00e5 fabriken efter en kontroll av att produkten fungerar och uppfyller angiven m\u00e4tnoggrannhet. L\u00e4s om <a href=\"https:\/\/stage.nordtec.se\/kalibrering\/iso-9001-kraver-kalibrerad-matutrustning\/\"><u>skillnaden mellan fabriksprotokoll och ackrediterad kalibrering<\/u><\/a>.<\/span><\/p>\n<p><strong>ATTENTION!<\/strong> The case and software are not included with the data logger. See these items under the <strong>Accessories<\/strong> tab. Contact us to build a customized system to suit your application!<\/p>\n","protected":false},"excerpt":{"rendered":"<p style=\"text-align: left;\">Highly accurate temperature monitoring with long, straight measuring tip<\/p>\n<ul>\n<li style=\"text-align: left;\">Highly efficient validation of sterilization and freeze-drying processes<\/li>\n<li style=\"text-align: left;\">Create full reports with a simple mouse click<\/li>\n<li style=\"text-align: left;\">Durable, robust and fully sealed, even after a battery change<\/li>\n<\/ul>\n","protected":false},"featured_media":37948,"template":"","meta":{"_kad_blocks_custom_css":"","_kad_blocks_head_custom_js":"","_kad_blocks_body_custom_js":"","_kad_blocks_footer_custom_js":"","footnotes":""},"product_brand":[1435],"product_cat":[845,769,768,785,828,1433],"product_tag":[863,964,902,914,930],"class_list":{"0":"post-40778","1":"product","2":"type-product","3":"status-publish","4":"has-post-thumbnail","6":"product_brand-testo","7":"product_cat-autoclave-loggers","8":"product_cat-data-loggers","9":"product_cat-measuring-instruments","10":"product_cat-medicines","11":"product_cat-temperature-loggers","12":"product_cat-testo-190","13":"product_tag-dopp-instick-en","14":"product_tag-over-50-grader-en","15":"product_tag-pt1000-en","16":"product_tag-temperatur-en","17":"product_tag-under-minus-20-grader-en","19":"first","20":"onbackorder","21":"taxable","22":"shipping-taxable","23":"purchasable","24":"product-type-simple"},"yoast_head":"<!-- This site is optimized with the Yoast SEO Premium plugin v27.3 (Yoast SEO v27.5) - https:\/\/yoast.com\/product\/yoast-seo-premium-wordpress\/ -->\n<title>testo 190-T2 - autoclave logger with long straight sensor | Nordtec<\/title>\n<meta name=\"description\" content=\"Highly accurate autoclave logger with long, straight measuring tip \u1405 testo 190 T2 \u2713 Efficient validation of sterilization and freeze-drying processes\" \/>\n<meta name=\"robots\" content=\"noindex, follow, max-snippet:-1, max-image-preview:large, max-video-preview:-1\" \/>\n<meta property=\"og:locale\" content=\"en_US\" \/>\n<meta property=\"og:type\" content=\"article\" \/>\n<meta property=\"og:title\" content=\"testo 190-T2 - autoclave logger with long straight sensor\" \/>\n<meta property=\"og:description\" content=\"Highly accurate autoclave logger with long, straight measuring tip \u1405 testo 190 T2 \u2713 Efficient validation of sterilization and freeze-drying processes\" \/>\n<meta property=\"og:url\" content=\"https:\/\/stage.nordtec.se\/en\/product\/measuring-instruments\/temperature-gauges\/temperature-loggers\/testo-190-t2-autoclave-logger-with-long-straight-sensor\/\" \/>\n<meta property=\"og:site_name\" content=\"Nordtec\" \/>\n<meta property=\"article:publisher\" content=\"https:\/\/www.facebook.com\/nordtecinstrument\" \/>\n<meta property=\"article:modified_time\" content=\"2025-05-06T12:34:05+00:00\" \/>\n<meta property=\"og:image\" content=\"https:\/\/stage.nordtec.se\/wp-content\/uploads\/2022\/03\/0572-1902-testo-190-T2-large-battery-front_800px.png\" \/>\n\t<meta property=\"og:image:width\" content=\"800\" \/>\n\t<meta property=\"og:image:height\" content=\"800\" \/>\n\t<meta property=\"og:image:type\" content=\"image\/png\" \/>\n<meta name=\"twitter:card\" content=\"summary_large_image\" \/>\n<meta name=\"twitter:label1\" content=\"Est. reading time\" \/>\n\t<meta name=\"twitter:data1\" content=\"3 minutes\" \/>\n<script type=\"application\/ld+json\" class=\"yoast-schema-graph\">{\"@context\":\"https:\\\/\\\/schema.org\",\"@graph\":[{\"@type\":[\"WebPage\",\"ItemPage\"],\"@id\":\"https:\\\/\\\/stage.nordtec.se\\\/en\\\/product\\\/measuring-instruments\\\/temperature-gauges\\\/temperature-loggers\\\/testo-190-t2-autoclave-logger-with-long-straight-sensor\\\/\",\"url\":\"https:\\\/\\\/stage.nordtec.se\\\/en\\\/product\\\/measuring-instruments\\\/temperature-gauges\\\/temperature-loggers\\\/testo-190-t2-autoclave-logger-with-long-straight-sensor\\\/\",\"name\":\"testo 190-T2 - autoclave logger with long straight sensor | Nordtec\",\"isPartOf\":{\"@id\":\"https:\\\/\\\/stage.nordtec.se\\\/en\\\/#website\"},\"primaryImageOfPage\":{\"@id\":\"https:\\\/\\\/stage.nordtec.se\\\/en\\\/product\\\/measuring-instruments\\\/temperature-gauges\\\/temperature-loggers\\\/testo-190-t2-autoclave-logger-with-long-straight-sensor\\\/#primaryimage\"},\"image\":{\"@id\":\"https:\\\/\\\/stage.nordtec.se\\\/en\\\/product\\\/measuring-instruments\\\/temperature-gauges\\\/temperature-loggers\\\/testo-190-t2-autoclave-logger-with-long-straight-sensor\\\/#primaryimage\"},\"thumbnailUrl\":\"https:\\\/\\\/stage.nordtec.se\\\/wp-content\\\/uploads\\\/2022\\\/03\\\/0572-1902-testo-190-T2-large-battery-front_800px.png\",\"datePublished\":\"2022-03-31T14:35:40+00:00\",\"dateModified\":\"2025-05-06T12:34:05+00:00\",\"description\":\"Highly accurate autoclave logger with long, straight measuring tip \u1405 testo 190 T2 \u2713 Efficient validation of sterilization and freeze-drying processes\",\"breadcrumb\":{\"@id\":\"https:\\\/\\\/stage.nordtec.se\\\/en\\\/product\\\/measuring-instruments\\\/temperature-gauges\\\/temperature-loggers\\\/testo-190-t2-autoclave-logger-with-long-straight-sensor\\\/#breadcrumb\"},\"inLanguage\":\"en-US\",\"potentialAction\":[{\"@type\":\"ReadAction\",\"target\":[\"https:\\\/\\\/stage.nordtec.se\\\/en\\\/product\\\/measuring-instruments\\\/temperature-gauges\\\/temperature-loggers\\\/testo-190-t2-autoclave-logger-with-long-straight-sensor\\\/\"]}]},{\"@type\":\"ImageObject\",\"inLanguage\":\"en-US\",\"@id\":\"https:\\\/\\\/stage.nordtec.se\\\/en\\\/product\\\/measuring-instruments\\\/temperature-gauges\\\/temperature-loggers\\\/testo-190-t2-autoclave-logger-with-long-straight-sensor\\\/#primaryimage\",\"url\":\"https:\\\/\\\/stage.nordtec.se\\\/wp-content\\\/uploads\\\/2022\\\/03\\\/0572-1902-testo-190-T2-large-battery-front_800px.png\",\"contentUrl\":\"https:\\\/\\\/stage.nordtec.se\\\/wp-content\\\/uploads\\\/2022\\\/03\\\/0572-1902-testo-190-T2-large-battery-front_800px.png\",\"width\":800,\"height\":800,\"caption\":\"Temperature logger testo 190-T2 large battery\"},{\"@type\":\"BreadcrumbList\",\"@id\":\"https:\\\/\\\/stage.nordtec.se\\\/en\\\/product\\\/measuring-instruments\\\/temperature-gauges\\\/temperature-loggers\\\/testo-190-t2-autoclave-logger-with-long-straight-sensor\\\/#breadcrumb\",\"itemListElement\":[{\"@type\":\"ListItem\",\"position\":1,\"name\":\"Hem\",\"item\":\"https:\\\/\\\/stage.nordtec.se\\\/en\\\/\"},{\"@type\":\"ListItem\",\"position\":2,\"name\":\"Shop\",\"item\":\"https:\\\/\\\/stage.nordtec.se\\\/shop\\\/?lang=en\"},{\"@type\":\"ListItem\",\"position\":3,\"name\":\"testo 190-T2 &#8211; autoclave logger with long straight sensor\"}]},{\"@type\":\"WebSite\",\"@id\":\"https:\\\/\\\/stage.nordtec.se\\\/en\\\/#website\",\"url\":\"https:\\\/\\\/stage.nordtec.se\\\/en\\\/\",\"name\":\"Nordtec\",\"description\":\"Din partner inom m\u00e4tteknik\",\"publisher\":{\"@id\":\"https:\\\/\\\/stage.nordtec.se\\\/en\\\/#organization\"},\"potentialAction\":[{\"@type\":\"SearchAction\",\"target\":{\"@type\":\"EntryPoint\",\"urlTemplate\":\"https:\\\/\\\/stage.nordtec.se\\\/en\\\/?s={search_term_string}\"},\"query-input\":{\"@type\":\"PropertyValueSpecification\",\"valueRequired\":true,\"valueName\":\"search_term_string\"}}],\"inLanguage\":\"en-US\"},{\"@type\":\"Organization\",\"@id\":\"https:\\\/\\\/stage.nordtec.se\\\/en\\\/#organization\",\"name\":\"Nordtec Instrument AB\",\"url\":\"https:\\\/\\\/stage.nordtec.se\\\/en\\\/\",\"logo\":{\"@type\":\"ImageObject\",\"inLanguage\":\"en-US\",\"@id\":\"https:\\\/\\\/stage.nordtec.se\\\/en\\\/#\\\/schema\\\/logo\\\/image\\\/\",\"url\":\"https:\\\/\\\/stage.nordtec.se\\\/wp-content\\\/uploads\\\/2021\\\/08\\\/nordtec_logo_rgb-340px.png\",\"contentUrl\":\"https:\\\/\\\/stage.nordtec.se\\\/wp-content\\\/uploads\\\/2021\\\/08\\\/nordtec_logo_rgb-340px.png\",\"width\":340,\"height\":75,\"caption\":\"Nordtec Instrument AB\"},\"image\":{\"@id\":\"https:\\\/\\\/stage.nordtec.se\\\/en\\\/#\\\/schema\\\/logo\\\/image\\\/\"},\"sameAs\":[\"https:\\\/\\\/www.facebook.com\\\/nordtecinstrument\",\"https:\\\/\\\/www.instagram.com\\\/nordtec_instrument\\\/\",\"https:\\\/\\\/www.linkedin.com\\\/company\\\/nordtec-instrument-ab\\\/\",\"https:\\\/\\\/www.youtube.com\\\/channel\\\/UCbmAq3ZmfBKOGg7_igFURng\"]}]}<\/script>\n<!-- \/ Yoast SEO Premium plugin. -->","yoast_head_json":{"title":"testo 190-T2 - autoclave logger with long straight sensor | Nordtec","description":"Highly accurate autoclave logger with long, straight measuring tip \u1405 testo 190 T2 \u2713 Efficient validation of sterilization and freeze-drying processes","robots":{"index":"noindex","follow":"follow","max-snippet":"max-snippet:-1","max-image-preview":"max-image-preview:large","max-video-preview":"max-video-preview:-1"},"og_locale":"en_US","og_type":"article","og_title":"testo 190-T2 - autoclave logger with long straight sensor","og_description":"Highly accurate autoclave logger with long, straight measuring tip \u1405 testo 190 T2 \u2713 Efficient validation of sterilization and freeze-drying processes","og_url":"https:\/\/stage.nordtec.se\/en\/product\/measuring-instruments\/temperature-gauges\/temperature-loggers\/testo-190-t2-autoclave-logger-with-long-straight-sensor\/","og_site_name":"Nordtec","article_publisher":"https:\/\/www.facebook.com\/nordtecinstrument","article_modified_time":"2025-05-06T12:34:05+00:00","og_image":[{"width":800,"height":800,"url":"https:\/\/stage.nordtec.se\/wp-content\/uploads\/2022\/03\/0572-1902-testo-190-T2-large-battery-front_800px.png","type":"image\/png"}],"twitter_card":"summary_large_image","twitter_misc":{"Est. reading time":"3 minutes"},"schema":{"@context":"https:\/\/schema.org","@graph":[{"@type":["WebPage","ItemPage"],"@id":"https:\/\/stage.nordtec.se\/en\/product\/measuring-instruments\/temperature-gauges\/temperature-loggers\/testo-190-t2-autoclave-logger-with-long-straight-sensor\/","url":"https:\/\/stage.nordtec.se\/en\/product\/measuring-instruments\/temperature-gauges\/temperature-loggers\/testo-190-t2-autoclave-logger-with-long-straight-sensor\/","name":"testo 190-T2 - autoclave logger with long straight sensor | Nordtec","isPartOf":{"@id":"https:\/\/stage.nordtec.se\/en\/#website"},"primaryImageOfPage":{"@id":"https:\/\/stage.nordtec.se\/en\/product\/measuring-instruments\/temperature-gauges\/temperature-loggers\/testo-190-t2-autoclave-logger-with-long-straight-sensor\/#primaryimage"},"image":{"@id":"https:\/\/stage.nordtec.se\/en\/product\/measuring-instruments\/temperature-gauges\/temperature-loggers\/testo-190-t2-autoclave-logger-with-long-straight-sensor\/#primaryimage"},"thumbnailUrl":"https:\/\/stage.nordtec.se\/wp-content\/uploads\/2022\/03\/0572-1902-testo-190-T2-large-battery-front_800px.png","datePublished":"2022-03-31T14:35:40+00:00","dateModified":"2025-05-06T12:34:05+00:00","description":"Highly accurate autoclave logger with long, straight measuring tip \u1405 testo 190 T2 \u2713 Efficient validation of sterilization and freeze-drying processes","breadcrumb":{"@id":"https:\/\/stage.nordtec.se\/en\/product\/measuring-instruments\/temperature-gauges\/temperature-loggers\/testo-190-t2-autoclave-logger-with-long-straight-sensor\/#breadcrumb"},"inLanguage":"en-US","potentialAction":[{"@type":"ReadAction","target":["https:\/\/stage.nordtec.se\/en\/product\/measuring-instruments\/temperature-gauges\/temperature-loggers\/testo-190-t2-autoclave-logger-with-long-straight-sensor\/"]}]},{"@type":"ImageObject","inLanguage":"en-US","@id":"https:\/\/stage.nordtec.se\/en\/product\/measuring-instruments\/temperature-gauges\/temperature-loggers\/testo-190-t2-autoclave-logger-with-long-straight-sensor\/#primaryimage","url":"https:\/\/stage.nordtec.se\/wp-content\/uploads\/2022\/03\/0572-1902-testo-190-T2-large-battery-front_800px.png","contentUrl":"https:\/\/stage.nordtec.se\/wp-content\/uploads\/2022\/03\/0572-1902-testo-190-T2-large-battery-front_800px.png","width":800,"height":800,"caption":"Temperature logger testo 190-T2 large battery"},{"@type":"BreadcrumbList","@id":"https:\/\/stage.nordtec.se\/en\/product\/measuring-instruments\/temperature-gauges\/temperature-loggers\/testo-190-t2-autoclave-logger-with-long-straight-sensor\/#breadcrumb","itemListElement":[{"@type":"ListItem","position":1,"name":"Hem","item":"https:\/\/stage.nordtec.se\/en\/"},{"@type":"ListItem","position":2,"name":"Shop","item":"https:\/\/stage.nordtec.se\/shop\/?lang=en"},{"@type":"ListItem","position":3,"name":"testo 190-T2 &#8211; autoclave logger with long straight sensor"}]},{"@type":"WebSite","@id":"https:\/\/stage.nordtec.se\/en\/#website","url":"https:\/\/stage.nordtec.se\/en\/","name":"Nordtec","description":"Din partner inom m\u00e4tteknik","publisher":{"@id":"https:\/\/stage.nordtec.se\/en\/#organization"},"potentialAction":[{"@type":"SearchAction","target":{"@type":"EntryPoint","urlTemplate":"https:\/\/stage.nordtec.se\/en\/?s={search_term_string}"},"query-input":{"@type":"PropertyValueSpecification","valueRequired":true,"valueName":"search_term_string"}}],"inLanguage":"en-US"},{"@type":"Organization","@id":"https:\/\/stage.nordtec.se\/en\/#organization","name":"Nordtec Instrument AB","url":"https:\/\/stage.nordtec.se\/en\/","logo":{"@type":"ImageObject","inLanguage":"en-US","@id":"https:\/\/stage.nordtec.se\/en\/#\/schema\/logo\/image\/","url":"https:\/\/stage.nordtec.se\/wp-content\/uploads\/2021\/08\/nordtec_logo_rgb-340px.png","contentUrl":"https:\/\/stage.nordtec.se\/wp-content\/uploads\/2021\/08\/nordtec_logo_rgb-340px.png","width":340,"height":75,"caption":"Nordtec Instrument AB"},"image":{"@id":"https:\/\/stage.nordtec.se\/en\/#\/schema\/logo\/image\/"},"sameAs":["https:\/\/www.facebook.com\/nordtecinstrument","https:\/\/www.instagram.com\/nordtec_instrument\/","https:\/\/www.linkedin.com\/company\/nordtec-instrument-ab\/","https:\/\/www.youtube.com\/channel\/UCbmAq3ZmfBKOGg7_igFURng"]}]}},"taxonomy_info":{"product_brand":[{"value":1435,"label":"Testo"}],"product_cat":[{"value":845,"label":"Autoclave loggers"},{"value":769,"label":"Data loggers"},{"value":768,"label":"Measuring instruments"},{"value":785,"label":"Medicines"},{"value":828,"label":"Temperature loggers"},{"value":1433,"label":"testo 190"}],"product_tag":[{"value":863,"label":"Dopp\/instick"},{"value":964,"label":"\u00d6ver +50 \u00b0C"},{"value":902,"label":"Pt1000"},{"value":914,"label":"Temperatur"},{"value":930,"label":"Under -20 \u00b0C"}]},"featured_image_src_large":["https:\/\/stage.nordtec.se\/wp-content\/uploads\/2022\/03\/0572-1902-testo-190-T2-large-battery-front_800px.png",800,800,false],"author_info":[],"comment_info":"","_links":{"self":[{"href":"https:\/\/stage.nordtec.se\/en\/wp-json\/wp\/v2\/product\/40778","targetHints":{"allow":["GET"]}}],"collection":[{"href":"https:\/\/stage.nordtec.se\/en\/wp-json\/wp\/v2\/product"}],"about":[{"href":"https:\/\/stage.nordtec.se\/en\/wp-json\/wp\/v2\/types\/product"}],"version-history":[{"count":1,"href":"https:\/\/stage.nordtec.se\/en\/wp-json\/wp\/v2\/product\/40778\/revisions"}],"predecessor-version":[{"id":44832,"href":"https:\/\/stage.nordtec.se\/en\/wp-json\/wp\/v2\/product\/40778\/revisions\/44832"}],"wp:featuredmedia":[{"embeddable":true,"href":"https:\/\/stage.nordtec.se\/en\/wp-json\/wp\/v2\/media\/37948"}],"wp:attachment":[{"href":"https:\/\/stage.nordtec.se\/en\/wp-json\/wp\/v2\/media?parent=40778"}],"wp:term":[{"taxonomy":"product_brand","embeddable":true,"href":"https:\/\/stage.nordtec.se\/en\/wp-json\/wp\/v2\/product_brand?post=40778"},{"taxonomy":"product_cat","embeddable":true,"href":"https:\/\/stage.nordtec.se\/en\/wp-json\/wp\/v2\/product_cat?post=40778"},{"taxonomy":"product_tag","embeddable":true,"href":"https:\/\/stage.nordtec.se\/en\/wp-json\/wp\/v2\/product_tag?post=40778"}],"curies":[{"name":"wp","href":"https:\/\/api.w.org\/{rel}","templated":true}]}}