{"id":40746,"date":"2022-03-31T16:46:23","date_gmt":"2022-03-31T14:46:23","guid":{"rendered":"https:\/\/stage.nordtec.se\/produkt\/uncategorized\/testo-160-e-data-logger-for-2-external-sensors\/"},"modified":"2026-04-20T11:05:48","modified_gmt":"2026-04-20T09:05:48","slug":"testo-160-e-data-logger-for-2-external-sensors","status":"publish","type":"product","link":"https:\/\/stage.nordtec.se\/en\/product\/measurement-systems\/testo-160-en\/testo-160-e-data-logger-for-2-external-sensors\/","title":{"rendered":"testo 160 E &#8211; data logger for 2 external sensors"},"content":{"rendered":"<h2>testo 160 E &#8211; connected data logger with input for two external sensors for temperature\/humidity, lux or lux\/UV<\/h2>\n<p style=\"margin-bottom: 17.0pt; line-height: 18.0pt; background: white;\"><span style=\"font-size: 11.5pt; font-family: Roboto; color: black;\">The testo 160 E is part of the testo 160 data logger series, which has been developed to meet the special requirements of sensitive indoor environments such as museums and archives. Thanks to its versatility with several options and combinations of internal sensors and external transducers, all measurement needs can be met, from offices, showrooms and warehouses to the transportation of sensitive goods. The operation and configuration of the data logger is very simple and is carried out directly via the testo Smart Connect cloud service. You can also connect data loggers from the testo 162 and 164 series to the same account in the cloud to create an even more flexible and comprehensive measurement system. <\/span><\/p>\n<h2>The main advantages of the testo 160 E<\/h2>\n<p><strong>Monitor temperature, humidity, brightness and UV radiation with the WiFi data logger testo 160 E<br \/>\n<\/strong>The WiFi data logger testo 160 E is easy to use and has inputs for 2 sensors (ordered separately) for temperature, humidity, light or light\/UV radiation. The measured values are transmitted via your wireless network directly to the testo Smart Connect cloud service. If the limit values are exceeded, you are immediately notified by email or push notification (requires connection to the testo Smart app) thanks to the alarm function. You can access all metrics and analysis functions anytime and anywhere with an internet-connected smartphone, tablet or computer.<\/p>\n<p><strong>The WiFi data logger testo 160 E &#8211; customizable and discreet<br \/>\n<\/strong>The small dimensions (64 x 76 x 22 mm) and simple design make it easy to place in rooms and storage or display cabinets. In combination with the decorative cover (see <em>Accessories<\/em>), the data logger can be customized to blend discreetly into its surroundings. Useful for example in exhibition halls where the data logger has to do its job without being noticed.<\/p>\n<p><strong>Additional benefits and features of the WiFi data logger testo 160 E<br \/>\n<\/strong>The internal data storage capacity of the WiFi data logger is 32,000 measured values and the instrument housing has protection class IP20. The standard batteries have a lifetime of 1.5 years and can be replaced by the user at any time.<\/p>\n<h2>testo Smart Connect<\/h2>\n<p>testo Smart Connect is the main control panel of your testo 160 system. Here you can configure your WiFi data loggers, set limit values and analyze your measurement data. You can access all measurement values and analysis functions anywhere and anytime with an internet-connected smartphone, tablet or computer. The cloud service is also compatible with the testo Smart app. Link your account to the app for even more smart features and the ability to receive alerts via push notifications.<\/p>\n<p><strong><a class=\"poppers\">Read this before creating an account &gt;&gt;<\/a><\/strong><\/p>\r\n<div id=\"poptext\">\r\n<p>When registering a cloud account in testo Smart Connect, an email address is required. We recommend that you do not use a \u201cpersonal\u201d email address. Instead, it is better to create a \u201cgeneral address\u201d that is not linked to a specific person. A suitable example could be \u201dinfo@exempel.com\u201d or similar.<\/p>\r\n<\/div>\r\n<p><a class=\"button\" href=\"http:\/\/www.smartconnect.testo.com\/\" target=\"_blank\" rel=\"noopener\">Log in to the cloud service<\/a><\/p>\r\n<p><a href=\"http:\/\/www.smartconnect.testo.com\/\" target=\"_blank\" rel=\"noopener\"><img loading=\"lazy\" decoding=\"async\" class=\"alignleft wp-image-60498\" src=\"https:\/\/stage.nordtec.se\/wp-content\/uploads\/2026\/04\/testo-smart-connect-logo-300x300.png\" alt=\"testo Smart Connect\" width=\"68\" height=\"68\" srcset=\"https:\/\/stage.nordtec.se\/wp-content\/uploads\/2026\/04\/testo-smart-connect-logo-300x300.png 300w, https:\/\/stage.nordtec.se\/wp-content\/uploads\/2026\/04\/testo-smart-connect-logo-150x150.png 150w, https:\/\/stage.nordtec.se\/wp-content\/uploads\/2026\/04\/testo-smart-connect-logo-768x768.png 768w, https:\/\/stage.nordtec.se\/wp-content\/uploads\/2026\/04\/testo-smart-connect-logo-50x50.png 50w, https:\/\/stage.nordtec.se\/wp-content\/uploads\/2026\/04\/testo-smart-connect-logo-324x324.png 324w, https:\/\/stage.nordtec.se\/wp-content\/uploads\/2026\/04\/testo-smart-connect-logo-416x416.png 416w, https:\/\/stage.nordtec.se\/wp-content\/uploads\/2026\/04\/testo-smart-connect-logo-100x100.png 100w, https:\/\/stage.nordtec.se\/wp-content\/uploads\/2026\/04\/testo-smart-connect-logo-64x64.png 64w, https:\/\/stage.nordtec.se\/wp-content\/uploads\/2026\/04\/testo-smart-connect-logo.png 800w\" sizes=\"auto, (max-width: 68px) 100vw, 68px\" \/><\/a><a href=\"https:\/\/stage.nordtec.se\/en\/testo-smart-apps\/\" target=\"_blank\" rel=\"noopener\"><img loading=\"lazy\" decoding=\"async\" class=\"alignleft wp-image-33549\" src=\"https:\/\/stage.nordtec.se\/wp-content\/uploads\/2023\/06\/App-Icon-testo-Smart-round_800px-300x300.png\" alt=\"Logga f\u00f6r testo Smart-appen\" width=\"68\" height=\"68\" srcset=\"https:\/\/stage.nordtec.se\/wp-content\/uploads\/2023\/06\/App-Icon-testo-Smart-round_800px-300x300.png 300w, https:\/\/stage.nordtec.se\/wp-content\/uploads\/2023\/06\/App-Icon-testo-Smart-round_800px-150x150.png 150w, https:\/\/stage.nordtec.se\/wp-content\/uploads\/2023\/06\/App-Icon-testo-Smart-round_800px-768x768.png 768w, https:\/\/stage.nordtec.se\/wp-content\/uploads\/2023\/06\/App-Icon-testo-Smart-round_800px-324x324.png 324w, https:\/\/stage.nordtec.se\/wp-content\/uploads\/2023\/06\/App-Icon-testo-Smart-round_800px-416x416.png 416w, https:\/\/stage.nordtec.se\/wp-content\/uploads\/2023\/06\/App-Icon-testo-Smart-round_800px-100x100.png 100w, https:\/\/stage.nordtec.se\/wp-content\/uploads\/2023\/06\/App-Icon-testo-Smart-round_800px-64x64.png 64w, https:\/\/stage.nordtec.se\/wp-content\/uploads\/2023\/06\/App-Icon-testo-Smart-round_800px.png 800w\" sizes=\"auto, (max-width: 68px) 100vw, 68px\" \/><\/a><\/p>\r\n<p>&nbsp;<\/p>\r\n<p>&nbsp;<\/p>\n<p>&nbsp;<\/p>\n<h2>Included in delivery<\/h2>\n<p>WiFi data logger testo 160 E, batteries, wall bracket, factory protocol and brief user manual.<\/p>\n<p><span class=\"ui-provider ed ayd aye ayf ayg ayh ayi ayj ayk ayl aym ayn ayo ayp ayq ayr ays ayt ayu ayv ayw ayx ayy ayz aza azb azc azd aze azf azg azh azi azj azk\" dir=\"ltr\"><strong>Fabriksprotokoll:<\/strong>\u00a0utf\u00e4rdas p\u00e5 fabriken efter en kontroll av att produkten fungerar och uppfyller angiven m\u00e4tnoggrannhet. L\u00e4s om <a href=\"https:\/\/stage.nordtec.se\/kalibrering\/iso-9001-kraver-kalibrerad-matutrustning\/\"><u>skillnaden mellan fabriksprotokoll och ackrediterad kalibrering<\/u><\/a>.<\/span><\/p>\n","protected":false},"excerpt":{"rendered":"<p>Remote monitoring via local WiFi network and cloud service.<\/p>\n<ul>\n<li>Connection possibility for 2 external sensors &#8211; temperature\/humidity, lux or lux\/UV<\/li>\n<li>Internal data memory for 32 000 measurements<\/li>\n<li>Exceeded limits are reported immediately via email or push notification.<\/li>\n<\/ul>\n","protected":false},"featured_media":38320,"template":"","meta":{"_kad_blocks_custom_css":"","_kad_blocks_head_custom_js":"","_kad_blocks_body_custom_js":"","_kad_blocks_footer_custom_js":"","footnotes":""},"product_brand":[],"product_cat":[796,769,841,768,774,1426,1402,829,843],"product_tag":[885,929,940],"class_list":{"0":"post-40746","1":"product","2":"type-product","3":"status-publish","4":"has-post-thumbnail","6":"product_cat-climate-instrument","7":"product_cat-data-loggers","8":"product_cat-measurement-systems","9":"product_cat-measuring-instruments","10":"product_cat-testo-160-en","11":"product_cat-testo-smart-app","12":"product_cat-testo-smart-connect-en","13":"product_cat-ventilation-instruments","14":"product_cat-wifi-loggers","15":"product_tag-ljus-en","16":"product_tag-uv-en","17":"product_tag-wifi-en","19":"first","20":"onbackorder","21":"taxable","22":"shipping-taxable","23":"purchasable","24":"product-type-simple"},"yoast_head":"<!-- This site is optimized with the Yoast SEO Premium plugin v27.3 (Yoast SEO v27.5) - https:\/\/yoast.com\/product\/yoast-seo-premium-wordpress\/ -->\n<title>testo 160 E - data logger for 2 external sensors | Nordtec<\/title>\n<meta name=\"description\" content=\"Remote monitoring via local WiFi network and cloud service \u1405 testo 160 E \u2713 Connections for 2 external sensors \u2713 UV\/Lux or humidity\/temperature \u2713 Internal memory\" \/>\n<meta name=\"robots\" content=\"noindex, follow, max-snippet:-1, max-image-preview:large, max-video-preview:-1\" \/>\n<meta property=\"og:locale\" content=\"en_US\" \/>\n<meta property=\"og:type\" content=\"article\" \/>\n<meta property=\"og:title\" content=\"testo 160 E - data logger for 2 external sensors\" \/>\n<meta property=\"og:description\" content=\"Remote monitoring via local WiFi network and cloud service \u1405 testo 160 E \u2713 Connections for 2 external sensors \u2713 UV\/Lux or humidity\/temperature \u2713 Internal memory\" \/>\n<meta property=\"og:url\" content=\"https:\/\/stage.nordtec.se\/en\/product\/measurement-systems\/testo-160-en\/testo-160-e-data-logger-for-2-external-sensors\/\" \/>\n<meta property=\"og:site_name\" content=\"Nordtec\" \/>\n<meta property=\"article:publisher\" content=\"https:\/\/www.facebook.com\/nordtecinstrument\" \/>\n<meta property=\"article:modified_time\" content=\"2026-04-20T09:05:48+00:00\" \/>\n<meta property=\"og:image\" content=\"https:\/\/stage.nordtec.se\/wp-content\/uploads\/2022\/03\/0572-2022-testo-160-E-frontal_800px.png\" \/>\n\t<meta property=\"og:image:width\" content=\"800\" \/>\n\t<meta property=\"og:image:height\" content=\"800\" \/>\n\t<meta property=\"og:image:type\" content=\"image\/png\" \/>\n<meta name=\"twitter:card\" content=\"summary_large_image\" \/>\n<meta name=\"twitter:label1\" content=\"Est. reading time\" \/>\n\t<meta name=\"twitter:data1\" content=\"3 minutes\" \/>\n<script type=\"application\/ld+json\" class=\"yoast-schema-graph\">{\"@context\":\"https:\\\/\\\/schema.org\",\"@graph\":[{\"@type\":[\"WebPage\",\"ItemPage\"],\"@id\":\"https:\\\/\\\/stage.nordtec.se\\\/en\\\/product\\\/measurement-systems\\\/testo-160-en\\\/testo-160-e-data-logger-for-2-external-sensors\\\/\",\"url\":\"https:\\\/\\\/stage.nordtec.se\\\/en\\\/product\\\/measurement-systems\\\/testo-160-en\\\/testo-160-e-data-logger-for-2-external-sensors\\\/\",\"name\":\"testo 160 E - data logger for 2 external sensors | Nordtec\",\"isPartOf\":{\"@id\":\"https:\\\/\\\/stage.nordtec.se\\\/en\\\/#website\"},\"primaryImageOfPage\":{\"@id\":\"https:\\\/\\\/stage.nordtec.se\\\/en\\\/product\\\/measurement-systems\\\/testo-160-en\\\/testo-160-e-data-logger-for-2-external-sensors\\\/#primaryimage\"},\"image\":{\"@id\":\"https:\\\/\\\/stage.nordtec.se\\\/en\\\/product\\\/measurement-systems\\\/testo-160-en\\\/testo-160-e-data-logger-for-2-external-sensors\\\/#primaryimage\"},\"thumbnailUrl\":\"https:\\\/\\\/stage.nordtec.se\\\/wp-content\\\/uploads\\\/2022\\\/03\\\/0572-2022-testo-160-E-frontal_800px.png\",\"datePublished\":\"2022-03-31T14:46:23+00:00\",\"dateModified\":\"2026-04-20T09:05:48+00:00\",\"description\":\"Remote monitoring via local WiFi network and cloud service \u1405 testo 160 E \u2713 Connections for 2 external sensors \u2713 UV\\\/Lux or humidity\\\/temperature \u2713 Internal memory\",\"breadcrumb\":{\"@id\":\"https:\\\/\\\/stage.nordtec.se\\\/en\\\/product\\\/measurement-systems\\\/testo-160-en\\\/testo-160-e-data-logger-for-2-external-sensors\\\/#breadcrumb\"},\"inLanguage\":\"en-US\",\"potentialAction\":[{\"@type\":\"ReadAction\",\"target\":[\"https:\\\/\\\/stage.nordtec.se\\\/en\\\/product\\\/measurement-systems\\\/testo-160-en\\\/testo-160-e-data-logger-for-2-external-sensors\\\/\"]}]},{\"@type\":\"ImageObject\",\"inLanguage\":\"en-US\",\"@id\":\"https:\\\/\\\/stage.nordtec.se\\\/en\\\/product\\\/measurement-systems\\\/testo-160-en\\\/testo-160-e-data-logger-for-2-external-sensors\\\/#primaryimage\",\"url\":\"https:\\\/\\\/stage.nordtec.se\\\/wp-content\\\/uploads\\\/2022\\\/03\\\/0572-2022-testo-160-E-frontal_800px.png\",\"contentUrl\":\"https:\\\/\\\/stage.nordtec.se\\\/wp-content\\\/uploads\\\/2022\\\/03\\\/0572-2022-testo-160-E-frontal_800px.png\",\"width\":800,\"height\":800,\"caption\":\"WiFi data logger testo 160 E\"},{\"@type\":\"BreadcrumbList\",\"@id\":\"https:\\\/\\\/stage.nordtec.se\\\/en\\\/product\\\/measurement-systems\\\/testo-160-en\\\/testo-160-e-data-logger-for-2-external-sensors\\\/#breadcrumb\",\"itemListElement\":[{\"@type\":\"ListItem\",\"position\":1,\"name\":\"Hem\",\"item\":\"https:\\\/\\\/stage.nordtec.se\\\/en\\\/\"},{\"@type\":\"ListItem\",\"position\":2,\"name\":\"Shop\",\"item\":\"https:\\\/\\\/stage.nordtec.se\\\/shop\\\/?lang=en\"},{\"@type\":\"ListItem\",\"position\":3,\"name\":\"testo 160 E &#8211; data logger for 2 external sensors\"}]},{\"@type\":\"WebSite\",\"@id\":\"https:\\\/\\\/stage.nordtec.se\\\/en\\\/#website\",\"url\":\"https:\\\/\\\/stage.nordtec.se\\\/en\\\/\",\"name\":\"Nordtec\",\"description\":\"Din partner inom m\u00e4tteknik\",\"publisher\":{\"@id\":\"https:\\\/\\\/stage.nordtec.se\\\/en\\\/#organization\"},\"potentialAction\":[{\"@type\":\"SearchAction\",\"target\":{\"@type\":\"EntryPoint\",\"urlTemplate\":\"https:\\\/\\\/stage.nordtec.se\\\/en\\\/?s={search_term_string}\"},\"query-input\":{\"@type\":\"PropertyValueSpecification\",\"valueRequired\":true,\"valueName\":\"search_term_string\"}}],\"inLanguage\":\"en-US\"},{\"@type\":\"Organization\",\"@id\":\"https:\\\/\\\/stage.nordtec.se\\\/en\\\/#organization\",\"name\":\"Nordtec Instrument AB\",\"url\":\"https:\\\/\\\/stage.nordtec.se\\\/en\\\/\",\"logo\":{\"@type\":\"ImageObject\",\"inLanguage\":\"en-US\",\"@id\":\"https:\\\/\\\/stage.nordtec.se\\\/en\\\/#\\\/schema\\\/logo\\\/image\\\/\",\"url\":\"https:\\\/\\\/stage.nordtec.se\\\/wp-content\\\/uploads\\\/2021\\\/08\\\/nordtec_logo_rgb-340px.png\",\"contentUrl\":\"https:\\\/\\\/stage.nordtec.se\\\/wp-content\\\/uploads\\\/2021\\\/08\\\/nordtec_logo_rgb-340px.png\",\"width\":340,\"height\":75,\"caption\":\"Nordtec Instrument AB\"},\"image\":{\"@id\":\"https:\\\/\\\/stage.nordtec.se\\\/en\\\/#\\\/schema\\\/logo\\\/image\\\/\"},\"sameAs\":[\"https:\\\/\\\/www.facebook.com\\\/nordtecinstrument\",\"https:\\\/\\\/www.instagram.com\\\/nordtec_instrument\\\/\",\"https:\\\/\\\/www.linkedin.com\\\/company\\\/nordtec-instrument-ab\\\/\",\"https:\\\/\\\/www.youtube.com\\\/channel\\\/UCbmAq3ZmfBKOGg7_igFURng\"]}]}<\/script>\n<!-- \/ Yoast SEO Premium plugin. -->","yoast_head_json":{"title":"testo 160 E - data logger for 2 external sensors | Nordtec","description":"Remote monitoring via local WiFi network and cloud service \u1405 testo 160 E \u2713 Connections for 2 external sensors \u2713 UV\/Lux or humidity\/temperature \u2713 Internal memory","robots":{"index":"noindex","follow":"follow","max-snippet":"max-snippet:-1","max-image-preview":"max-image-preview:large","max-video-preview":"max-video-preview:-1"},"og_locale":"en_US","og_type":"article","og_title":"testo 160 E - data logger for 2 external sensors","og_description":"Remote monitoring via local WiFi network and cloud service \u1405 testo 160 E \u2713 Connections for 2 external sensors \u2713 UV\/Lux or humidity\/temperature \u2713 Internal memory","og_url":"https:\/\/stage.nordtec.se\/en\/product\/measurement-systems\/testo-160-en\/testo-160-e-data-logger-for-2-external-sensors\/","og_site_name":"Nordtec","article_publisher":"https:\/\/www.facebook.com\/nordtecinstrument","article_modified_time":"2026-04-20T09:05:48+00:00","og_image":[{"width":800,"height":800,"url":"https:\/\/stage.nordtec.se\/wp-content\/uploads\/2022\/03\/0572-2022-testo-160-E-frontal_800px.png","type":"image\/png"}],"twitter_card":"summary_large_image","twitter_misc":{"Est. reading time":"3 minutes"},"schema":{"@context":"https:\/\/schema.org","@graph":[{"@type":["WebPage","ItemPage"],"@id":"https:\/\/stage.nordtec.se\/en\/product\/measurement-systems\/testo-160-en\/testo-160-e-data-logger-for-2-external-sensors\/","url":"https:\/\/stage.nordtec.se\/en\/product\/measurement-systems\/testo-160-en\/testo-160-e-data-logger-for-2-external-sensors\/","name":"testo 160 E - data logger for 2 external sensors | Nordtec","isPartOf":{"@id":"https:\/\/stage.nordtec.se\/en\/#website"},"primaryImageOfPage":{"@id":"https:\/\/stage.nordtec.se\/en\/product\/measurement-systems\/testo-160-en\/testo-160-e-data-logger-for-2-external-sensors\/#primaryimage"},"image":{"@id":"https:\/\/stage.nordtec.se\/en\/product\/measurement-systems\/testo-160-en\/testo-160-e-data-logger-for-2-external-sensors\/#primaryimage"},"thumbnailUrl":"https:\/\/stage.nordtec.se\/wp-content\/uploads\/2022\/03\/0572-2022-testo-160-E-frontal_800px.png","datePublished":"2022-03-31T14:46:23+00:00","dateModified":"2026-04-20T09:05:48+00:00","description":"Remote monitoring via local WiFi network and cloud service \u1405 testo 160 E \u2713 Connections for 2 external sensors \u2713 UV\/Lux or humidity\/temperature \u2713 Internal memory","breadcrumb":{"@id":"https:\/\/stage.nordtec.se\/en\/product\/measurement-systems\/testo-160-en\/testo-160-e-data-logger-for-2-external-sensors\/#breadcrumb"},"inLanguage":"en-US","potentialAction":[{"@type":"ReadAction","target":["https:\/\/stage.nordtec.se\/en\/product\/measurement-systems\/testo-160-en\/testo-160-e-data-logger-for-2-external-sensors\/"]}]},{"@type":"ImageObject","inLanguage":"en-US","@id":"https:\/\/stage.nordtec.se\/en\/product\/measurement-systems\/testo-160-en\/testo-160-e-data-logger-for-2-external-sensors\/#primaryimage","url":"https:\/\/stage.nordtec.se\/wp-content\/uploads\/2022\/03\/0572-2022-testo-160-E-frontal_800px.png","contentUrl":"https:\/\/stage.nordtec.se\/wp-content\/uploads\/2022\/03\/0572-2022-testo-160-E-frontal_800px.png","width":800,"height":800,"caption":"WiFi data logger testo 160 E"},{"@type":"BreadcrumbList","@id":"https:\/\/stage.nordtec.se\/en\/product\/measurement-systems\/testo-160-en\/testo-160-e-data-logger-for-2-external-sensors\/#breadcrumb","itemListElement":[{"@type":"ListItem","position":1,"name":"Hem","item":"https:\/\/stage.nordtec.se\/en\/"},{"@type":"ListItem","position":2,"name":"Shop","item":"https:\/\/stage.nordtec.se\/shop\/?lang=en"},{"@type":"ListItem","position":3,"name":"testo 160 E &#8211; data logger for 2 external sensors"}]},{"@type":"WebSite","@id":"https:\/\/stage.nordtec.se\/en\/#website","url":"https:\/\/stage.nordtec.se\/en\/","name":"Nordtec","description":"Din partner inom m\u00e4tteknik","publisher":{"@id":"https:\/\/stage.nordtec.se\/en\/#organization"},"potentialAction":[{"@type":"SearchAction","target":{"@type":"EntryPoint","urlTemplate":"https:\/\/stage.nordtec.se\/en\/?s={search_term_string}"},"query-input":{"@type":"PropertyValueSpecification","valueRequired":true,"valueName":"search_term_string"}}],"inLanguage":"en-US"},{"@type":"Organization","@id":"https:\/\/stage.nordtec.se\/en\/#organization","name":"Nordtec Instrument AB","url":"https:\/\/stage.nordtec.se\/en\/","logo":{"@type":"ImageObject","inLanguage":"en-US","@id":"https:\/\/stage.nordtec.se\/en\/#\/schema\/logo\/image\/","url":"https:\/\/stage.nordtec.se\/wp-content\/uploads\/2021\/08\/nordtec_logo_rgb-340px.png","contentUrl":"https:\/\/stage.nordtec.se\/wp-content\/uploads\/2021\/08\/nordtec_logo_rgb-340px.png","width":340,"height":75,"caption":"Nordtec Instrument AB"},"image":{"@id":"https:\/\/stage.nordtec.se\/en\/#\/schema\/logo\/image\/"},"sameAs":["https:\/\/www.facebook.com\/nordtecinstrument","https:\/\/www.instagram.com\/nordtec_instrument\/","https:\/\/www.linkedin.com\/company\/nordtec-instrument-ab\/","https:\/\/www.youtube.com\/channel\/UCbmAq3ZmfBKOGg7_igFURng"]}]}},"taxonomy_info":{"product_cat":[{"value":796,"label":"Climate instrument"},{"value":769,"label":"Data loggers"},{"value":841,"label":"Measurement systems"},{"value":768,"label":"Measuring instruments"},{"value":774,"label":"testo 160"},{"value":1426,"label":"testo Smart App"},{"value":1402,"label":"testo Smart Connect"},{"value":829,"label":"Ventilation instruments"},{"value":843,"label":"Wifi loggers"}],"product_tag":[{"value":885,"label":"Ljus"},{"value":929,"label":"UV"},{"value":940,"label":"Wifi"}]},"featured_image_src_large":["https:\/\/stage.nordtec.se\/wp-content\/uploads\/2022\/03\/0572-2022-testo-160-E-frontal_800px.png",800,800,false],"author_info":[],"comment_info":"","_links":{"self":[{"href":"https:\/\/stage.nordtec.se\/en\/wp-json\/wp\/v2\/product\/40746","targetHints":{"allow":["GET"]}}],"collection":[{"href":"https:\/\/stage.nordtec.se\/en\/wp-json\/wp\/v2\/product"}],"about":[{"href":"https:\/\/stage.nordtec.se\/en\/wp-json\/wp\/v2\/types\/product"}],"version-history":[{"count":5,"href":"https:\/\/stage.nordtec.se\/en\/wp-json\/wp\/v2\/product\/40746\/revisions"}],"predecessor-version":[{"id":60462,"href":"https:\/\/stage.nordtec.se\/en\/wp-json\/wp\/v2\/product\/40746\/revisions\/60462"}],"wp:featuredmedia":[{"embeddable":true,"href":"https:\/\/stage.nordtec.se\/en\/wp-json\/wp\/v2\/media\/38320"}],"wp:attachment":[{"href":"https:\/\/stage.nordtec.se\/en\/wp-json\/wp\/v2\/media?parent=40746"}],"wp:term":[{"taxonomy":"product_brand","embeddable":true,"href":"https:\/\/stage.nordtec.se\/en\/wp-json\/wp\/v2\/product_brand?post=40746"},{"taxonomy":"product_cat","embeddable":true,"href":"https:\/\/stage.nordtec.se\/en\/wp-json\/wp\/v2\/product_cat?post=40746"},{"taxonomy":"product_tag","embeddable":true,"href":"https:\/\/stage.nordtec.se\/en\/wp-json\/wp\/v2\/product_tag?post=40746"}],"curies":[{"name":"wp","href":"https:\/\/api.w.org\/{rel}","templated":true}]}}