{"id":40678,"date":"2023-04-28T11:56:26","date_gmt":"2023-04-28T09:56:26","guid":{"rendered":"https:\/\/stage.nordtec.se\/produkt\/uncategorized\/testo-830-t2-measurement-kit-for-temperature-measurement-in-asphalt\/"},"modified":"2025-05-06T14:25:46","modified_gmt":"2025-05-06T12:25:46","slug":"testo-830-t2-measurement-kit-for-temperature-measurement-in-asphalt","status":"publish","type":"product","link":"https:\/\/stage.nordtec.se\/en\/product\/measuring-instruments\/temperature-gauges\/ir-thermometers\/testo-830-t2-measurement-kit-for-temperature-measurement-in-asphalt\/","title":{"rendered":"testo 830-T2 &#8211; Measurement kit for temperature measurement in asphalt"},"content":{"rendered":"<h2>Measurement kit testo 830-T2 &#8211; IR thermometer<\/h2>\n<p>When laying asphalt, the core temperature of the asphalt needs to be at an optimal temperature, which you can easily check with the handheld IR thermometer and the robust plug-in sensor in this measuring set.<\/p>\n<h2>Features and benefits of the IR thermometer testo 830-T2<\/h2>\n<p>Choose from a very wide range of external thermocouple sensors type K. Resilient fast surface temperature sensor, waterproof immersion sensor or e.g. a versatile wire sensor are some of the sensors available. Using an external surface temperature sensor, the emission factor can be adjusted for a specific material. On &#8220;difficult&#8221; surfaces, you can apply emission tape and then measure the surface temperature of the tape&#8217;s surface with the IR temperature sensor. A very flexible and useful instrument that fits in any toolbox.<\/p>\n<p><strong>A summary of the benefits:<\/strong><\/p>\n<ul>\n<li>Wide range of type K thermocouple sensors<\/li>\n<li>High resolution processor for best accuracy (0.1\u00b0C resolution)<\/li>\n<li>12:1 optics for precise measurements even at medium distances<\/li>\n<li>The IR thermometer&#8217;s 2-point laser sight makes it easy to identify the measuring surface.<\/li>\n<li>Two alarm thresholds<\/li>\n<li>Light and sound alarms when limit values are exceeded<\/li>\n<li>Min\/max value display and hold function<\/li>\n<li>Comfortable one-handed handling thanks to its ergonomic design<\/li>\n<li>Clear, illuminated display<\/li>\n<\/ul>\n<h2>Included in the measurement set<\/h2>\n<p>IR thermometer testo 830-T2, robust plug-in sensor for measuring core temperature in asphalt, factory protocol and batteries, case.<\/p>\n<p><span class=\"ui-provider ed ayd aye ayf ayg ayh ayi ayj ayk ayl aym ayn ayo ayp ayq ayr ays ayt ayu ayv ayw ayx ayy ayz aza azb azc azd aze azf azg azh azi azj azk\" dir=\"ltr\"><strong>Fabriksprotokoll:<\/strong>\u00a0utf\u00e4rdas p\u00e5 fabriken efter en kontroll av att produkten fungerar och uppfyller angiven m\u00e4tnoggrannhet. L\u00e4s om <a href=\"https:\/\/stage.nordtec.se\/kalibrering\/iso-9001-kraver-kalibrerad-matutrustning\/\"><u>skillnaden mellan fabriksprotokoll och ackrediterad kalibrering<\/u><\/a>.<\/span><\/p>\n","protected":false},"excerpt":{"rendered":"<p style=\"text-align: left;\">Measurement set including robust insertion sensor type K<\/p>\n<ul>\n<li style=\"text-align: left;\">Combined instrument<\/li>\n<li style=\"text-align: left;\">Input for standard temperature sensors<\/li>\n<li style=\"text-align: left;\">Clear 2-point laser sight.<\/li>\n<\/ul>\n","protected":false},"featured_media":40247,"template":"","meta":{"_kad_blocks_custom_css":"","_kad_blocks_head_custom_js":"","_kad_blocks_body_custom_js":"","_kad_blocks_footer_custom_js":"","footnotes":""},"product_brand":[1435],"product_cat":[782,786,768,778],"product_tag":[866,878,965,964,912,930],"class_list":{"0":"post-40678","1":"product","2":"type-product","3":"status-publish","4":"has-post-thumbnail","6":"product_brand-testo","7":"product_cat-hvac-property","8":"product_cat-ir-thermometers","9":"product_cat-measuring-instruments","10":"product_cat-temperature-gauges","11":"product_tag-fastighet-en","12":"product_tag-infrared-en","13":"product_tag-over-200-grader-en","14":"product_tag-over-50-grader-en","15":"product_tag-tek-en","16":"product_tag-under-minus-20-grader-en","18":"first","19":"onbackorder","20":"taxable","21":"shipping-taxable","22":"purchasable","23":"product-type-simple"},"yoast_head":"<!-- This site is optimized with the Yoast SEO Premium plugin v27.3 (Yoast SEO v27.5) - https:\/\/yoast.com\/product\/yoast-seo-premium-wordpress\/ -->\n<title>testo 830-T2 - Measurement kit for temperature measurement in asphalt | Nordtec<\/title>\n<meta name=\"description\" content=\"When laying asphalt, the core temperature of the asphalt needs to maintain an optimal temperature, which you can easily check with this measuring kit.\" \/>\n<meta name=\"robots\" content=\"noindex, follow, max-snippet:-1, max-image-preview:large, max-video-preview:-1\" \/>\n<meta property=\"og:locale\" content=\"en_US\" \/>\n<meta property=\"og:type\" content=\"article\" \/>\n<meta property=\"og:title\" content=\"testo 830-T2 - Measurement kit for temperature measurement in asphalt\" \/>\n<meta property=\"og:description\" content=\"When laying asphalt, the core temperature of the asphalt needs to maintain an optimal temperature, which you can easily check with this measuring kit.\" \/>\n<meta property=\"og:url\" content=\"https:\/\/stage.nordtec.se\/en\/product\/measuring-instruments\/temperature-gauges\/ir-thermometers\/testo-830-t2-measurement-kit-for-temperature-measurement-in-asphalt\/\" \/>\n<meta property=\"og:site_name\" content=\"Nordtec\" \/>\n<meta property=\"article:publisher\" content=\"https:\/\/www.facebook.com\/nordtecinstrument\" \/>\n<meta property=\"article:modified_time\" content=\"2025-05-06T12:25:46+00:00\" \/>\n<meta property=\"og:image\" content=\"https:\/\/stage.nordtec.se\/wp-content\/uploads\/2023\/04\/testo-830-T2_asfalt-matset-1_800px.png\" \/>\n\t<meta property=\"og:image:width\" content=\"800\" \/>\n\t<meta property=\"og:image:height\" content=\"800\" \/>\n\t<meta property=\"og:image:type\" content=\"image\/png\" \/>\n<meta name=\"twitter:card\" content=\"summary_large_image\" \/>\n<meta name=\"twitter:label1\" content=\"Est. reading time\" \/>\n\t<meta name=\"twitter:data1\" content=\"2 minutes\" \/>\n<script type=\"application\/ld+json\" class=\"yoast-schema-graph\">{\"@context\":\"https:\\\/\\\/schema.org\",\"@graph\":[{\"@type\":[\"WebPage\",\"ItemPage\"],\"@id\":\"https:\\\/\\\/stage.nordtec.se\\\/en\\\/product\\\/measuring-instruments\\\/temperature-gauges\\\/ir-thermometers\\\/testo-830-t2-measurement-kit-for-temperature-measurement-in-asphalt\\\/\",\"url\":\"https:\\\/\\\/stage.nordtec.se\\\/en\\\/product\\\/measuring-instruments\\\/temperature-gauges\\\/ir-thermometers\\\/testo-830-t2-measurement-kit-for-temperature-measurement-in-asphalt\\\/\",\"name\":\"testo 830-T2 - Measurement kit for temperature measurement in asphalt | Nordtec\",\"isPartOf\":{\"@id\":\"https:\\\/\\\/stage.nordtec.se\\\/en\\\/#website\"},\"primaryImageOfPage\":{\"@id\":\"https:\\\/\\\/stage.nordtec.se\\\/en\\\/product\\\/measuring-instruments\\\/temperature-gauges\\\/ir-thermometers\\\/testo-830-t2-measurement-kit-for-temperature-measurement-in-asphalt\\\/#primaryimage\"},\"image\":{\"@id\":\"https:\\\/\\\/stage.nordtec.se\\\/en\\\/product\\\/measuring-instruments\\\/temperature-gauges\\\/ir-thermometers\\\/testo-830-t2-measurement-kit-for-temperature-measurement-in-asphalt\\\/#primaryimage\"},\"thumbnailUrl\":\"https:\\\/\\\/stage.nordtec.se\\\/wp-content\\\/uploads\\\/2023\\\/04\\\/testo-830-T2_asfalt-matset-1_800px.png\",\"datePublished\":\"2023-04-28T09:56:26+00:00\",\"dateModified\":\"2025-05-06T12:25:46+00:00\",\"description\":\"When laying asphalt, the core temperature of the asphalt needs to maintain an optimal temperature, which you can easily check with this measuring kit.\",\"breadcrumb\":{\"@id\":\"https:\\\/\\\/stage.nordtec.se\\\/en\\\/product\\\/measuring-instruments\\\/temperature-gauges\\\/ir-thermometers\\\/testo-830-t2-measurement-kit-for-temperature-measurement-in-asphalt\\\/#breadcrumb\"},\"inLanguage\":\"en-US\",\"potentialAction\":[{\"@type\":\"ReadAction\",\"target\":[\"https:\\\/\\\/stage.nordtec.se\\\/en\\\/product\\\/measuring-instruments\\\/temperature-gauges\\\/ir-thermometers\\\/testo-830-t2-measurement-kit-for-temperature-measurement-in-asphalt\\\/\"]}]},{\"@type\":\"ImageObject\",\"inLanguage\":\"en-US\",\"@id\":\"https:\\\/\\\/stage.nordtec.se\\\/en\\\/product\\\/measuring-instruments\\\/temperature-gauges\\\/ir-thermometers\\\/testo-830-t2-measurement-kit-for-temperature-measurement-in-asphalt\\\/#primaryimage\",\"url\":\"https:\\\/\\\/stage.nordtec.se\\\/wp-content\\\/uploads\\\/2023\\\/04\\\/testo-830-T2_asfalt-matset-1_800px.png\",\"contentUrl\":\"https:\\\/\\\/stage.nordtec.se\\\/wp-content\\\/uploads\\\/2023\\\/04\\\/testo-830-T2_asfalt-matset-1_800px.png\",\"width\":800,\"height\":800,\"caption\":\"testo 830-T2 asphalt measuring kit\"},{\"@type\":\"BreadcrumbList\",\"@id\":\"https:\\\/\\\/stage.nordtec.se\\\/en\\\/product\\\/measuring-instruments\\\/temperature-gauges\\\/ir-thermometers\\\/testo-830-t2-measurement-kit-for-temperature-measurement-in-asphalt\\\/#breadcrumb\",\"itemListElement\":[{\"@type\":\"ListItem\",\"position\":1,\"name\":\"Hem\",\"item\":\"https:\\\/\\\/stage.nordtec.se\\\/en\\\/\"},{\"@type\":\"ListItem\",\"position\":2,\"name\":\"Shop\",\"item\":\"https:\\\/\\\/stage.nordtec.se\\\/shop\\\/?lang=en\"},{\"@type\":\"ListItem\",\"position\":3,\"name\":\"testo 830-T2 &#8211; Measurement kit for temperature measurement in asphalt\"}]},{\"@type\":\"WebSite\",\"@id\":\"https:\\\/\\\/stage.nordtec.se\\\/en\\\/#website\",\"url\":\"https:\\\/\\\/stage.nordtec.se\\\/en\\\/\",\"name\":\"Nordtec\",\"description\":\"Din partner inom m\u00e4tteknik\",\"publisher\":{\"@id\":\"https:\\\/\\\/stage.nordtec.se\\\/en\\\/#organization\"},\"potentialAction\":[{\"@type\":\"SearchAction\",\"target\":{\"@type\":\"EntryPoint\",\"urlTemplate\":\"https:\\\/\\\/stage.nordtec.se\\\/en\\\/?s={search_term_string}\"},\"query-input\":{\"@type\":\"PropertyValueSpecification\",\"valueRequired\":true,\"valueName\":\"search_term_string\"}}],\"inLanguage\":\"en-US\"},{\"@type\":\"Organization\",\"@id\":\"https:\\\/\\\/stage.nordtec.se\\\/en\\\/#organization\",\"name\":\"Nordtec Instrument AB\",\"url\":\"https:\\\/\\\/stage.nordtec.se\\\/en\\\/\",\"logo\":{\"@type\":\"ImageObject\",\"inLanguage\":\"en-US\",\"@id\":\"https:\\\/\\\/stage.nordtec.se\\\/en\\\/#\\\/schema\\\/logo\\\/image\\\/\",\"url\":\"https:\\\/\\\/stage.nordtec.se\\\/wp-content\\\/uploads\\\/2021\\\/08\\\/nordtec_logo_rgb-340px.png\",\"contentUrl\":\"https:\\\/\\\/stage.nordtec.se\\\/wp-content\\\/uploads\\\/2021\\\/08\\\/nordtec_logo_rgb-340px.png\",\"width\":340,\"height\":75,\"caption\":\"Nordtec Instrument AB\"},\"image\":{\"@id\":\"https:\\\/\\\/stage.nordtec.se\\\/en\\\/#\\\/schema\\\/logo\\\/image\\\/\"},\"sameAs\":[\"https:\\\/\\\/www.facebook.com\\\/nordtecinstrument\",\"https:\\\/\\\/www.instagram.com\\\/nordtec_instrument\\\/\",\"https:\\\/\\\/www.linkedin.com\\\/company\\\/nordtec-instrument-ab\\\/\",\"https:\\\/\\\/www.youtube.com\\\/channel\\\/UCbmAq3ZmfBKOGg7_igFURng\"]}]}<\/script>\n<!-- \/ Yoast SEO Premium plugin. -->","yoast_head_json":{"title":"testo 830-T2 - Measurement kit for temperature measurement in asphalt | Nordtec","description":"When laying asphalt, the core temperature of the asphalt needs to maintain an optimal temperature, which you can easily check with this measuring kit.","robots":{"index":"noindex","follow":"follow","max-snippet":"max-snippet:-1","max-image-preview":"max-image-preview:large","max-video-preview":"max-video-preview:-1"},"og_locale":"en_US","og_type":"article","og_title":"testo 830-T2 - Measurement kit for temperature measurement in asphalt","og_description":"When laying asphalt, the core temperature of the asphalt needs to maintain an optimal temperature, which you can easily check with this measuring kit.","og_url":"https:\/\/stage.nordtec.se\/en\/product\/measuring-instruments\/temperature-gauges\/ir-thermometers\/testo-830-t2-measurement-kit-for-temperature-measurement-in-asphalt\/","og_site_name":"Nordtec","article_publisher":"https:\/\/www.facebook.com\/nordtecinstrument","article_modified_time":"2025-05-06T12:25:46+00:00","og_image":[{"width":800,"height":800,"url":"https:\/\/stage.nordtec.se\/wp-content\/uploads\/2023\/04\/testo-830-T2_asfalt-matset-1_800px.png","type":"image\/png"}],"twitter_card":"summary_large_image","twitter_misc":{"Est. reading time":"2 minutes"},"schema":{"@context":"https:\/\/schema.org","@graph":[{"@type":["WebPage","ItemPage"],"@id":"https:\/\/stage.nordtec.se\/en\/product\/measuring-instruments\/temperature-gauges\/ir-thermometers\/testo-830-t2-measurement-kit-for-temperature-measurement-in-asphalt\/","url":"https:\/\/stage.nordtec.se\/en\/product\/measuring-instruments\/temperature-gauges\/ir-thermometers\/testo-830-t2-measurement-kit-for-temperature-measurement-in-asphalt\/","name":"testo 830-T2 - Measurement kit for temperature measurement in asphalt | Nordtec","isPartOf":{"@id":"https:\/\/stage.nordtec.se\/en\/#website"},"primaryImageOfPage":{"@id":"https:\/\/stage.nordtec.se\/en\/product\/measuring-instruments\/temperature-gauges\/ir-thermometers\/testo-830-t2-measurement-kit-for-temperature-measurement-in-asphalt\/#primaryimage"},"image":{"@id":"https:\/\/stage.nordtec.se\/en\/product\/measuring-instruments\/temperature-gauges\/ir-thermometers\/testo-830-t2-measurement-kit-for-temperature-measurement-in-asphalt\/#primaryimage"},"thumbnailUrl":"https:\/\/stage.nordtec.se\/wp-content\/uploads\/2023\/04\/testo-830-T2_asfalt-matset-1_800px.png","datePublished":"2023-04-28T09:56:26+00:00","dateModified":"2025-05-06T12:25:46+00:00","description":"When laying asphalt, the core temperature of the asphalt needs to maintain an optimal temperature, which you can easily check with this measuring kit.","breadcrumb":{"@id":"https:\/\/stage.nordtec.se\/en\/product\/measuring-instruments\/temperature-gauges\/ir-thermometers\/testo-830-t2-measurement-kit-for-temperature-measurement-in-asphalt\/#breadcrumb"},"inLanguage":"en-US","potentialAction":[{"@type":"ReadAction","target":["https:\/\/stage.nordtec.se\/en\/product\/measuring-instruments\/temperature-gauges\/ir-thermometers\/testo-830-t2-measurement-kit-for-temperature-measurement-in-asphalt\/"]}]},{"@type":"ImageObject","inLanguage":"en-US","@id":"https:\/\/stage.nordtec.se\/en\/product\/measuring-instruments\/temperature-gauges\/ir-thermometers\/testo-830-t2-measurement-kit-for-temperature-measurement-in-asphalt\/#primaryimage","url":"https:\/\/stage.nordtec.se\/wp-content\/uploads\/2023\/04\/testo-830-T2_asfalt-matset-1_800px.png","contentUrl":"https:\/\/stage.nordtec.se\/wp-content\/uploads\/2023\/04\/testo-830-T2_asfalt-matset-1_800px.png","width":800,"height":800,"caption":"testo 830-T2 asphalt measuring kit"},{"@type":"BreadcrumbList","@id":"https:\/\/stage.nordtec.se\/en\/product\/measuring-instruments\/temperature-gauges\/ir-thermometers\/testo-830-t2-measurement-kit-for-temperature-measurement-in-asphalt\/#breadcrumb","itemListElement":[{"@type":"ListItem","position":1,"name":"Hem","item":"https:\/\/stage.nordtec.se\/en\/"},{"@type":"ListItem","position":2,"name":"Shop","item":"https:\/\/stage.nordtec.se\/shop\/?lang=en"},{"@type":"ListItem","position":3,"name":"testo 830-T2 &#8211; Measurement kit for temperature measurement in asphalt"}]},{"@type":"WebSite","@id":"https:\/\/stage.nordtec.se\/en\/#website","url":"https:\/\/stage.nordtec.se\/en\/","name":"Nordtec","description":"Din partner inom m\u00e4tteknik","publisher":{"@id":"https:\/\/stage.nordtec.se\/en\/#organization"},"potentialAction":[{"@type":"SearchAction","target":{"@type":"EntryPoint","urlTemplate":"https:\/\/stage.nordtec.se\/en\/?s={search_term_string}"},"query-input":{"@type":"PropertyValueSpecification","valueRequired":true,"valueName":"search_term_string"}}],"inLanguage":"en-US"},{"@type":"Organization","@id":"https:\/\/stage.nordtec.se\/en\/#organization","name":"Nordtec Instrument AB","url":"https:\/\/stage.nordtec.se\/en\/","logo":{"@type":"ImageObject","inLanguage":"en-US","@id":"https:\/\/stage.nordtec.se\/en\/#\/schema\/logo\/image\/","url":"https:\/\/stage.nordtec.se\/wp-content\/uploads\/2021\/08\/nordtec_logo_rgb-340px.png","contentUrl":"https:\/\/stage.nordtec.se\/wp-content\/uploads\/2021\/08\/nordtec_logo_rgb-340px.png","width":340,"height":75,"caption":"Nordtec Instrument AB"},"image":{"@id":"https:\/\/stage.nordtec.se\/en\/#\/schema\/logo\/image\/"},"sameAs":["https:\/\/www.facebook.com\/nordtecinstrument","https:\/\/www.instagram.com\/nordtec_instrument\/","https:\/\/www.linkedin.com\/company\/nordtec-instrument-ab\/","https:\/\/www.youtube.com\/channel\/UCbmAq3ZmfBKOGg7_igFURng"]}]}},"taxonomy_info":{"product_brand":[{"value":1435,"label":"Testo"}],"product_cat":[{"value":782,"label":"HVAC &amp; Property"},{"value":786,"label":"IR thermometers"},{"value":768,"label":"Measuring instruments"},{"value":778,"label":"Temperature gauges"}],"product_tag":[{"value":866,"label":"Fastighet"},{"value":878,"label":"IR-termometrar"},{"value":965,"label":"\u00d6ver +200 \u00b0C"},{"value":964,"label":"\u00d6ver +50 \u00b0C"},{"value":912,"label":"TE typ K"},{"value":930,"label":"Under -20 \u00b0C"}]},"featured_image_src_large":["https:\/\/stage.nordtec.se\/wp-content\/uploads\/2023\/04\/testo-830-T2_asfalt-matset-1_800px.png",800,800,false],"author_info":[],"comment_info":"","_links":{"self":[{"href":"https:\/\/stage.nordtec.se\/en\/wp-json\/wp\/v2\/product\/40678","targetHints":{"allow":["GET"]}}],"collection":[{"href":"https:\/\/stage.nordtec.se\/en\/wp-json\/wp\/v2\/product"}],"about":[{"href":"https:\/\/stage.nordtec.se\/en\/wp-json\/wp\/v2\/types\/product"}],"version-history":[{"count":1,"href":"https:\/\/stage.nordtec.se\/en\/wp-json\/wp\/v2\/product\/40678\/revisions"}],"predecessor-version":[{"id":43920,"href":"https:\/\/stage.nordtec.se\/en\/wp-json\/wp\/v2\/product\/40678\/revisions\/43920"}],"wp:featuredmedia":[{"embeddable":true,"href":"https:\/\/stage.nordtec.se\/en\/wp-json\/wp\/v2\/media\/40247"}],"wp:attachment":[{"href":"https:\/\/stage.nordtec.se\/en\/wp-json\/wp\/v2\/media?parent=40678"}],"wp:term":[{"taxonomy":"product_brand","embeddable":true,"href":"https:\/\/stage.nordtec.se\/en\/wp-json\/wp\/v2\/product_brand?post=40678"},{"taxonomy":"product_cat","embeddable":true,"href":"https:\/\/stage.nordtec.se\/en\/wp-json\/wp\/v2\/product_cat?post=40678"},{"taxonomy":"product_tag","embeddable":true,"href":"https:\/\/stage.nordtec.se\/en\/wp-json\/wp\/v2\/product_tag?post=40678"}],"curies":[{"name":"wp","href":"https:\/\/api.w.org\/{rel}","templated":true}]}}