{"id":40670,"date":"2023-09-12T11:22:06","date_gmt":"2023-09-12T09:22:06","guid":{"rendered":"https:\/\/stage.nordtec.se\/produkt\/uncategorized\/testo-883-2-with-wide-angle-lens-and-accessories\/"},"modified":"2026-05-07T13:45:58","modified_gmt":"2026-05-07T11:45:58","slug":"testo-883-2-with-wide-angle-lens-and-accessories","status":"publish","type":"product","link":"https:\/\/stage.nordtec.se\/en\/product\/measuring-instruments\/testo-883-2-with-wide-angle-lens-and-accessories\/","title":{"rendered":"testo 883-2 &#8211; with wide-angle lens and accessories"},"content":{"rendered":"<h2>All important information about the thermal imaging camera testo 883-2<\/h2>\n<p>This thermal imaging camera is designed for building and energy consultants. testo 883-2 is a reliable partner for your thermography tasks. The excellent image quality and practical features allow you to save time and perform accurate jobs. Thanks to high thermal image quality, free analysis and reporting software and a wide-angle lens, you can recommend specific measures and save time in the process.<\/p>\n<ul>\n<li>IR resolution of 320 x 240 pixels (with SuperResolution 640 x 480 pixels), manual focus and a very good NETD value of 40 mK guarantee the best image quality &#8211; so you can reliably detect thermal anomalies in installations and buildings&lt;\/li  &gt;<\/li>\n<li>testo IRSoft: analyze the thermal images with the intuitive, professional PC software and quickly create impressive reports<\/li>\n<li>testo ScaleAssist: automatic contrast adjustment to be able to compare thermal images objectively and detect weak points more easily.<\/li>\n<li>testo Thermography app: with the app, your smartphone\/tablet acts as a second screen and remote control for your thermal imaging camera. You can quickly create, send or save reports on-site.<\/li>\n<li>Wide-angle lens for wider field of view in tight spaces<\/li>\n<li>Interchangeable telephoto lens for distant objects and outdoor thermography<\/li>\n<li>Manual focus for sharp thermal images from a distance of 10 cm<\/li>\n<li>Can be controlled via touchscreen and joystick<\/li>\n<li>Wireless transmission of measurements from the seaweed amperemeter or moisture sensor directly in the thermal image via <sup>Bluetooth\u00ae<\/sup>.<\/li>\n<\/ul>\n<h2>Additional benefits for building and energy consultants<\/h2>\n<ul>\n<li>Create professional reports quickly and easily: the report function guides you step by step through the process of creating reports using standard templates. Or you can use the report designer to create custom templates.<\/li>\n<li>Smart: visualize moisture damage risk in weak points directly in the thermal image using traffic light colors (red, yellow, green).<\/li>\n<li>Smart: thermography and live streaming &#8211; with the testo Thermography app, your customer can conveniently follow the measurement on a smartphone\/tablet.<\/li>\n<li>Network: wireless transmission of measured values from the moisture sensor (optional) live in the moisture measurement mode &#8211; your values are always up to date, e.g. in the case of a leak. when you change rooms<\/li>\n<li>Flexible: wide angle, interchangeable telephoto lenses and manual focus for sharper images and more accurate results from different distances.<\/li>\n<\/ul>\n<p><a href=\"https:\/\/stage.nordtec.se\/en\/sectors-and-areas\/presentation-of-thermal-cameras\/\" target=\"_blank\" rel=\"noopener\">Read more about Testo thermal imaging cameras  &gt;&gt;<\/a><\/p>\n<h2>Included in the delivery<\/h2>\n<ul>\n<li>Thermal imaging camera testo 883-2 with wide-angle lens (42\u00b0 x 32\u00b0)<\/li>\n<li>Robust case<\/li>\n<li>Professional software IRSoft (free download)<\/li>\n<li>USB-C cable<\/li>\n<li>USB network device<\/li>\n<li>Rechargeable lithium-ion battery<\/li>\n<li>Carrying strap for the thermal imaging camera<\/li>\n<li>Short manual<\/li>\n<li>Factory protocol<\/li>\n<\/ul>\n<p><span class=\"ui-provider ed ayd aye ayf ayg ayh ayi ayj ayk ayl aym ayn ayo ayp ayq ayr ays ayt ayu ayv ayw ayx ayy ayz aza azb azc azd aze azf azg azh azi azj azk\" dir=\"ltr\"><strong>Fabriksprotokoll:<\/strong>\u00a0utf\u00e4rdas p\u00e5 fabriken efter en kontroll av att produkten fungerar och uppfyller angiven m\u00e4tnoggrannhet. L\u00e4s om <a href=\"https:\/\/stage.nordtec.se\/kalibrering\/iso-9001-kraver-kalibrerad-matutrustning\/\"><u>skillnaden mellan fabriksprotokoll och ackrediterad kalibrering<\/u><\/a>.<\/span><\/p>\n<p><strong>Dessutom ing\u00e5r en kvalificerad termografikurs v\u00e4rde 3 950:-<\/strong><\/p>\n<p><a class=\"button\" href=\"https:\/\/stage.nordtec.se\/en\/courses\/thermography-basic-course\/\">Book a course<\/a><\/p>\n","protected":false},"excerpt":{"rendered":"<p style=\"text-align: left;\">This thermal imaging camera is designed for building and energy consultants.<\/p>\n<ul>\n<li style=\"text-align: left;\">IR resolution of 320 x 240 pixels<\/li>\n<li style=\"text-align: left;\">Incl. wide angle lens (42\u00b0)<\/li>\n<li style=\"text-align: left;\">Full control with manual focus and interchangeable optics<\/li>\n<li><a href=\"https:\/\/stage.nordtec.se\/en\/courses\/thermography-basic-course\/\">Thermography &#8211; basic course included!<\/a><\/li>\n<\/ul>\n","protected":false},"featured_media":38423,"template":"","meta":{"_kad_blocks_custom_css":"","_kad_blocks_head_custom_js":"","_kad_blocks_body_custom_js":"","_kad_blocks_footer_custom_js":"","footnotes":""},"product_brand":[],"product_cat":[768,794],"product_tag":[850],"class_list":{"0":"post-40670","1":"product","2":"type-product","3":"status-publish","4":"has-post-thumbnail","6":"product_cat-measuring-instruments","7":"product_cat-thermal-imagers","8":"product_tag-bluetooth-en","10":"first","11":"onbackorder","12":"taxable","13":"shipping-taxable","14":"purchasable","15":"product-type-simple"},"yoast_head":"<!-- This site is optimized with the Yoast SEO Premium plugin v27.3 (Yoast SEO v27.6) - https:\/\/yoast.com\/product\/yoast-seo-premium-wordpress\/ -->\n<title>testo 883-2 - with wide-angle lens and accessories | Nordtec<\/title>\n<meta name=\"description\" content=\"The testo 883-2 thermal imaging camera has been specially developed for service technicians, property technicians and building and energy consultants.\" \/>\n<meta name=\"robots\" content=\"noindex, follow, max-snippet:-1, max-image-preview:large, max-video-preview:-1\" \/>\n<meta property=\"og:locale\" content=\"en_US\" \/>\n<meta property=\"og:type\" content=\"article\" \/>\n<meta property=\"og:title\" content=\"testo 883-2 - with wide-angle lens and accessories\" \/>\n<meta property=\"og:description\" content=\"The testo 883-2 thermal imaging camera has been specially developed for service technicians, property technicians and building and energy consultants.\" \/>\n<meta property=\"og:url\" content=\"https:\/\/stage.nordtec.se\/en\/product\/measuring-instruments\/testo-883-2-with-wide-angle-lens-and-accessories\/\" \/>\n<meta property=\"og:site_name\" content=\"Nordtec\" \/>\n<meta property=\"article:publisher\" content=\"https:\/\/www.facebook.com\/nordtecinstrument\" \/>\n<meta property=\"article:modified_time\" content=\"2026-05-07T11:45:58+00:00\" \/>\n<meta property=\"og:image\" content=\"https:\/\/stage.nordtec.se\/wp-content\/uploads\/2022\/03\/testo-883-front-left_800px.png\" \/>\n\t<meta property=\"og:image:width\" content=\"800\" \/>\n\t<meta property=\"og:image:height\" content=\"800\" \/>\n\t<meta property=\"og:image:type\" content=\"image\/png\" \/>\n<meta name=\"twitter:card\" content=\"summary_large_image\" \/>\n<meta name=\"twitter:label1\" content=\"Est. reading time\" \/>\n\t<meta name=\"twitter:data1\" content=\"3 minutes\" \/>\n<script type=\"application\/ld+json\" class=\"yoast-schema-graph\">{\"@context\":\"https:\\\/\\\/schema.org\",\"@graph\":[{\"@type\":[\"WebPage\",\"ItemPage\"],\"@id\":\"https:\\\/\\\/stage.nordtec.se\\\/en\\\/product\\\/measuring-instruments\\\/testo-883-2-with-wide-angle-lens-and-accessories\\\/\",\"url\":\"https:\\\/\\\/stage.nordtec.se\\\/en\\\/product\\\/measuring-instruments\\\/testo-883-2-with-wide-angle-lens-and-accessories\\\/\",\"name\":\"testo 883-2 - with wide-angle lens and accessories | Nordtec\",\"isPartOf\":{\"@id\":\"https:\\\/\\\/stage.nordtec.se\\\/en\\\/#website\"},\"primaryImageOfPage\":{\"@id\":\"https:\\\/\\\/stage.nordtec.se\\\/en\\\/product\\\/measuring-instruments\\\/testo-883-2-with-wide-angle-lens-and-accessories\\\/#primaryimage\"},\"image\":{\"@id\":\"https:\\\/\\\/stage.nordtec.se\\\/en\\\/product\\\/measuring-instruments\\\/testo-883-2-with-wide-angle-lens-and-accessories\\\/#primaryimage\"},\"thumbnailUrl\":\"https:\\\/\\\/stage.nordtec.se\\\/wp-content\\\/uploads\\\/2022\\\/03\\\/testo-883-front-left_800px.png\",\"datePublished\":\"2023-09-12T09:22:06+00:00\",\"dateModified\":\"2026-05-07T11:45:58+00:00\",\"description\":\"The testo 883-2 thermal imaging camera has been specially developed for service technicians, property technicians and building and energy consultants.\",\"breadcrumb\":{\"@id\":\"https:\\\/\\\/stage.nordtec.se\\\/en\\\/product\\\/measuring-instruments\\\/testo-883-2-with-wide-angle-lens-and-accessories\\\/#breadcrumb\"},\"inLanguage\":\"en-US\",\"potentialAction\":[{\"@type\":\"ReadAction\",\"target\":[\"https:\\\/\\\/stage.nordtec.se\\\/en\\\/product\\\/measuring-instruments\\\/testo-883-2-with-wide-angle-lens-and-accessories\\\/\"]}]},{\"@type\":\"ImageObject\",\"inLanguage\":\"en-US\",\"@id\":\"https:\\\/\\\/stage.nordtec.se\\\/en\\\/product\\\/measuring-instruments\\\/testo-883-2-with-wide-angle-lens-and-accessories\\\/#primaryimage\",\"url\":\"https:\\\/\\\/stage.nordtec.se\\\/wp-content\\\/uploads\\\/2022\\\/03\\\/testo-883-front-left_800px.png\",\"contentUrl\":\"https:\\\/\\\/stage.nordtec.se\\\/wp-content\\\/uploads\\\/2022\\\/03\\\/testo-883-front-left_800px.png\",\"width\":800,\"height\":800,\"caption\":\"Thermal imaging camera testo 883 left\"},{\"@type\":\"BreadcrumbList\",\"@id\":\"https:\\\/\\\/stage.nordtec.se\\\/en\\\/product\\\/measuring-instruments\\\/testo-883-2-with-wide-angle-lens-and-accessories\\\/#breadcrumb\",\"itemListElement\":[{\"@type\":\"ListItem\",\"position\":1,\"name\":\"Hem\",\"item\":\"https:\\\/\\\/stage.nordtec.se\\\/en\\\/\"},{\"@type\":\"ListItem\",\"position\":2,\"name\":\"Shop\",\"item\":\"https:\\\/\\\/stage.nordtec.se\\\/shop\\\/?lang=en\"},{\"@type\":\"ListItem\",\"position\":3,\"name\":\"testo 883-2 &#8211; with wide-angle lens and accessories\"}]},{\"@type\":\"WebSite\",\"@id\":\"https:\\\/\\\/stage.nordtec.se\\\/en\\\/#website\",\"url\":\"https:\\\/\\\/stage.nordtec.se\\\/en\\\/\",\"name\":\"Nordtec\",\"description\":\"Din partner inom m\u00e4tteknik\",\"publisher\":{\"@id\":\"https:\\\/\\\/stage.nordtec.se\\\/en\\\/#organization\"},\"potentialAction\":[{\"@type\":\"SearchAction\",\"target\":{\"@type\":\"EntryPoint\",\"urlTemplate\":\"https:\\\/\\\/stage.nordtec.se\\\/en\\\/?s={search_term_string}\"},\"query-input\":{\"@type\":\"PropertyValueSpecification\",\"valueRequired\":true,\"valueName\":\"search_term_string\"}}],\"inLanguage\":\"en-US\"},{\"@type\":\"Organization\",\"@id\":\"https:\\\/\\\/stage.nordtec.se\\\/en\\\/#organization\",\"name\":\"Nordtec Instrument AB\",\"url\":\"https:\\\/\\\/stage.nordtec.se\\\/en\\\/\",\"logo\":{\"@type\":\"ImageObject\",\"inLanguage\":\"en-US\",\"@id\":\"https:\\\/\\\/stage.nordtec.se\\\/en\\\/#\\\/schema\\\/logo\\\/image\\\/\",\"url\":\"https:\\\/\\\/stage.nordtec.se\\\/wp-content\\\/uploads\\\/2021\\\/08\\\/nordtec_logo_rgb-340px.png\",\"contentUrl\":\"https:\\\/\\\/stage.nordtec.se\\\/wp-content\\\/uploads\\\/2021\\\/08\\\/nordtec_logo_rgb-340px.png\",\"width\":340,\"height\":75,\"caption\":\"Nordtec Instrument AB\"},\"image\":{\"@id\":\"https:\\\/\\\/stage.nordtec.se\\\/en\\\/#\\\/schema\\\/logo\\\/image\\\/\"},\"sameAs\":[\"https:\\\/\\\/www.facebook.com\\\/nordtecinstrument\",\"https:\\\/\\\/www.instagram.com\\\/nordtec_instrument\\\/\",\"https:\\\/\\\/www.linkedin.com\\\/company\\\/nordtec-instrument-ab\\\/\",\"https:\\\/\\\/www.youtube.com\\\/channel\\\/UCbmAq3ZmfBKOGg7_igFURng\"]}]}<\/script>\n<!-- \/ Yoast SEO Premium plugin. -->","yoast_head_json":{"title":"testo 883-2 - with wide-angle lens and accessories | Nordtec","description":"The testo 883-2 thermal imaging camera has been specially developed for service technicians, property technicians and building and energy consultants.","robots":{"index":"noindex","follow":"follow","max-snippet":"max-snippet:-1","max-image-preview":"max-image-preview:large","max-video-preview":"max-video-preview:-1"},"og_locale":"en_US","og_type":"article","og_title":"testo 883-2 - with wide-angle lens and accessories","og_description":"The testo 883-2 thermal imaging camera has been specially developed for service technicians, property technicians and building and energy consultants.","og_url":"https:\/\/stage.nordtec.se\/en\/product\/measuring-instruments\/testo-883-2-with-wide-angle-lens-and-accessories\/","og_site_name":"Nordtec","article_publisher":"https:\/\/www.facebook.com\/nordtecinstrument","article_modified_time":"2026-05-07T11:45:58+00:00","og_image":[{"width":800,"height":800,"url":"https:\/\/stage.nordtec.se\/wp-content\/uploads\/2022\/03\/testo-883-front-left_800px.png","type":"image\/png"}],"twitter_card":"summary_large_image","twitter_misc":{"Est. reading time":"3 minutes"},"schema":{"@context":"https:\/\/schema.org","@graph":[{"@type":["WebPage","ItemPage"],"@id":"https:\/\/stage.nordtec.se\/en\/product\/measuring-instruments\/testo-883-2-with-wide-angle-lens-and-accessories\/","url":"https:\/\/stage.nordtec.se\/en\/product\/measuring-instruments\/testo-883-2-with-wide-angle-lens-and-accessories\/","name":"testo 883-2 - with wide-angle lens and accessories | Nordtec","isPartOf":{"@id":"https:\/\/stage.nordtec.se\/en\/#website"},"primaryImageOfPage":{"@id":"https:\/\/stage.nordtec.se\/en\/product\/measuring-instruments\/testo-883-2-with-wide-angle-lens-and-accessories\/#primaryimage"},"image":{"@id":"https:\/\/stage.nordtec.se\/en\/product\/measuring-instruments\/testo-883-2-with-wide-angle-lens-and-accessories\/#primaryimage"},"thumbnailUrl":"https:\/\/stage.nordtec.se\/wp-content\/uploads\/2022\/03\/testo-883-front-left_800px.png","datePublished":"2023-09-12T09:22:06+00:00","dateModified":"2026-05-07T11:45:58+00:00","description":"The testo 883-2 thermal imaging camera has been specially developed for service technicians, property technicians and building and energy consultants.","breadcrumb":{"@id":"https:\/\/stage.nordtec.se\/en\/product\/measuring-instruments\/testo-883-2-with-wide-angle-lens-and-accessories\/#breadcrumb"},"inLanguage":"en-US","potentialAction":[{"@type":"ReadAction","target":["https:\/\/stage.nordtec.se\/en\/product\/measuring-instruments\/testo-883-2-with-wide-angle-lens-and-accessories\/"]}]},{"@type":"ImageObject","inLanguage":"en-US","@id":"https:\/\/stage.nordtec.se\/en\/product\/measuring-instruments\/testo-883-2-with-wide-angle-lens-and-accessories\/#primaryimage","url":"https:\/\/stage.nordtec.se\/wp-content\/uploads\/2022\/03\/testo-883-front-left_800px.png","contentUrl":"https:\/\/stage.nordtec.se\/wp-content\/uploads\/2022\/03\/testo-883-front-left_800px.png","width":800,"height":800,"caption":"Thermal imaging camera testo 883 left"},{"@type":"BreadcrumbList","@id":"https:\/\/stage.nordtec.se\/en\/product\/measuring-instruments\/testo-883-2-with-wide-angle-lens-and-accessories\/#breadcrumb","itemListElement":[{"@type":"ListItem","position":1,"name":"Hem","item":"https:\/\/stage.nordtec.se\/en\/"},{"@type":"ListItem","position":2,"name":"Shop","item":"https:\/\/stage.nordtec.se\/shop\/?lang=en"},{"@type":"ListItem","position":3,"name":"testo 883-2 &#8211; with wide-angle lens and accessories"}]},{"@type":"WebSite","@id":"https:\/\/stage.nordtec.se\/en\/#website","url":"https:\/\/stage.nordtec.se\/en\/","name":"Nordtec","description":"Din partner inom m\u00e4tteknik","publisher":{"@id":"https:\/\/stage.nordtec.se\/en\/#organization"},"potentialAction":[{"@type":"SearchAction","target":{"@type":"EntryPoint","urlTemplate":"https:\/\/stage.nordtec.se\/en\/?s={search_term_string}"},"query-input":{"@type":"PropertyValueSpecification","valueRequired":true,"valueName":"search_term_string"}}],"inLanguage":"en-US"},{"@type":"Organization","@id":"https:\/\/stage.nordtec.se\/en\/#organization","name":"Nordtec Instrument AB","url":"https:\/\/stage.nordtec.se\/en\/","logo":{"@type":"ImageObject","inLanguage":"en-US","@id":"https:\/\/stage.nordtec.se\/en\/#\/schema\/logo\/image\/","url":"https:\/\/stage.nordtec.se\/wp-content\/uploads\/2021\/08\/nordtec_logo_rgb-340px.png","contentUrl":"https:\/\/stage.nordtec.se\/wp-content\/uploads\/2021\/08\/nordtec_logo_rgb-340px.png","width":340,"height":75,"caption":"Nordtec Instrument AB"},"image":{"@id":"https:\/\/stage.nordtec.se\/en\/#\/schema\/logo\/image\/"},"sameAs":["https:\/\/www.facebook.com\/nordtecinstrument","https:\/\/www.instagram.com\/nordtec_instrument\/","https:\/\/www.linkedin.com\/company\/nordtec-instrument-ab\/","https:\/\/www.youtube.com\/channel\/UCbmAq3ZmfBKOGg7_igFURng"]}]}},"taxonomy_info":{"product_cat":[{"value":768,"label":"Measuring instruments"},{"value":794,"label":"Thermal imagers"}],"product_tag":[{"value":850,"label":"Bluetooth"}]},"featured_image_src_large":["https:\/\/stage.nordtec.se\/wp-content\/uploads\/2022\/03\/testo-883-front-left_800px.png",800,800,false],"author_info":[],"comment_info":"","_links":{"self":[{"href":"https:\/\/stage.nordtec.se\/en\/wp-json\/wp\/v2\/product\/40670","targetHints":{"allow":["GET"]}}],"collection":[{"href":"https:\/\/stage.nordtec.se\/en\/wp-json\/wp\/v2\/product"}],"about":[{"href":"https:\/\/stage.nordtec.se\/en\/wp-json\/wp\/v2\/types\/product"}],"version-history":[{"count":8,"href":"https:\/\/stage.nordtec.se\/en\/wp-json\/wp\/v2\/product\/40670\/revisions"}],"predecessor-version":[{"id":60891,"href":"https:\/\/stage.nordtec.se\/en\/wp-json\/wp\/v2\/product\/40670\/revisions\/60891"}],"wp:featuredmedia":[{"embeddable":true,"href":"https:\/\/stage.nordtec.se\/en\/wp-json\/wp\/v2\/media\/38423"}],"wp:attachment":[{"href":"https:\/\/stage.nordtec.se\/en\/wp-json\/wp\/v2\/media?parent=40670"}],"wp:term":[{"taxonomy":"product_brand","embeddable":true,"href":"https:\/\/stage.nordtec.se\/en\/wp-json\/wp\/v2\/product_brand?post=40670"},{"taxonomy":"product_cat","embeddable":true,"href":"https:\/\/stage.nordtec.se\/en\/wp-json\/wp\/v2\/product_cat?post=40670"},{"taxonomy":"product_tag","embeddable":true,"href":"https:\/\/stage.nordtec.se\/en\/wp-json\/wp\/v2\/product_tag?post=40670"}],"curies":[{"name":"wp","href":"https:\/\/api.w.org\/{rel}","templated":true}]}}